{"id":16715,"date":"2025-05-13T01:47:45","date_gmt":"2025-05-13T01:47:45","guid":{"rendered":"https:\/\/edimeinter.com\/libreria\/?post_type=product&#038;p=16715"},"modified":"2025-05-13T01:50:44","modified_gmt":"2025-05-13T01:50:44","slug":"manual-washington-de-especialidades-clinicas-gastroenterologia-4a-edicion","status":"publish","type":"product","link":"https:\/\/edimeinter.com\/libreria\/product\/manual-washington-de-especialidades-clinicas-gastroenterologia-4a-edicion\/","title":{"rendered":"Manual Washington de especialidades cl\u00ednicas. Gastroenterolog\u00eda. 4\u00aa Edici\u00f3n"},"content":{"rendered":"\t\t<div data-elementor-type=\"wp-post\" data-elementor-id=\"16715\" class=\"elementor elementor-16715\">\n\t\t\t\t<div class=\"elementor-element elementor-element-2612b12 e-flex e-con-boxed e-con e-parent\" data-id=\"2612b12\" data-element_type=\"container\" data-e-type=\"container\">\n\t\t\t\t\t<div class=\"e-con-inner\">\n\t\t\n\t\t<div class=\"elementor-element elementor-element-498707ae elementor-widget elementor-widget-text-editor\" data-id=\"498707ae\" data-element_type=\"widget\" data-e-type=\"widget\" data-widget_type=\"text-editor.default\">\n\t\t\t\t<div class=\"elementor-widget-container\">\n\t\t\t\t\t\t\t\t\t<div class=\"accordion-content ad-show on\"><b>Manual Washington\u00ae de especialidades cl\u00ednicas: Gastroenterolog\u00eda\u00a0<\/b>presenta a m\u00e9dicos residentes de gastroenterolog\u00eda y a estudiantes de medicina en rotaciones cl\u00ednicas los principios para la atenci\u00f3n de las afecciones que alteran la funci\u00f3n gastrointestinal, as\u00ed como su manejo intrahospitalario y ambulatorio. El texto recoge, en el popular formato de la serie Washington\u00ae, los principales abordajes para evaluar y tratar a los pacientes, con el fin de ayudar a perfeccionar las habilidades diagn\u00f3sticas del lector, darle a conocer un mayor n\u00famero de opciones terap\u00e9uticas y ayudarle a mejorar los resultados del tratamiento.<br \/>Los distintos cap\u00edtulos de esta 4.\u00aa edici\u00f3n, redactados por especialistas de la Washington University, se dividen en dos amplias secciones. La primera aborda la sintomatolog\u00eda m\u00e1s frecuente de los problemas digestivos (disfagia, n\u00e1usea y v\u00f3mito, diarrea, estre\u00f1imiento, etc.). En la segunda secci\u00f3n se cubren las afecciones gastrointestinales m\u00e1s frecuentes organizadas por regi\u00f3n anat\u00f3mica.<\/div>\t\t\t\t\t\t\t\t<\/div>\n\t\t\t\t<\/div>\n\t\t\t\t\t<\/div>\n\t\t\t\t<\/div>\n\t\t\t\t<\/div>\n\t\t","protected":false},"excerpt":{"rendered":"<p><strong>Autores:<\/strong> Chandra Gyawali MD<br \/>\n<strong>ISBN:<\/strong> 9788418257797<br \/>\n<strong>Editorial:<\/strong>\u00a0WOLTERS KLUWER<br \/>\n<strong>Edici\u00f3n:<\/strong> 4\u00aa<br \/>\n<strong>Especialidad<\/strong>: Gastroenterolog\u00eda<br \/>\n<strong>P\u00e1ginas<\/strong>: 368<br \/>\n\u00a9 2021<\/p>\n","protected":false},"featured_media":16716,"comment_status":"open","ping_status":"closed","template":"","meta":{"_joinchat":[]},"product_cat":[168],"product_tag":[169,92],"class_list":{"0":"post-16715","1":"product","2":"type-product","3":"status-publish","4":"has-post-thumbnail","6":"product_cat-gastroenterologia","7":"product_tag-gastroenterologia","8":"product_tag-wolters-kluwer","10":"first","11":"instock","12":"featured","13":"taxable","14":"shipping-taxable","15":"purchasable","16":"product-type-simple"},"_links":{"self":[{"href":"https:\/\/edimeinter.com\/libreria\/wp-json\/wp\/v2\/product\/16715","targetHints":{"allow":["GET"]}}],"collection":[{"href":"https:\/\/edimeinter.com\/libreria\/wp-json\/wp\/v2\/product"}],"about":[{"href":"https:\/\/edimeinter.com\/libreria\/wp-json\/wp\/v2\/types\/product"}],"replies":[{"embeddable":true,"href":"https:\/\/edimeinter.com\/libreria\/wp-json\/wp\/v2\/comments?post=16715"}],"version-history":[{"count":4,"href":"https:\/\/edimeinter.com\/libreria\/wp-json\/wp\/v2\/product\/16715\/revisions"}],"predecessor-version":[{"id":16720,"href":"https:\/\/edimeinter.com\/libreria\/wp-json\/wp\/v2\/product\/16715\/revisions\/16720"}],"wp:featuredmedia":[{"embeddable":true,"href":"https:\/\/edimeinter.com\/libreria\/wp-json\/wp\/v2\/media\/16716"}],"wp:attachment":[{"href":"https:\/\/edimeinter.com\/libreria\/wp-json\/wp\/v2\/media?parent=16715"}],"wp:term":[{"taxonomy":"product_cat","embeddable":true,"href":"https:\/\/edimeinter.com\/libreria\/wp-json\/wp\/v2\/product_cat?post=16715"},{"taxonomy":"product_tag","embeddable":true,"href":"https:\/\/edimeinter.com\/libreria\/wp-json\/wp\/v2\/product_tag?post=16715"}],"curies":[{"name":"wp","href":"https:\/\/api.w.org\/{rel}","templated":true}]}}