{"id":16721,"date":"2025-05-13T01:51:21","date_gmt":"2025-05-13T01:51:21","guid":{"rendered":"https:\/\/edimeinter.com\/libreria\/?post_type=product&#038;p=16721"},"modified":"2025-05-13T01:55:14","modified_gmt":"2025-05-13T01:55:14","slug":"cloherty-y-stark-manual-de-neonatologia-9a-edicion","status":"publish","type":"product","link":"https:\/\/edimeinter.com\/libreria\/product\/cloherty-y-stark-manual-de-neonatologia-9a-edicion\/","title":{"rendered":"Cloherty y Stark. Manual de neonatolog\u00eda. 9\u00aa Edici\u00f3n"},"content":{"rendered":"\t\t<div data-elementor-type=\"wp-post\" data-elementor-id=\"16721\" class=\"elementor elementor-16721\">\n\t\t\t\t<div class=\"elementor-element elementor-element-2612b12 e-flex e-con-boxed e-con e-parent\" data-id=\"2612b12\" data-element_type=\"container\" data-e-type=\"container\">\n\t\t\t\t\t<div class=\"e-con-inner\">\n\t\t\n\t\t<div class=\"elementor-element elementor-element-498707ae elementor-widget elementor-widget-text-editor\" data-id=\"498707ae\" data-element_type=\"widget\" data-e-type=\"widget\" data-widget_type=\"text-editor.default\">\n\t\t\t\t<div class=\"elementor-widget-container\">\n\t\t\t\t\t\t\t\t\t<div class=\"accordion-content ad-show on\"><ul><li id=\"review_ratings\"><div class=\"accordion-content ad-show on\">Pr\u00e1ctico, informativo y f\u00e1cil de leer, Cloherty y Stark. Manual de neonatolog\u00eda ofrece un enfoque actualizado del diagn\u00f3stico y el tratamiento m\u00e9dico de las condiciones y afecciones m\u00e1s frecuentes y complejas que se presentan en el reci\u00e9n nacido durante el periodo neonatal. Creado por expertos provenientes de los principales departamentos y programas de ense\u00f1anza de neonatolog\u00eda en Estados Unidos, y editado por los doctores Eichenwald, Hansen, Martin y Stark, este popular manual ha sido actualizado en su totalidad para reflejar los avances m\u00e1s recientes en el campo, proporcionando a los m\u00e9dicos de las unidades de cuidados intensivos neonatales (UCIN), a los residentes de pediatr\u00eda y neonatolog\u00eda, y al personal de enfermer\u00eda neonatal una gu\u00eda concisa y de acceso r\u00e1pido a la informaci\u00f3n clave sobre la atenci\u00f3n integral del neonato.<br \/>Esta 9.\u00aa edici\u00f3n describe los enfoques actuales y pr\u00e1cticos para la evaluaci\u00f3n y el tratamiento de las afecciones del feto y neonato, tal como se practican en servicios cl\u00ednicos que incluyen la atenci\u00f3n prenatal y posnatal de lactantes con problemas m\u00e9dicos y quir\u00fargicos, tanto rutinarios como complejos. Adem\u00e1s, incluye abundante contenido de apoyo para familiares del binomio neonatal: lactancia materna, cuidados del desarrollo, duelo y toma de decisiones, y dilemas \u00e9ticos.<\/div><\/li><\/ul><\/div>\t\t\t\t\t\t\t\t<\/div>\n\t\t\t\t<\/div>\n\t\t\t\t\t<\/div>\n\t\t\t\t<\/div>\n\t\t\t\t<\/div>\n\t\t","protected":false},"excerpt":{"rendered":"<p><strong>Autores:<\/strong> Anne R. Hansen MD, MPH, Ann R. Stark , Eric C. Eichenwald MD, Camilia R. Martin MD<br \/>\n<strong>ISBN:<\/strong> 9788419284655<br \/>\n<strong>Editorial:<\/strong>\u00a0WOLTERS KLUWER<br \/>\n<strong>Edici\u00f3n:<\/strong> 9\u00aa<br \/>\n<strong>Especialidad<\/strong>: Pediatr\u00eda y Neonatolog\u00eda<br \/>\n<strong>P\u00e1ginas<\/strong>: 1182<br \/>\n\u00a9 2023<\/p>\n","protected":false},"featured_media":16722,"comment_status":"open","ping_status":"closed","template":"","meta":{"_joinchat":[]},"product_cat":[130],"product_tag":[131,92],"class_list":{"0":"post-16721","1":"product","2":"type-product","3":"status-publish","4":"has-post-thumbnail","6":"product_cat-pediatria-y-neonatologia","7":"product_tag-pediatria-y-neonatologia","8":"product_tag-wolters-kluwer","10":"first","11":"instock","12":"featured","13":"taxable","14":"shipping-taxable","15":"purchasable","16":"product-type-simple"},"_links":{"self":[{"href":"https:\/\/edimeinter.com\/libreria\/wp-json\/wp\/v2\/product\/16721","targetHints":{"allow":["GET"]}}],"collection":[{"href":"https:\/\/edimeinter.com\/libreria\/wp-json\/wp\/v2\/product"}],"about":[{"href":"https:\/\/edimeinter.com\/libreria\/wp-json\/wp\/v2\/types\/product"}],"replies":[{"embeddable":true,"href":"https:\/\/edimeinter.com\/libreria\/wp-json\/wp\/v2\/comments?post=16721"}],"version-history":[{"count":4,"href":"https:\/\/edimeinter.com\/libreria\/wp-json\/wp\/v2\/product\/16721\/revisions"}],"predecessor-version":[{"id":16726,"href":"https:\/\/edimeinter.com\/libreria\/wp-json\/wp\/v2\/product\/16721\/revisions\/16726"}],"wp:featuredmedia":[{"embeddable":true,"href":"https:\/\/edimeinter.com\/libreria\/wp-json\/wp\/v2\/media\/16722"}],"wp:attachment":[{"href":"https:\/\/edimeinter.com\/libreria\/wp-json\/wp\/v2\/media?parent=16721"}],"wp:term":[{"taxonomy":"product_cat","embeddable":true,"href":"https:\/\/edimeinter.com\/libreria\/wp-json\/wp\/v2\/product_cat?post=16721"},{"taxonomy":"product_tag","embeddable":true,"href":"https:\/\/edimeinter.com\/libreria\/wp-json\/wp\/v2\/product_tag?post=16721"}],"curies":[{"name":"wp","href":"https:\/\/api.w.org\/{rel}","templated":true}]}}