{"id":16727,"date":"2025-05-13T01:56:01","date_gmt":"2025-05-13T01:56:01","guid":{"rendered":"https:\/\/edimeinter.com\/libreria\/?post_type=product&#038;p=16727"},"modified":"2025-05-13T01:59:24","modified_gmt":"2025-05-13T01:59:24","slug":"diagnostico-medico-en-pediatria-casos-clinicos-1a-edicion","status":"publish","type":"product","link":"https:\/\/edimeinter.com\/libreria\/product\/diagnostico-medico-en-pediatria-casos-clinicos-1a-edicion\/","title":{"rendered":"Diagn\u00f3stico m\u00e9dico en pediatr\u00eda. Casos cl\u00ednicos. 1\u00aa Edici\u00f3n"},"content":{"rendered":"\t\t<div data-elementor-type=\"wp-post\" data-elementor-id=\"16727\" class=\"elementor elementor-16727\">\n\t\t\t\t<div class=\"elementor-element elementor-element-2612b12 e-flex e-con-boxed e-con e-parent\" data-id=\"2612b12\" data-element_type=\"container\" data-e-type=\"container\">\n\t\t\t\t\t<div class=\"e-con-inner\">\n\t\t\n\t\t<div class=\"elementor-element elementor-element-498707ae elementor-widget elementor-widget-text-editor\" data-id=\"498707ae\" data-element_type=\"widget\" data-e-type=\"widget\" data-widget_type=\"text-editor.default\">\n\t\t\t\t<div class=\"elementor-widget-container\">\n\t\t\t\t\t\t\t\t\t<div class=\"accordion-content ad-show on\"><div class=\"accordion-content ad-show on\">A trav\u00e9s de una presentaci\u00f3n pr\u00e1ctica basada en casos cl\u00ednicos,\u00a0<b>Diagn\u00f3stico M\u00e9dico en Pediatr\u00eda. Casos cl\u00ednicos<\/b>\u00a0ayuda al lector a desarrollar sus habilidades diagn\u00f3sticas, a adquirir m\u00e1s conocimientos a trav\u00e9s de casos interesantes y a mejorar el pensamiento cr\u00edtico para llegar a un diagn\u00f3stico correcto. El Dr. Andrew J. White, vicepresidente de educaci\u00f3n y director del programa de residencia de la Washington University en St. Louis, presenta docenas de casos cl\u00ednicos reales acompa\u00f1ados de fotograf\u00edas a todo color. Esta colecci\u00f3n \u00fanica de casos es un recurso inestimable para pediatras, residentes, estudiantes de medicina y para los profesionales de la salud que atienden a pacientes pedi\u00e1tricos.<br \/>La obra, desarrollada en 88 cap\u00edtulos, expone en cada uno de ellos un caso cl\u00ednico en un lenguaje amigable y f\u00e1cil de entender. Cada caso inicia con el motivo principal de consulta, antecedentes de la enfermedad, antecedentes m\u00e9dicos, exploraci\u00f3n f\u00edsica, consideraciones diagn\u00f3sticas, diagn\u00f3stico y puntos de ense\u00f1anza, y culmina con lecturas recomendadas, todo profusamente ilustrado.<\/div><\/div>\t\t\t\t\t\t\t\t<\/div>\n\t\t\t\t<\/div>\n\t\t\t\t\t<\/div>\n\t\t\t\t<\/div>\n\t\t\t\t<\/div>\n\t\t","protected":false},"excerpt":{"rendered":"<p><strong>Autores:<\/strong> Andrew White MD<br \/>\n<strong>ISBN:<\/strong> 9788418892615<br \/>\n<strong>Editorial:<\/strong>\u00a0WOLTERS KLUWER<br \/>\n<strong>Edici\u00f3n:<\/strong> 1\u00aa<br \/>\n<strong>Especialidad<\/strong>: Pediatr\u00eda y Neonatolog\u00eda<br \/>\n<strong>P\u00e1ginas<\/strong>: 324<br \/>\n\u00a9 2022<\/p>\n","protected":false},"featured_media":16728,"comment_status":"open","ping_status":"closed","template":"","meta":{"_joinchat":[]},"product_cat":[130],"product_tag":[131,92],"class_list":{"0":"post-16727","1":"product","2":"type-product","3":"status-publish","4":"has-post-thumbnail","6":"product_cat-pediatria-y-neonatologia","7":"product_tag-pediatria-y-neonatologia","8":"product_tag-wolters-kluwer","10":"first","11":"instock","12":"featured","13":"taxable","14":"shipping-taxable","15":"purchasable","16":"product-type-simple"},"_links":{"self":[{"href":"https:\/\/edimeinter.com\/libreria\/wp-json\/wp\/v2\/product\/16727","targetHints":{"allow":["GET"]}}],"collection":[{"href":"https:\/\/edimeinter.com\/libreria\/wp-json\/wp\/v2\/product"}],"about":[{"href":"https:\/\/edimeinter.com\/libreria\/wp-json\/wp\/v2\/types\/product"}],"replies":[{"embeddable":true,"href":"https:\/\/edimeinter.com\/libreria\/wp-json\/wp\/v2\/comments?post=16727"}],"version-history":[{"count":4,"href":"https:\/\/edimeinter.com\/libreria\/wp-json\/wp\/v2\/product\/16727\/revisions"}],"predecessor-version":[{"id":16732,"href":"https:\/\/edimeinter.com\/libreria\/wp-json\/wp\/v2\/product\/16727\/revisions\/16732"}],"wp:featuredmedia":[{"embeddable":true,"href":"https:\/\/edimeinter.com\/libreria\/wp-json\/wp\/v2\/media\/16728"}],"wp:attachment":[{"href":"https:\/\/edimeinter.com\/libreria\/wp-json\/wp\/v2\/media?parent=16727"}],"wp:term":[{"taxonomy":"product_cat","embeddable":true,"href":"https:\/\/edimeinter.com\/libreria\/wp-json\/wp\/v2\/product_cat?post=16727"},{"taxonomy":"product_tag","embeddable":true,"href":"https:\/\/edimeinter.com\/libreria\/wp-json\/wp\/v2\/product_tag?post=16727"}],"curies":[{"name":"wp","href":"https:\/\/api.w.org\/{rel}","templated":true}]}}