{"id":16733,"date":"2025-05-13T02:00:03","date_gmt":"2025-05-13T02:00:03","guid":{"rendered":"https:\/\/edimeinter.com\/libreria\/?post_type=product&#038;p=16733"},"modified":"2025-05-13T02:02:58","modified_gmt":"2025-05-13T02:02:58","slug":"manual-washington-de-pediatria-3a-edicion","status":"publish","type":"product","link":"https:\/\/edimeinter.com\/libreria\/product\/manual-washington-de-pediatria-3a-edicion\/","title":{"rendered":"Manual Washington de Pediatr\u00eda. 3\u00aa Edici\u00f3n"},"content":{"rendered":"\t\t<div data-elementor-type=\"wp-post\" data-elementor-id=\"16733\" class=\"elementor elementor-16733\">\n\t\t\t\t<div class=\"elementor-element elementor-element-2612b12 e-flex e-con-boxed e-con e-parent\" data-id=\"2612b12\" data-element_type=\"container\" data-e-type=\"container\">\n\t\t\t\t\t<div class=\"e-con-inner\">\n\t\t\n\t\t<div class=\"elementor-element elementor-element-498707ae elementor-widget elementor-widget-text-editor\" data-id=\"498707ae\" data-element_type=\"widget\" data-e-type=\"widget\" data-widget_type=\"text-editor.default\">\n\t\t\t\t<div class=\"elementor-widget-container\">\n\t\t\t\t\t\t\t\t\t<div class=\"accordion-content ad-show on\"><div class=\"accordion-content ad-show on\">La 3.\u00aa edici\u00f3n del\u00a0<b>Manual Washington\u00ae de Pediatr\u00eda<\/b>, del Dr. Andrew J. White, se centra en la informaci\u00f3n necesaria esencial para la atenci\u00f3n pedi\u00e1trica en el hospital, la UCI, el servicio de urgencias o la consulta externa de subespecialidades. Adem\u00e1s, ofrece un contenido conciso y de alto rendimiento que refleja los avances m\u00e1s recientes en este campo.<br \/>Dividido en 31 cap\u00edtulos y 7 ap\u00e9ndices, este pr\u00e1ctico volumen presenta un enfoque breve y l\u00f3gico para el diagn\u00f3stico y tratamiento de los problemas pedi\u00e1tricos m\u00e1s comunes de los pacientes hospitalizados, as\u00ed como referencias basadas en la evidencia. Tambi\u00e9n aborda los retos habituales a los que se enfrentan residentes, internos, pediatras y estudiantes de medicina, adem\u00e1s de ofrecer soluciones pr\u00e1cticas y orientaci\u00f3n experta, todo ello en un recurso port\u00e1til y f\u00e1cil de usar.<\/div><\/div>\t\t\t\t\t\t\t\t<\/div>\n\t\t\t\t<\/div>\n\t\t\t\t\t<\/div>\n\t\t\t\t<\/div>\n\t\t\t\t<\/div>\n\t\t","protected":false},"excerpt":{"rendered":"<p><strong>Autores:<\/strong> Andrew White MD<br \/>\n<strong>ISBN:<\/strong> 9788419284297<br \/>\n<strong>Editorial:<\/strong>\u00a0WOLTERS KLUWER<br \/>\n<strong>Edici\u00f3n:<\/strong> 3\u00aa<br \/>\n<strong>Especialidad<\/strong>: Pediatr\u00eda y Neonatolog\u00eda<br \/>\n<strong>P\u00e1ginas<\/strong>: 736<br \/>\n\u00a9 2023<\/p>\n","protected":false},"featured_media":16734,"comment_status":"open","ping_status":"closed","template":"","meta":{"_joinchat":[]},"product_cat":[130],"product_tag":[131,92],"class_list":{"0":"post-16733","1":"product","2":"type-product","3":"status-publish","4":"has-post-thumbnail","6":"product_cat-pediatria-y-neonatologia","7":"product_tag-pediatria-y-neonatologia","8":"product_tag-wolters-kluwer","10":"first","11":"instock","12":"featured","13":"taxable","14":"shipping-taxable","15":"purchasable","16":"product-type-simple"},"_links":{"self":[{"href":"https:\/\/edimeinter.com\/libreria\/wp-json\/wp\/v2\/product\/16733","targetHints":{"allow":["GET"]}}],"collection":[{"href":"https:\/\/edimeinter.com\/libreria\/wp-json\/wp\/v2\/product"}],"about":[{"href":"https:\/\/edimeinter.com\/libreria\/wp-json\/wp\/v2\/types\/product"}],"replies":[{"embeddable":true,"href":"https:\/\/edimeinter.com\/libreria\/wp-json\/wp\/v2\/comments?post=16733"}],"version-history":[{"count":4,"href":"https:\/\/edimeinter.com\/libreria\/wp-json\/wp\/v2\/product\/16733\/revisions"}],"predecessor-version":[{"id":16738,"href":"https:\/\/edimeinter.com\/libreria\/wp-json\/wp\/v2\/product\/16733\/revisions\/16738"}],"wp:featuredmedia":[{"embeddable":true,"href":"https:\/\/edimeinter.com\/libreria\/wp-json\/wp\/v2\/media\/16734"}],"wp:attachment":[{"href":"https:\/\/edimeinter.com\/libreria\/wp-json\/wp\/v2\/media?parent=16733"}],"wp:term":[{"taxonomy":"product_cat","embeddable":true,"href":"https:\/\/edimeinter.com\/libreria\/wp-json\/wp\/v2\/product_cat?post=16733"},{"taxonomy":"product_tag","embeddable":true,"href":"https:\/\/edimeinter.com\/libreria\/wp-json\/wp\/v2\/product_tag?post=16733"}],"curies":[{"name":"wp","href":"https:\/\/api.w.org\/{rel}","templated":true}]}}