{"id":16739,"date":"2025-05-13T02:03:53","date_gmt":"2025-05-13T02:03:53","guid":{"rendered":"https:\/\/edimeinter.com\/libreria\/?post_type=product&#038;p=16739"},"modified":"2025-05-13T02:09:36","modified_gmt":"2025-05-13T02:09:36","slug":"electrofisiologia-de-las-arritmias-imagenes-practicas-para-el-diagnostico-y-la-ablacion-2a-edicion","status":"publish","type":"product","link":"https:\/\/edimeinter.com\/libreria\/product\/electrofisiologia-de-las-arritmias-imagenes-practicas-para-el-diagnostico-y-la-ablacion-2a-edicion\/","title":{"rendered":"Electrofisiolog\u00eda de las arritmias. Im\u00e1genes pr\u00e1cticas para el diagn\u00f3stico y la ablaci\u00f3n. 2\u00aa Edici\u00f3n"},"content":{"rendered":"\t\t<div data-elementor-type=\"wp-post\" data-elementor-id=\"16739\" class=\"elementor elementor-16739\">\n\t\t\t\t<div class=\"elementor-element elementor-element-2612b12 e-flex e-con-boxed e-con e-parent\" data-id=\"2612b12\" data-element_type=\"container\" data-e-type=\"container\">\n\t\t\t\t\t<div class=\"e-con-inner\">\n\t\t\n\t\t<div class=\"elementor-element elementor-element-498707ae elementor-widget elementor-widget-text-editor\" data-id=\"498707ae\" data-element_type=\"widget\" data-e-type=\"widget\" data-widget_type=\"text-editor.default\">\n\t\t\t\t<div class=\"elementor-widget-container\">\n\t\t\t\t\t\t\t\t\t<div class=\"accordion-content ad-show on\"><div class=\"accordion-content ad-show on\">Desde el primer registro mediante cateterismo del haz de His humano en 1960 y de la ablaci\u00f3n en 1981, la electrofisiolog\u00eda intracardiaca ha sido la piedra angular del diagn\u00f3stico y la ablaci\u00f3n de las arritmias. La posibilidad de registrar la actividad el\u00e9ctrica del coraz\u00f3n y observar su comportamiento ante la estimulaci\u00f3n el\u00e9ctrica ha permitido obtener valiosos conocimientos sobre los mecanismos y la patogenia de las arritmias.\u00a0<b>Electrofisiolog\u00eda de las arritmias. Im\u00e1genes pr\u00e1cticas para el diagn\u00f3stico y la ablaci\u00f3n<\/b>\u00a0se ha dise\u00f1ado deliberadamente para permitir comprender el diagn\u00f3stico y la ablaci\u00f3n de las arritmias mediante el uso de una colecci\u00f3n completa de registros intracardiacos, mapas electroanat\u00f3micos codificados por colores e im\u00e1genes de fluoroscopia, ecocardiograf\u00eda intracardiaca y tomograf\u00eda computarizada\/resonancia magn\u00e9tica cardiaca, que detallan la \u00abvida\u00bb de cada arritmia en el laboratorio de electrofisiolog\u00eda.<br \/>Cada cap\u00edtulo se centra en una arritmia espec\u00edfica y presenta una discusi\u00f3n sistem\u00e1tica de los criterios de diagn\u00f3stico y ablaci\u00f3n, seguida de un atlas de registros electrofisiol\u00f3gicos. Estas ilustraciones muestran todos los aspectos clave de la arritmia: caracter\u00edsticas electrofisiol\u00f3gicas, modo de inducci\u00f3n y terminaci\u00f3n, respuesta a las maniobras de estimulaci\u00f3n diagn\u00f3stica, presentaciones cl\u00e1sicas, manifestaciones inusuales, t\u00e9cnicas de mapeo y criterios del lugar diana para la ablaci\u00f3n. Esta gu\u00eda pr\u00e1ctica es un recurso indispensable para electrofisi\u00f3logos y cardi\u00f3logos generales.<\/div><\/div>\t\t\t\t\t\t\t\t<\/div>\n\t\t\t\t<\/div>\n\t\t\t\t\t<\/div>\n\t\t\t\t<\/div>\n\t\t\t\t<\/div>\n\t\t","protected":false},"excerpt":{"rendered":"<p><strong>Autores:<\/strong> Reginald T. Ho MD<br \/>\n<strong>ISBN:<\/strong> 9788419663061<br \/>\n<strong>Editorial:<\/strong>\u00a0WOLTERS KLUWER<br \/>\n<strong>Edici\u00f3n:<\/strong> 2\u00aa<br \/>\n<strong>Especialidad<\/strong>: Cardiolog\u00eda<br \/>\n<strong>P\u00e1ginas<\/strong>: 558<br \/>\n\u00a9 2023<\/p>\n","protected":false},"featured_media":16740,"comment_status":"open","ping_status":"closed","template":"","meta":{"_joinchat":[]},"product_cat":[118],"product_tag":[119,92],"class_list":{"0":"post-16739","1":"product","2":"type-product","3":"status-publish","4":"has-post-thumbnail","6":"product_cat-cardiologia","7":"product_tag-cardiologia","8":"product_tag-wolters-kluwer","10":"first","11":"instock","12":"featured","13":"taxable","14":"shipping-taxable","15":"purchasable","16":"product-type-simple"},"_links":{"self":[{"href":"https:\/\/edimeinter.com\/libreria\/wp-json\/wp\/v2\/product\/16739","targetHints":{"allow":["GET"]}}],"collection":[{"href":"https:\/\/edimeinter.com\/libreria\/wp-json\/wp\/v2\/product"}],"about":[{"href":"https:\/\/edimeinter.com\/libreria\/wp-json\/wp\/v2\/types\/product"}],"replies":[{"embeddable":true,"href":"https:\/\/edimeinter.com\/libreria\/wp-json\/wp\/v2\/comments?post=16739"}],"version-history":[{"count":4,"href":"https:\/\/edimeinter.com\/libreria\/wp-json\/wp\/v2\/product\/16739\/revisions"}],"predecessor-version":[{"id":16744,"href":"https:\/\/edimeinter.com\/libreria\/wp-json\/wp\/v2\/product\/16739\/revisions\/16744"}],"wp:featuredmedia":[{"embeddable":true,"href":"https:\/\/edimeinter.com\/libreria\/wp-json\/wp\/v2\/media\/16740"}],"wp:attachment":[{"href":"https:\/\/edimeinter.com\/libreria\/wp-json\/wp\/v2\/media?parent=16739"}],"wp:term":[{"taxonomy":"product_cat","embeddable":true,"href":"https:\/\/edimeinter.com\/libreria\/wp-json\/wp\/v2\/product_cat?post=16739"},{"taxonomy":"product_tag","embeddable":true,"href":"https:\/\/edimeinter.com\/libreria\/wp-json\/wp\/v2\/product_tag?post=16739"}],"curies":[{"name":"wp","href":"https:\/\/api.w.org\/{rel}","templated":true}]}}