{"id":16757,"date":"2025-05-13T02:17:25","date_gmt":"2025-05-13T02:17:25","guid":{"rendered":"https:\/\/edimeinter.com\/libreria\/?post_type=product&#038;p=16757"},"modified":"2025-05-13T02:25:41","modified_gmt":"2025-05-13T02:25:41","slug":"el-libro-del-ecg-10a-edicion","status":"publish","type":"product","link":"https:\/\/edimeinter.com\/libreria\/product\/el-libro-del-ecg-10a-edicion\/","title":{"rendered":"El libro del ECG. 10\u00aa Edici\u00f3n"},"content":{"rendered":"\t\t<div data-elementor-type=\"wp-post\" data-elementor-id=\"16757\" class=\"elementor elementor-16757\">\n\t\t\t\t<div class=\"elementor-element elementor-element-2612b12 e-flex e-con-boxed e-con e-parent\" data-id=\"2612b12\" data-element_type=\"container\" data-e-type=\"container\">\n\t\t\t\t\t<div class=\"e-con-inner\">\n\t\t\n\t\t<div class=\"elementor-element elementor-element-498707ae elementor-widget elementor-widget-text-editor\" data-id=\"498707ae\" data-element_type=\"widget\" data-e-type=\"widget\" data-widget_type=\"text-editor.default\">\n\t\t\t\t<div class=\"elementor-widget-container\">\n\t\t\t\t\t\t\t\t\t<div class=\"accordion-content ad-show on\"><div class=\"accordion-content ad-show on\">Durante m\u00e1s de 30 a\u00f1os,\u00a0<b>El libro del ECG\u00a0<\/b>se ha mantenido como la gu\u00eda y referencia fundamental para estudiantes y profesionales de la salud, para obtener el conocimiento y la orientaci\u00f3n clara y concisa del Dr. Thaler sobre el uso del electrocardiograma (ECG) en la pr\u00e1ctica diaria. Al igual que otras ediciones, esta 10.\u00aa edici\u00f3n es ideal para lectores de todos los niveles de experiencia, ya que es un recurso sencillo y completamente visual que presenta informaci\u00f3n imprescindible sobre el uso de esta invaluable herramienta diagn\u00f3stica para identificar alteraciones en el sistema de conducci\u00f3n el\u00e9ctrica del coraz\u00f3n.<br \/>La obra incluye una gran cantidad de ejemplos cl\u00ednicos, ilustraciones claras y estudios de casos. De principio a fin, cumple con el compromiso del Dr. Thaler de \u201cmantener las cosas simples y hacer lo complicado f\u00e1cil de entender\u201d ya que ayuda a aprender y comprender c\u00f3mo utilizar mejor un ECG en entornos cl\u00ednicos reales.<\/div><\/div>\t\t\t\t\t\t\t\t<\/div>\n\t\t\t\t<\/div>\n\t\t\t\t\t<\/div>\n\t\t\t\t<\/div>\n\t\t\t\t<\/div>\n\t\t","protected":false},"excerpt":{"rendered":"<p><strong>Autores:<\/strong> Malcolm S. Thaler MD<br \/>\n<strong>ISBN:<\/strong> 9788419284242<br \/>\n<strong>Editorial:<\/strong>\u00a0WOLTERS KLUWER<br \/>\n<strong>Edici\u00f3n:<\/strong> 10\u00aa<br \/>\n<strong>Especialidad<\/strong>: Cardiolog\u00eda<br \/>\n<strong>P\u00e1ginas<\/strong>: 416<br \/>\n\u00a9 2023<\/p>\n","protected":false},"featured_media":16758,"comment_status":"open","ping_status":"closed","template":"","meta":{"_joinchat":[]},"product_cat":[118],"product_tag":[119,92],"class_list":{"0":"post-16757","1":"product","2":"type-product","3":"status-publish","4":"has-post-thumbnail","6":"product_cat-cardiologia","7":"product_tag-cardiologia","8":"product_tag-wolters-kluwer","10":"first","11":"instock","12":"featured","13":"taxable","14":"shipping-taxable","15":"purchasable","16":"product-type-simple"},"_links":{"self":[{"href":"https:\/\/edimeinter.com\/libreria\/wp-json\/wp\/v2\/product\/16757","targetHints":{"allow":["GET"]}}],"collection":[{"href":"https:\/\/edimeinter.com\/libreria\/wp-json\/wp\/v2\/product"}],"about":[{"href":"https:\/\/edimeinter.com\/libreria\/wp-json\/wp\/v2\/types\/product"}],"replies":[{"embeddable":true,"href":"https:\/\/edimeinter.com\/libreria\/wp-json\/wp\/v2\/comments?post=16757"}],"version-history":[{"count":4,"href":"https:\/\/edimeinter.com\/libreria\/wp-json\/wp\/v2\/product\/16757\/revisions"}],"predecessor-version":[{"id":16762,"href":"https:\/\/edimeinter.com\/libreria\/wp-json\/wp\/v2\/product\/16757\/revisions\/16762"}],"wp:featuredmedia":[{"embeddable":true,"href":"https:\/\/edimeinter.com\/libreria\/wp-json\/wp\/v2\/media\/16758"}],"wp:attachment":[{"href":"https:\/\/edimeinter.com\/libreria\/wp-json\/wp\/v2\/media?parent=16757"}],"wp:term":[{"taxonomy":"product_cat","embeddable":true,"href":"https:\/\/edimeinter.com\/libreria\/wp-json\/wp\/v2\/product_cat?post=16757"},{"taxonomy":"product_tag","embeddable":true,"href":"https:\/\/edimeinter.com\/libreria\/wp-json\/wp\/v2\/product_tag?post=16757"}],"curies":[{"name":"wp","href":"https:\/\/api.w.org\/{rel}","templated":true}]}}