{"id":16763,"date":"2025-05-13T16:39:44","date_gmt":"2025-05-13T16:39:44","guid":{"rendered":"https:\/\/edimeinter.com\/libreria\/?post_type=product&#038;p=16763"},"modified":"2025-06-25T22:24:30","modified_gmt":"2025-06-25T22:24:30","slug":"manual-washington-de-cirugia-8a-edicion","status":"publish","type":"product","link":"https:\/\/edimeinter.com\/libreria\/product\/manual-washington-de-cirugia-8a-edicion\/","title":{"rendered":"Manual Washington de cirug\u00eda. 8\u00aa Edici\u00f3n"},"content":{"rendered":"\t\t<div data-elementor-type=\"wp-post\" data-elementor-id=\"16763\" class=\"elementor elementor-16763\">\n\t\t\t\t<div class=\"elementor-element elementor-element-2612b12 e-flex e-con-boxed e-con e-parent\" data-id=\"2612b12\" data-element_type=\"container\" data-e-type=\"container\">\n\t\t\t\t\t<div class=\"e-con-inner\">\n\t\t\n\t\t<div class=\"elementor-element elementor-element-498707ae elementor-widget elementor-widget-text-editor\" data-id=\"498707ae\" data-element_type=\"widget\" data-e-type=\"widget\" data-widget_type=\"text-editor.default\">\n\t\t\t\t<div class=\"elementor-widget-container\">\n\t\t\t\t\t\t\t\t\t<div class=\"accordion-content ad-show on\"><div class=\"accordion-content ad-show on\">Desde 1997,\u00a0<b>Manual Washington de cirug\u00eda\u00a0<\/b>se ha enfocado en proporcionar la informaci\u00f3n esencial sobre la atenci\u00f3n del paciente quir\u00fargico. En este recurso conveniente y portable se puede encontrar informaci\u00f3n pr\u00e1ctica en todas las especialidades y subespecialidades quir\u00fargicas como cirug\u00eda de t\u00f3rax, gastrointestinal, colorrectal, cardiaca, vascular, de mama, de emergencia en traumatismos y para pacientes en estado cr\u00edtico, entre otras.<br \/>Esta 8.\u00aa edici\u00f3n se someti\u00f3 a una reorganizaci\u00f3n de cap\u00edtulos que puso \u00e9nfasis en la claridad y uniformidad de la presentaci\u00f3n del contenido y, como en la edici\u00f3n anterior, en la medicina basada en la evidencia mediante informaci\u00f3n y referencias actualizadas que reflejan el conocimiento y las pr\u00e1cticas m\u00e1s vigentes y recomendadas en la actualidad. Se a\u00f1adieron cap\u00edtulos nuevos sobre\u00a0<i>radiolog\u00eda, resucitaci\u00f3n en el traumatismo, consideraciones intraoperatorias\u00a0<\/i>y un nuevo cap\u00edtulo sobre enfermedades apendiculares. Se ampli\u00f3 la informaci\u00f3n sobre quimioterapia intraperitoneal hipert\u00e9rmica (HIPEC) y sobre cirug\u00eda en la paciente embarazada.<br \/>Este\u00a0<i>bestseller\u00a0<\/i>es una excelente gu\u00eda para residentes de cirug\u00eda, estudiantes de medicina en rotaciones quir\u00fargicas y para todo el equipo quir\u00fargico encargado de atender a pacientes con padecimientos de \u00edndole quir\u00fargica.<\/div><\/div>\t\t\t\t\t\t\t\t<\/div>\n\t\t\t\t<\/div>\n\t\t\t\t\t<\/div>\n\t\t\t\t<\/div>\n\t\t\t\t<\/div>\n\t\t","protected":false},"excerpt":{"rendered":"<p><strong>Autores:<\/strong> Mary E. Klingensmith MD, Paul Wise<br \/>\n<strong>ISBN:<\/strong> 9788418257544<br \/>\n<strong>Editorial:<\/strong>\u00a0WOLTERS KLUWER<br \/>\n<strong>Edici\u00f3n:<\/strong> 8\u00aa<br \/>\n<strong>Especialidad<\/strong>: Cirug\u00eda<br \/>\n<strong>P\u00e1ginas<\/strong>: 976<br \/>\n\u00a9 2021<\/p>\n","protected":false},"featured_media":16764,"comment_status":"open","ping_status":"closed","template":"","meta":{"_joinchat":[]},"product_cat":[175],"product_tag":[176,92],"class_list":{"0":"post-16763","1":"product","2":"type-product","3":"status-publish","4":"has-post-thumbnail","6":"product_cat-cirugia","7":"product_tag-cirugia","8":"product_tag-wolters-kluwer","10":"first","11":"instock","12":"featured","13":"taxable","14":"shipping-taxable","15":"purchasable","16":"product-type-simple"},"_links":{"self":[{"href":"https:\/\/edimeinter.com\/libreria\/wp-json\/wp\/v2\/product\/16763","targetHints":{"allow":["GET"]}}],"collection":[{"href":"https:\/\/edimeinter.com\/libreria\/wp-json\/wp\/v2\/product"}],"about":[{"href":"https:\/\/edimeinter.com\/libreria\/wp-json\/wp\/v2\/types\/product"}],"replies":[{"embeddable":true,"href":"https:\/\/edimeinter.com\/libreria\/wp-json\/wp\/v2\/comments?post=16763"}],"version-history":[{"count":5,"href":"https:\/\/edimeinter.com\/libreria\/wp-json\/wp\/v2\/product\/16763\/revisions"}],"predecessor-version":[{"id":16800,"href":"https:\/\/edimeinter.com\/libreria\/wp-json\/wp\/v2\/product\/16763\/revisions\/16800"}],"wp:featuredmedia":[{"embeddable":true,"href":"https:\/\/edimeinter.com\/libreria\/wp-json\/wp\/v2\/media\/16764"}],"wp:attachment":[{"href":"https:\/\/edimeinter.com\/libreria\/wp-json\/wp\/v2\/media?parent=16763"}],"wp:term":[{"taxonomy":"product_cat","embeddable":true,"href":"https:\/\/edimeinter.com\/libreria\/wp-json\/wp\/v2\/product_cat?post=16763"},{"taxonomy":"product_tag","embeddable":true,"href":"https:\/\/edimeinter.com\/libreria\/wp-json\/wp\/v2\/product_tag?post=16763"}],"curies":[{"name":"wp","href":"https:\/\/api.w.org\/{rel}","templated":true}]}}