{"id":16769,"date":"2025-05-13T16:44:17","date_gmt":"2025-05-13T16:44:17","guid":{"rendered":"https:\/\/edimeinter.com\/libreria\/?post_type=product&#038;p=16769"},"modified":"2025-05-13T17:36:36","modified_gmt":"2025-05-13T17:36:36","slug":"manual-de-cuidados-intensivos-en-nefrologia-1a-edicion","status":"publish","type":"product","link":"https:\/\/edimeinter.com\/libreria\/product\/manual-de-cuidados-intensivos-en-nefrologia-1a-edicion\/","title":{"rendered":"Manual de cuidados intensivos en nefrolog\u00eda. 1\u00aa Edici\u00f3n"},"content":{"rendered":"\t\t<div data-elementor-type=\"wp-post\" data-elementor-id=\"16769\" class=\"elementor elementor-16769\">\n\t\t\t\t<div class=\"elementor-element elementor-element-2612b12 e-flex e-con-boxed e-con e-parent\" data-id=\"2612b12\" data-element_type=\"container\" data-e-type=\"container\">\n\t\t\t\t\t<div class=\"e-con-inner\">\n\t\t\n\t\t<div class=\"elementor-element elementor-element-498707ae elementor-widget elementor-widget-text-editor\" data-id=\"498707ae\" data-element_type=\"widget\" data-e-type=\"widget\" data-widget_type=\"text-editor.default\">\n\t\t\t\t<div class=\"elementor-widget-container\">\n\t\t\t\t\t\t\t\t\t<div class=\"accordion-content ad-show on\"><div class=\"accordion-content ad-show on\">La intersecci\u00f3n entre la unidad de cuidados intensivos (UCI) y la nefrolog\u00eda tiene d\u00e9cadas de antig\u00fcedad. Aunque el papel del nefr\u00f3logo en la UCI se ha transformado en los \u00faltimos 50 a\u00f1os, est\u00e1 claro que los pacientes de la UCI son cada vez m\u00e1s complejos y que el nefr\u00f3logo moderno necesita comprender el impacto de los cuidados cr\u00edticos del ri\u00f1\u00f3n, as\u00ed como actualizarse sobre cualquier avance que beneficie a los pacientes en estado cr\u00edtico. Con este tel\u00f3n de fondo, los prestigiados doctores Jay L. Koyner, Edgar V. Lerma y Joel M. Topf han creado la primera edici\u00f3n del\u00a0<b><i>Manual de cuidados intensivos en nefrolog\u00eda<\/i><\/b>.<br \/>Dise\u00f1ado espec\u00edficamente para nefr\u00f3logos e internos que ejercen en la UCI, este manual es una referencia port\u00e1til de cuidados cr\u00edticos con un \u00fanico y pr\u00e1ctico enfoque de la nefrolog\u00eda. Las ilustraciones a todo color, los numerosos algoritmos y un contenido ordenado de forma intuitiva hacen de esta obra un recurso imprescindible para nefrolog\u00eda en la UCI actual.<br \/>Este completo manual incluye m\u00e1s de 50 cap\u00edtulos que cubren una amplia gama de temas de cuidados intensivos en nefrolog\u00eda. Cada cap\u00edtulo est\u00e1 escrito por un experto de primera l\u00ednea en la materia, lo que garantiza una adquisici\u00f3n pr\u00e1ctica e inmediata de la informaci\u00f3n fundamental por parte del lector.<\/div><\/div>\t\t\t\t\t\t\t\t<\/div>\n\t\t\t\t<\/div>\n\t\t\t\t\t<\/div>\n\t\t\t\t<\/div>\n\t\t\t\t<\/div>\n\t\t","protected":false},"excerpt":{"rendered":"<p><strong>Autores:<\/strong> Jay L. Koyner , Joel Topf , Edgar Lerma MD<br \/>\n<strong>ISBN:<\/strong> 9788418892042<br \/>\n<strong>Editorial:<\/strong>\u00a0WOLTERS KLUWER<br \/>\n<strong>Edici\u00f3n:<\/strong> 1\u00aa<br \/>\n<strong>Especialidad<\/strong>: Nefrolog\u00eda<br \/>\n<strong>P\u00e1ginas<\/strong>: 684<br \/>\n\u00a9 2022<\/p>\n","protected":false},"featured_media":16770,"comment_status":"open","ping_status":"closed","template":"","meta":{"_joinchat":[]},"product_cat":[113],"product_tag":[114,92],"class_list":{"0":"post-16769","1":"product","2":"type-product","3":"status-publish","4":"has-post-thumbnail","6":"product_cat-nefrologia-clinica","7":"product_tag-nefrologia-clinica","8":"product_tag-wolters-kluwer","10":"first","11":"instock","12":"featured","13":"taxable","14":"shipping-taxable","15":"purchasable","16":"product-type-simple"},"_links":{"self":[{"href":"https:\/\/edimeinter.com\/libreria\/wp-json\/wp\/v2\/product\/16769","targetHints":{"allow":["GET"]}}],"collection":[{"href":"https:\/\/edimeinter.com\/libreria\/wp-json\/wp\/v2\/product"}],"about":[{"href":"https:\/\/edimeinter.com\/libreria\/wp-json\/wp\/v2\/types\/product"}],"replies":[{"embeddable":true,"href":"https:\/\/edimeinter.com\/libreria\/wp-json\/wp\/v2\/comments?post=16769"}],"version-history":[{"count":4,"href":"https:\/\/edimeinter.com\/libreria\/wp-json\/wp\/v2\/product\/16769\/revisions"}],"predecessor-version":[{"id":16774,"href":"https:\/\/edimeinter.com\/libreria\/wp-json\/wp\/v2\/product\/16769\/revisions\/16774"}],"wp:featuredmedia":[{"embeddable":true,"href":"https:\/\/edimeinter.com\/libreria\/wp-json\/wp\/v2\/media\/16770"}],"wp:attachment":[{"href":"https:\/\/edimeinter.com\/libreria\/wp-json\/wp\/v2\/media?parent=16769"}],"wp:term":[{"taxonomy":"product_cat","embeddable":true,"href":"https:\/\/edimeinter.com\/libreria\/wp-json\/wp\/v2\/product_cat?post=16769"},{"taxonomy":"product_tag","embeddable":true,"href":"https:\/\/edimeinter.com\/libreria\/wp-json\/wp\/v2\/product_tag?post=16769"}],"curies":[{"name":"wp","href":"https:\/\/api.w.org\/{rel}","templated":true}]}}