{"id":16792,"date":"2025-05-14T17:50:29","date_gmt":"2025-05-14T17:50:29","guid":{"rendered":"https:\/\/edimeinter.com\/libreria\/?post_type=product&#038;p=16792"},"modified":"2025-09-13T20:29:26","modified_gmt":"2025-09-13T20:29:26","slug":"manual-de-traumatologia-cirugia-traumatologica-y-de-cuidados-intensivos-5a-edicion","status":"publish","type":"product","link":"https:\/\/edimeinter.com\/libreria\/product\/manual-de-traumatologia-cirugia-traumatologica-y-de-cuidados-intensivos-5a-edicion\/","title":{"rendered":"Manual de traumatolog\u00eda. Cirug\u00eda traumatol\u00f3gica y de cuidados intensivos. 5\u00aa Edici\u00f3n"},"content":{"rendered":"\t\t<div data-elementor-type=\"wp-post\" data-elementor-id=\"16792\" class=\"elementor elementor-16792\">\n\t\t\t\t<div class=\"elementor-element elementor-element-2612b12 e-flex e-con-boxed e-con e-parent\" data-id=\"2612b12\" data-element_type=\"container\" data-e-type=\"container\">\n\t\t\t\t\t<div class=\"e-con-inner\">\n\t\t\n\t\t<div class=\"elementor-element elementor-element-498707ae elementor-widget elementor-widget-text-editor\" data-id=\"498707ae\" data-element_type=\"widget\" data-e-type=\"widget\" data-widget_type=\"text-editor.default\">\n\t\t\t\t<div class=\"elementor-widget-container\">\n\t\t\t\t\t\t\t\t\t<p><b>Manual de traumatolog\u00eda. Cirug\u00eda traumatol\u00f3gica y de cuidados intensivos<\/b>\u00a0es una de las gu\u00edas m\u00e1s exitosas y buscadas por cirujanos de traumatolog\u00eda y profesionales de urgencias quir\u00fargicas y de atenci\u00f3n al paciente en estado cr\u00edtico. Su contenido presenta los avances m\u00e1s recientes en la materia y es un recurso de gran utilidad para los miembros del equipo de atenci\u00f3n traumatol\u00f3gica con su contenido pr\u00e1ctico y amigable sobre la amplia variedad de pacientes que se atienden por lesiones traumatol\u00f3gicas o en condiciones cr\u00edticas.<br \/>Esta 5. \u00aa edici\u00f3n refleja la maduraci\u00f3n y evoluci\u00f3n contempor\u00e1neas de la disciplina. Se ha ampliado para incluir rescate quir\u00fargico y manejo de complicaciones frecuentes como reflejo de la expansi\u00f3n de la cirug\u00eda de urgencia. Incorpora fisiopatolog\u00eda y procedimientos que los profesionales realizan a diario, con cap\u00edtulos organizados y basados en la cronolog\u00eda de la atenci\u00f3n al paciente. Al igual que en ediciones previas, todos los cap\u00edtulos est\u00e1n escritos por expertos e incluyen recomendaciones respaldadas por la evidencia y la amplia experiencia cl\u00ednica de sus autores.<\/p>\t\t\t\t\t\t\t\t<\/div>\n\t\t\t\t<\/div>\n\t\t\t\t\t<\/div>\n\t\t\t\t<\/div>\n\t\t\t\t<\/div>\n\t\t","protected":false},"excerpt":{"rendered":"<p><strong>Autores:<\/strong> Andrew B. Peitzman MD, FACS, Donald M. Yealy MD, Timothy C. Fabian MD, FACS, C. William Schwab MD, FACS, Francis X Guyette , Mark J. Seamon , Brian S. Zuckerbraun<br \/>\n<strong>ISBN:<\/strong> 9788418892622<br \/>\n<strong>Editorial:<\/strong>\u00a0WOLTERS KLUWER<br \/>\n<strong>Edici\u00f3n:<\/strong> 5\u00aa<br \/>\n<strong>Especialidad<\/strong>: Ortopedia y Traumatolog\u00eda<br \/>\n<strong>P\u00e1ginas<\/strong>: 1016<br \/>\n\u00a9 2023<\/p>\n","protected":false},"featured_media":16793,"comment_status":"open","ping_status":"closed","template":"","meta":{"_joinchat":[]},"product_cat":[97],"product_tag":[98,92],"class_list":{"0":"post-16792","1":"product","2":"type-product","3":"status-publish","4":"has-post-thumbnail","6":"product_cat-ortopedia-y-traumatologia","7":"product_tag-ortopedia-y-traumatologia","8":"product_tag-wolters-kluwer","10":"first","11":"instock","12":"featured","13":"taxable","14":"shipping-taxable","15":"purchasable","16":"product-type-simple"},"_links":{"self":[{"href":"https:\/\/edimeinter.com\/libreria\/wp-json\/wp\/v2\/product\/16792","targetHints":{"allow":["GET"]}}],"collection":[{"href":"https:\/\/edimeinter.com\/libreria\/wp-json\/wp\/v2\/product"}],"about":[{"href":"https:\/\/edimeinter.com\/libreria\/wp-json\/wp\/v2\/types\/product"}],"replies":[{"embeddable":true,"href":"https:\/\/edimeinter.com\/libreria\/wp-json\/wp\/v2\/comments?post=16792"}],"version-history":[{"count":4,"href":"https:\/\/edimeinter.com\/libreria\/wp-json\/wp\/v2\/product\/16792\/revisions"}],"predecessor-version":[{"id":16797,"href":"https:\/\/edimeinter.com\/libreria\/wp-json\/wp\/v2\/product\/16792\/revisions\/16797"}],"wp:featuredmedia":[{"embeddable":true,"href":"https:\/\/edimeinter.com\/libreria\/wp-json\/wp\/v2\/media\/16793"}],"wp:attachment":[{"href":"https:\/\/edimeinter.com\/libreria\/wp-json\/wp\/v2\/media?parent=16792"}],"wp:term":[{"taxonomy":"product_cat","embeddable":true,"href":"https:\/\/edimeinter.com\/libreria\/wp-json\/wp\/v2\/product_cat?post=16792"},{"taxonomy":"product_tag","embeddable":true,"href":"https:\/\/edimeinter.com\/libreria\/wp-json\/wp\/v2\/product_tag?post=16792"}],"curies":[{"name":"wp","href":"https:\/\/api.w.org\/{rel}","templated":true}]}}