{"id":16798,"date":"2025-05-14T17:56:08","date_gmt":"2025-05-14T17:56:08","guid":{"rendered":"https:\/\/edimeinter.com\/libreria\/?post_type=product&#038;p=16798"},"modified":"2025-05-14T17:59:26","modified_gmt":"2025-05-14T17:59:26","slug":"west-fisiopatologia-pulmonar-fundamentos-10a-edicion","status":"publish","type":"product","link":"https:\/\/edimeinter.com\/libreria\/product\/west-fisiopatologia-pulmonar-fundamentos-10a-edicion\/","title":{"rendered":"West. Fisiopatolog\u00eda pulmonar. Fundamentos. 10\u00aa Edici\u00f3n"},"content":{"rendered":"\t\t<div data-elementor-type=\"wp-post\" data-elementor-id=\"16798\" class=\"elementor elementor-16798\">\n\t\t\t\t<div class=\"elementor-element elementor-element-2612b12 e-flex e-con-boxed e-con e-parent\" data-id=\"2612b12\" data-element_type=\"container\" data-e-type=\"container\">\n\t\t\t\t\t<div class=\"e-con-inner\">\n\t\t\n\t\t<div class=\"elementor-element elementor-element-498707ae elementor-widget elementor-widget-text-editor\" data-id=\"498707ae\" data-element_type=\"widget\" data-e-type=\"widget\" data-widget_type=\"text-editor.default\">\n\t\t\t\t<div class=\"elementor-widget-container\">\n\t\t\t\t\t\t\t\t\t<p><b>West. Fisiopatolog\u00eda pulmonar. Fundamentos\u00a0<\/b>aborda el efecto de los procesos patol\u00f3gicos sobre la funci\u00f3n respiratoria. Es el complemento ideal de la obra\u00a0<i>Fisiolog\u00eda respiratoria. Fundamentos\u00a0<\/i>del mismo autor, en la que se cubren los principios del funcionamiento del sistema respiratorio. Ambas, publicadas por primera vez hace m\u00e1s de 40 a\u00f1os, se han traducido a varios idiomas y han servido a generaciones de estudiantes y profesionales que trabajan con pacientes respiratorios, con una presentaci\u00f3n de los temas m\u00e1s importantes de una manera concisa, directa y f\u00e1cil de entender.<br \/>La 10.\u00aa edici\u00f3n mantiene la misma estructura de tres secciones: la primera de ellas establece los fundamentos del diagn\u00f3stico a trav\u00e9s de los diferentes m\u00e9todos disponibles para evaluar la funci\u00f3n respiratoria; la segunda secci\u00f3n aborda la funci\u00f3n respiratoria en el pulm\u00f3n enfermo; y la \u00faltima lo hace sobre el pulm\u00f3n insuficiente. La obra cierra con cuatro ap\u00e9ndices que ofrecen un acceso r\u00e1pido a las respuestas a los casos cl\u00ednicos y a las preguntas de evaluaci\u00f3n; a los s\u00edmbolos, unidades y valores normales; y a lecturas adicionales.<\/p>\t\t\t\t\t\t\t\t<\/div>\n\t\t\t\t<\/div>\n\t\t\t\t\t<\/div>\n\t\t\t\t<\/div>\n\t\t\t\t<\/div>\n\t\t","protected":false},"excerpt":{"rendered":"<p><strong>Autores:<\/strong> John B. West , Andrew M. Luks MD<br \/>\n<strong>ISBN:<\/strong> 9788418563836<br \/>\n<strong>Editorial:<\/strong>\u00a0WOLTERS KLUWER<br \/>\n<strong>Edici\u00f3n:<\/strong> 10\u00aa<br \/>\n<strong>Especialidad<\/strong>: Fisiopatolog\u00eda<br \/>\n<strong>P\u00e1ginas<\/strong>: 304<br \/>\n\u00a9 2022<\/p>\n","protected":false},"featured_media":16799,"comment_status":"open","ping_status":"closed","template":"","meta":{"_joinchat":[]},"product_cat":[170],"product_tag":[171,92],"class_list":{"0":"post-16798","1":"product","2":"type-product","3":"status-publish","4":"has-post-thumbnail","6":"product_cat-fisiopatologia","7":"product_tag-fisiopatologia","8":"product_tag-wolters-kluwer","10":"first","11":"instock","12":"featured","13":"taxable","14":"shipping-taxable","15":"purchasable","16":"product-type-simple"},"_links":{"self":[{"href":"https:\/\/edimeinter.com\/libreria\/wp-json\/wp\/v2\/product\/16798","targetHints":{"allow":["GET"]}}],"collection":[{"href":"https:\/\/edimeinter.com\/libreria\/wp-json\/wp\/v2\/product"}],"about":[{"href":"https:\/\/edimeinter.com\/libreria\/wp-json\/wp\/v2\/types\/product"}],"replies":[{"embeddable":true,"href":"https:\/\/edimeinter.com\/libreria\/wp-json\/wp\/v2\/comments?post=16798"}],"version-history":[{"count":4,"href":"https:\/\/edimeinter.com\/libreria\/wp-json\/wp\/v2\/product\/16798\/revisions"}],"predecessor-version":[{"id":16804,"href":"https:\/\/edimeinter.com\/libreria\/wp-json\/wp\/v2\/product\/16798\/revisions\/16804"}],"wp:featuredmedia":[{"embeddable":true,"href":"https:\/\/edimeinter.com\/libreria\/wp-json\/wp\/v2\/media\/16799"}],"wp:attachment":[{"href":"https:\/\/edimeinter.com\/libreria\/wp-json\/wp\/v2\/media?parent=16798"}],"wp:term":[{"taxonomy":"product_cat","embeddable":true,"href":"https:\/\/edimeinter.com\/libreria\/wp-json\/wp\/v2\/product_cat?post=16798"},{"taxonomy":"product_tag","embeddable":true,"href":"https:\/\/edimeinter.com\/libreria\/wp-json\/wp\/v2\/product_tag?post=16798"}],"curies":[{"name":"wp","href":"https:\/\/api.w.org\/{rel}","templated":true}]}}