{"id":16806,"date":"2025-05-14T18:07:33","date_gmt":"2025-05-14T18:07:33","guid":{"rendered":"https:\/\/edimeinter.com\/libreria\/?post_type=product&#038;p=16806"},"modified":"2025-05-14T18:11:33","modified_gmt":"2025-05-14T18:11:33","slug":"manual-de-procedimientos-de-anestesia-clinica-del-massachusetts-general-hospital-10a-edicion","status":"publish","type":"product","link":"https:\/\/edimeinter.com\/libreria\/product\/manual-de-procedimientos-de-anestesia-clinica-del-massachusetts-general-hospital-10a-edicion\/","title":{"rendered":"Manual de procedimientos de anestesia cl\u00ednica del Massachusetts General Hospital. 10\u00aa Edici\u00f3n"},"content":{"rendered":"\t\t<div data-elementor-type=\"wp-post\" data-elementor-id=\"16806\" class=\"elementor elementor-16806\">\n\t\t\t\t<div class=\"elementor-element elementor-element-2612b12 e-flex e-con-boxed e-con e-parent\" data-id=\"2612b12\" data-element_type=\"container\" data-e-type=\"container\">\n\t\t\t\t\t<div class=\"e-con-inner\">\n\t\t\n\t\t<div class=\"elementor-element elementor-element-498707ae elementor-widget elementor-widget-text-editor\" data-id=\"498707ae\" data-element_type=\"widget\" data-e-type=\"widget\" data-widget_type=\"text-editor.default\">\n\t\t\t\t<div class=\"elementor-widget-container\">\n\t\t\t\t\t\t\t\t\t<p>Durante casi 40 a\u00f1os y con la ayuda de m\u00e1s de 200 expertos,\u00a0<b>Manual de procedimientos de anestesia cl\u00ednica del Massachusetts General Hospital\u00a0<\/b>se ha actualizado sistem\u00e1ticamente para satisfacer las necesidades de esta especialidad en constante cambio. Esta 10.\u00aa edici\u00f3n presenta importantes mejoras: cada cap\u00edtulo ha sido reescrito por un autor distinto al de la edici\u00f3n anterior para actualizar significativamente el contenido de cada apartado y reflejar la pr\u00e1ctica cl\u00ednica actual en el MGH. Adem\u00e1s, presenta las pautas m\u00e1s recientes, amplias, concisas, consistentes y cl\u00ednicamente relevantes sobre todas las facetas de la anestesia, el cuidado perioperatorio, el cuidado cr\u00edtico y el manejo del dolor, conservando su aplicaci\u00f3n pr\u00e1ctica y abordaje cl\u00ednico para residentes en anestesia, estudiantes de medicina y personal de enfermer\u00eda.<br \/>El contenido se presenta en tres apartados: evaluaci\u00f3n del paciente antes de la anestesia, administraci\u00f3n de la anestesia y problemas perioperatorios. Adem\u00e1s, incluye tres pr\u00e1cticos ap\u00e9ndices sobre f\u00e1rmacos con rangos terap\u00e9uticos estrechos y potencialmente da\u00f1inos, medicamentos de uso com\u00fan y antibi\u00f3ticos intravenosos comunes.<\/p>\t\t\t\t\t\t\t\t<\/div>\n\t\t\t\t<\/div>\n\t\t\t\t\t<\/div>\n\t\t\t\t<\/div>\n\t\t\t\t<\/div>\n\t\t","protected":false},"excerpt":{"rendered":"<p><strong>Autores:<\/strong> Richard M. Pino MD, PhD<br \/>\n<strong>ISBN:<\/strong> 9788418563935<br \/>\n<strong>Editorial:<\/strong>\u00a0WOLTERS KLUWER<br \/>\n<strong>Edici\u00f3n:<\/strong> 10\u00aa<br \/>\n<strong>Especialidad<\/strong>: Anestesiolog\u00eda<br \/>\n<strong>P\u00e1ginas<\/strong>: 842<br \/>\n\u00a9 2022<\/p>\n","protected":false},"featured_media":16807,"comment_status":"open","ping_status":"closed","template":"","meta":{"_joinchat":[]},"product_cat":[86],"product_tag":[87,92],"class_list":{"0":"post-16806","1":"product","2":"type-product","3":"status-publish","4":"has-post-thumbnail","6":"product_cat-anestesiologia-y-reanimacion","7":"product_tag-anestesiologia-y-reanimacion","8":"product_tag-wolters-kluwer","10":"first","11":"instock","12":"featured","13":"taxable","14":"shipping-taxable","15":"purchasable","16":"product-type-simple"},"_links":{"self":[{"href":"https:\/\/edimeinter.com\/libreria\/wp-json\/wp\/v2\/product\/16806","targetHints":{"allow":["GET"]}}],"collection":[{"href":"https:\/\/edimeinter.com\/libreria\/wp-json\/wp\/v2\/product"}],"about":[{"href":"https:\/\/edimeinter.com\/libreria\/wp-json\/wp\/v2\/types\/product"}],"replies":[{"embeddable":true,"href":"https:\/\/edimeinter.com\/libreria\/wp-json\/wp\/v2\/comments?post=16806"}],"version-history":[{"count":4,"href":"https:\/\/edimeinter.com\/libreria\/wp-json\/wp\/v2\/product\/16806\/revisions"}],"predecessor-version":[{"id":16811,"href":"https:\/\/edimeinter.com\/libreria\/wp-json\/wp\/v2\/product\/16806\/revisions\/16811"}],"wp:featuredmedia":[{"embeddable":true,"href":"https:\/\/edimeinter.com\/libreria\/wp-json\/wp\/v2\/media\/16807"}],"wp:attachment":[{"href":"https:\/\/edimeinter.com\/libreria\/wp-json\/wp\/v2\/media?parent=16806"}],"wp:term":[{"taxonomy":"product_cat","embeddable":true,"href":"https:\/\/edimeinter.com\/libreria\/wp-json\/wp\/v2\/product_cat?post=16806"},{"taxonomy":"product_tag","embeddable":true,"href":"https:\/\/edimeinter.com\/libreria\/wp-json\/wp\/v2\/product_tag?post=16806"}],"curies":[{"name":"wp","href":"https:\/\/api.w.org\/{rel}","templated":true}]}}