{"id":16812,"date":"2025-05-14T18:12:31","date_gmt":"2025-05-14T18:12:31","guid":{"rendered":"https:\/\/edimeinter.com\/libreria\/?post_type=product&#038;p=16812"},"modified":"2025-12-26T23:18:21","modified_gmt":"2025-12-26T23:18:21","slug":"langman-embriologia-medica-15a-edicion","status":"publish","type":"product","link":"https:\/\/edimeinter.com\/libreria\/product\/langman-embriologia-medica-15a-edicion\/","title":{"rendered":"Langman. Embriolog\u00eda M\u00e9dica. 15\u00aa Edici\u00f3n"},"content":{"rendered":"\t\t<div data-elementor-type=\"wp-post\" data-elementor-id=\"16812\" class=\"elementor elementor-16812\">\n\t\t\t\t<div class=\"elementor-element elementor-element-2612b12 e-flex e-con-boxed e-con e-parent\" data-id=\"2612b12\" data-element_type=\"container\" data-e-type=\"container\">\n\t\t\t\t\t<div class=\"e-con-inner\">\n\t\t\n\t\t<div class=\"elementor-element elementor-element-498707ae elementor-widget elementor-widget-text-editor\" data-id=\"498707ae\" data-element_type=\"widget\" data-e-type=\"widget\" data-widget_type=\"text-editor.default\">\n\t\t\t\t<div class=\"elementor-widget-container\">\n\t\t\t\t\t\t\t\t\t<p><b>Langman. Embriolog\u00eda M\u00e9dica\u00a0<\/b>mantiene su estrategia \u00fanica de combinar un breve texto con diagramas e im\u00e1genes cl\u00ednicas excelentes. Conciso, claro y con ilustraciones detalladas, esta 15.\u00aa edici\u00f3n, presenta de manera accesible los complejos conceptos sobre el desarrollo embrionario, y ayuda a comprender su correlaci\u00f3n e importancia cl\u00ednicas. Adem\u00e1s de incluir cientos de figuras a todo color que ilustran las etapas del desarrollo embrionario, incluye herramientas de aprendizaje, ejemplos cl\u00ednicos y problemas a resolver para mejorar el desempe\u00f1o cl\u00ednico. Asimismo, ante el papel cada vez m\u00e1s importante de la gen\u00e9tica y la biolog\u00eda molecular en la embriolog\u00eda y el estudio de los defectos cong\u00e9nitos, se analizan principios gen\u00e9ticos y moleculares b\u00e1sicos.<br \/>Al igual que en ediciones anteriores, el contenido se organiza en dos secciones principales: la primera brinda una perspectiva general del desarrollo temprano, desde la gametog\u00e9nesis hasta el periodo embrionario. En esta secci\u00f3n tambi\u00e9n se incluyen cap\u00edtulos sobre el desarrollo placentario y fetal, as\u00ed como los relacionados con el diagn\u00f3stico prenatal y los defectos cong\u00e9nitos. La segunda parte del texto presenta una descripci\u00f3n de los procesos fundamentales de la embriog\u00e9nesis de cada sistema org\u00e1nico. Tambi\u00e9n se incluye un ap\u00e9ndice con un amplio glosario y las respuestas a los problemas a resolver.<\/p>\t\t\t\t\t\t\t\t<\/div>\n\t\t\t\t<\/div>\n\t\t\t\t\t<\/div>\n\t\t\t\t<\/div>\n\t\t\t\t<\/div>\n\t\t","protected":false},"excerpt":{"rendered":"<p><strong>Autores:<\/strong> T. W. Sadler PhD<br \/>\n<strong>ISBN:<\/strong> 9788419284860<br \/>\n<strong>Editorial:<\/strong>\u00a0WOLTERS KLUWER<br \/>\n<strong>Edici\u00f3n:<\/strong> 15\u00aa<br \/>\n<strong>Especialidad<\/strong>: Embriolog\u00eda<br \/>\n<strong>P\u00e1ginas<\/strong>: 456<br \/>\n\u00a9 2023<\/p>\n","protected":false},"featured_media":16813,"comment_status":"open","ping_status":"closed","template":"","meta":{"_joinchat":[]},"product_cat":[216],"product_tag":[217,92],"class_list":{"0":"post-16812","1":"product","2":"type-product","3":"status-publish","4":"has-post-thumbnail","6":"product_cat-embriologia","7":"product_tag-embriologia","8":"product_tag-wolters-kluwer","10":"first","11":"instock","12":"featured","13":"taxable","14":"shipping-taxable","15":"purchasable","16":"product-type-simple"},"_links":{"self":[{"href":"https:\/\/edimeinter.com\/libreria\/wp-json\/wp\/v2\/product\/16812","targetHints":{"allow":["GET"]}}],"collection":[{"href":"https:\/\/edimeinter.com\/libreria\/wp-json\/wp\/v2\/product"}],"about":[{"href":"https:\/\/edimeinter.com\/libreria\/wp-json\/wp\/v2\/types\/product"}],"replies":[{"embeddable":true,"href":"https:\/\/edimeinter.com\/libreria\/wp-json\/wp\/v2\/comments?post=16812"}],"version-history":[{"count":5,"href":"https:\/\/edimeinter.com\/libreria\/wp-json\/wp\/v2\/product\/16812\/revisions"}],"predecessor-version":[{"id":16820,"href":"https:\/\/edimeinter.com\/libreria\/wp-json\/wp\/v2\/product\/16812\/revisions\/16820"}],"wp:featuredmedia":[{"embeddable":true,"href":"https:\/\/edimeinter.com\/libreria\/wp-json\/wp\/v2\/media\/16813"}],"wp:attachment":[{"href":"https:\/\/edimeinter.com\/libreria\/wp-json\/wp\/v2\/media?parent=16812"}],"wp:term":[{"taxonomy":"product_cat","embeddable":true,"href":"https:\/\/edimeinter.com\/libreria\/wp-json\/wp\/v2\/product_cat?post=16812"},{"taxonomy":"product_tag","embeddable":true,"href":"https:\/\/edimeinter.com\/libreria\/wp-json\/wp\/v2\/product_tag?post=16812"}],"curies":[{"name":"wp","href":"https:\/\/api.w.org\/{rel}","templated":true}]}}