{"id":16825,"date":"2025-05-14T18:32:07","date_gmt":"2025-05-14T18:32:07","guid":{"rendered":"https:\/\/edimeinter.com\/libreria\/?post_type=product&#038;p=16825"},"modified":"2025-12-26T22:23:18","modified_gmt":"2025-12-26T22:23:18","slug":"lir-farmacologia-8a-edicion","status":"publish","type":"product","link":"https:\/\/edimeinter.com\/libreria\/product\/lir-farmacologia-8a-edicion\/","title":{"rendered":"LIR. Farmacolog\u00eda. 8\u00aa Edici\u00f3n"},"content":{"rendered":"\t\t<div data-elementor-type=\"wp-post\" data-elementor-id=\"16825\" class=\"elementor elementor-16825\">\n\t\t\t\t<div class=\"elementor-element elementor-element-2612b12 e-flex e-con-boxed e-con e-parent\" data-id=\"2612b12\" data-element_type=\"container\" data-e-type=\"container\">\n\t\t\t\t\t<div class=\"e-con-inner\">\n\t\t\n\t\t<div class=\"elementor-element elementor-element-498707ae elementor-widget elementor-widget-text-editor\" data-id=\"498707ae\" data-element_type=\"widget\" data-e-type=\"widget\" data-widget_type=\"text-editor.default\">\n\t\t\t\t<div class=\"elementor-widget-container\">\n\t\t\t\t\t\t\t\t\t<p><b>LIR. Farmacolog\u00eda<\/b>\u00a0forma parte de la popular serie\u00a0<i>Lippincott\u00ae Illustrated Reviews<\/i>, una de las colecciones de revisi\u00f3n preferidas por miles de estudiantes en el mundo. Esta 8.\u00aa edici\u00f3n, completamente actualizada, presenta la informaci\u00f3n esencial de la farmacolog\u00eda m\u00e9dica en un formato accesible e ideal para una revisi\u00f3n eficaz. Es un recurso conciso con redacci\u00f3n clara y cientos de ilustraciones que desglosan la compleja informaci\u00f3n de la farmacolog\u00eda de forma que sea comprensible y accesible.<br \/>El contenido se encuentra dividido en 7 secciones que abarcan los principios de la farmacoterapia, f\u00e1rmacos que afectan los sistemas nerviosos aut\u00f3nomo y central, cardiovascular, y endocrino, f\u00e1rmacos antineopl\u00e1sicos y temas especiales en farmacolog\u00eda. Cada cap\u00edtulo incluye secuencias de ilustraciones con mecanismos de acci\u00f3n que muestran el funcionamiento de los f\u00e1rmacos; tambi\u00e9n incluye recuadros de aplicaci\u00f3n cl\u00ednica, res\u00famenes y preguntas de revisi\u00f3n con respuestas, que ofrecen una poderosa y pr\u00e1ctica herramienta para preparar y superar con \u00e9xito los ex\u00e1menes.<\/p>\t\t\t\t\t\t\t\t<\/div>\n\t\t\t\t<\/div>\n\t\t\t\t\t<\/div>\n\t\t\t\t<\/div>\n\t\t\t\t<\/div>\n\t\t","protected":false},"excerpt":{"rendered":"<p><strong>Autores:<\/strong> Karen Whalen PharmD, BCPS<br \/>\n<strong>ISBN:<\/strong> 9788419284488<br \/>\n<strong>Editorial:<\/strong>\u00a0WOLTERS KLUWER<br \/>\n<strong>Edici\u00f3n:<\/strong> 8\u00aa<br \/>\n<strong>Especialidad<\/strong>: Farmacolog\u00eda<br \/>\n<strong>P\u00e1ginas<\/strong>: 784<br \/>\n\u00a9 2023<\/p>\n","protected":false},"featured_media":16826,"comment_status":"open","ping_status":"closed","template":"","meta":{"_joinchat":[]},"product_cat":[152],"product_tag":[153,92],"class_list":{"0":"post-16825","1":"product","2":"type-product","3":"status-publish","4":"has-post-thumbnail","6":"product_cat-farmacologia","7":"product_tag-farmacologia","8":"product_tag-wolters-kluwer","10":"first","11":"instock","12":"featured","13":"taxable","14":"shipping-taxable","15":"purchasable","16":"product-type-simple"},"_links":{"self":[{"href":"https:\/\/edimeinter.com\/libreria\/wp-json\/wp\/v2\/product\/16825","targetHints":{"allow":["GET"]}}],"collection":[{"href":"https:\/\/edimeinter.com\/libreria\/wp-json\/wp\/v2\/product"}],"about":[{"href":"https:\/\/edimeinter.com\/libreria\/wp-json\/wp\/v2\/types\/product"}],"replies":[{"embeddable":true,"href":"https:\/\/edimeinter.com\/libreria\/wp-json\/wp\/v2\/comments?post=16825"}],"version-history":[{"count":5,"href":"https:\/\/edimeinter.com\/libreria\/wp-json\/wp\/v2\/product\/16825\/revisions"}],"predecessor-version":[{"id":16884,"href":"https:\/\/edimeinter.com\/libreria\/wp-json\/wp\/v2\/product\/16825\/revisions\/16884"}],"wp:featuredmedia":[{"embeddable":true,"href":"https:\/\/edimeinter.com\/libreria\/wp-json\/wp\/v2\/media\/16826"}],"wp:attachment":[{"href":"https:\/\/edimeinter.com\/libreria\/wp-json\/wp\/v2\/media?parent=16825"}],"wp:term":[{"taxonomy":"product_cat","embeddable":true,"href":"https:\/\/edimeinter.com\/libreria\/wp-json\/wp\/v2\/product_cat?post=16825"},{"taxonomy":"product_tag","embeddable":true,"href":"https:\/\/edimeinter.com\/libreria\/wp-json\/wp\/v2\/product_tag?post=16825"}],"curies":[{"name":"wp","href":"https:\/\/api.w.org\/{rel}","templated":true}]}}