{"id":16900,"date":"2025-07-24T20:43:07","date_gmt":"2025-07-24T20:43:07","guid":{"rendered":"https:\/\/edimeinter.com\/libreria\/?post_type=product&#038;p=16900"},"modified":"2025-07-24T21:00:48","modified_gmt":"2025-07-24T21:00:48","slug":"trastornos-del-neurodesarrollo","status":"publish","type":"product","link":"https:\/\/edimeinter.com\/libreria\/product\/trastornos-del-neurodesarrollo\/","title":{"rendered":"Trastornos del neurodesarrollo"},"content":{"rendered":"\t\t<div data-elementor-type=\"wp-post\" data-elementor-id=\"16900\" class=\"elementor elementor-16900\">\n\t\t\t\t<div class=\"elementor-element elementor-element-2612b12 e-flex e-con-boxed e-con e-parent\" data-id=\"2612b12\" data-element_type=\"container\" data-e-type=\"container\">\n\t\t\t\t\t<div class=\"e-con-inner\">\n\t\t\n\t\t<div class=\"elementor-element elementor-element-498707ae elementor-widget elementor-widget-text-editor\" data-id=\"498707ae\" data-element_type=\"widget\" data-e-type=\"widget\" data-widget_type=\"text-editor.default\">\n\t\t\t\t<div class=\"elementor-widget-container\">\n\t\t\t\t\t\t\t\t\t<p>Trastornos del neurodesarrollo. Un abordaje integrativo en la evaluaci\u00f3n y el tratamiento afronta la complejidad de ciertas condiciones cl\u00ednicas que afectan a una gran parte de la poblaci\u00f3n infantil. Aporta una visi\u00f3n completa de los trastornos que afectan al beb\u00e9 antes del nacimiento y durante sus primeros a\u00f1os, y que contin\u00faan en la adolescencia y la edad adulta. Pone el acento en la necesidad de una evaluaci\u00f3n global del funcionamiento de estos ni\u00f1os al margen del diagn\u00f3stico (TDAH, TEA, etc.), lo que posibilita una intervenci\u00f3n m\u00e1s individualizada y enmarcada en un modelo biopsicosocial.<\/p>\t\t\t\t\t\t\t\t<\/div>\n\t\t\t\t<\/div>\n\t\t\t\t\t<\/div>\n\t\t\t\t<\/div>\n\t\t\t\t<\/div>\n\t\t","protected":false},"excerpt":{"rendered":"<p><strong>Autores: <\/strong>Edited by I\u00f1aki Pastor Pons<br \/>\n<strong>ISBN:<\/strong> 9788491139034<br \/>\n<strong>Editorial:<\/strong> elsevier<br \/>\n<strong>Edici\u00f3n:<\/strong> 1\u00aa<br \/>\n<strong>Especialidad<\/strong>: Fisioterapia<br \/>\n<strong>P\u00e1ginas<\/strong>: 352<br \/>\n\u00a9 2024<\/p>\n","protected":false},"featured_media":16901,"comment_status":"open","ping_status":"closed","template":"","meta":{"_joinchat":[]},"product_cat":[111],"product_tag":[85,112],"class_list":{"0":"post-16900","1":"product","2":"type-product","3":"status-publish","4":"has-post-thumbnail","6":"product_cat-fisioterapia","7":"product_tag-elsevier","8":"product_tag-fisioterapia","10":"first","11":"instock","12":"featured","13":"taxable","14":"shipping-taxable","15":"purchasable","16":"product-type-simple"},"_links":{"self":[{"href":"https:\/\/edimeinter.com\/libreria\/wp-json\/wp\/v2\/product\/16900","targetHints":{"allow":["GET"]}}],"collection":[{"href":"https:\/\/edimeinter.com\/libreria\/wp-json\/wp\/v2\/product"}],"about":[{"href":"https:\/\/edimeinter.com\/libreria\/wp-json\/wp\/v2\/types\/product"}],"replies":[{"embeddable":true,"href":"https:\/\/edimeinter.com\/libreria\/wp-json\/wp\/v2\/comments?post=16900"}],"version-history":[{"count":5,"href":"https:\/\/edimeinter.com\/libreria\/wp-json\/wp\/v2\/product\/16900\/revisions"}],"predecessor-version":[{"id":16915,"href":"https:\/\/edimeinter.com\/libreria\/wp-json\/wp\/v2\/product\/16900\/revisions\/16915"}],"wp:featuredmedia":[{"embeddable":true,"href":"https:\/\/edimeinter.com\/libreria\/wp-json\/wp\/v2\/media\/16901"}],"wp:attachment":[{"href":"https:\/\/edimeinter.com\/libreria\/wp-json\/wp\/v2\/media?parent=16900"}],"wp:term":[{"taxonomy":"product_cat","embeddable":true,"href":"https:\/\/edimeinter.com\/libreria\/wp-json\/wp\/v2\/product_cat?post=16900"},{"taxonomy":"product_tag","embeddable":true,"href":"https:\/\/edimeinter.com\/libreria\/wp-json\/wp\/v2\/product_tag?post=16900"}],"curies":[{"name":"wp","href":"https:\/\/api.w.org\/{rel}","templated":true}]}}