{"id":16909,"date":"2025-07-24T20:50:52","date_gmt":"2025-07-24T20:50:52","guid":{"rendered":"https:\/\/edimeinter.com\/libreria\/?post_type=product&#038;p=16909"},"modified":"2025-07-24T21:11:04","modified_gmt":"2025-07-24T21:11:04","slug":"gordis-epidemiologia-7-ed","status":"publish","type":"product","link":"https:\/\/edimeinter.com\/libreria\/product\/gordis-epidemiologia-7-ed\/","title":{"rendered":"Gordis. Epidemiolog\u00eda 7 ed."},"content":{"rendered":"\t\t<div data-elementor-type=\"wp-post\" data-elementor-id=\"16909\" class=\"elementor elementor-16909\">\n\t\t\t\t\n<div class=\"elementor-element elementor-element-2612b12 e-flex e-con-boxed e-con e-parent\" data-id=\"2612b12\" data-element_type=\"container\" data-e-type=\"container\">\n\t\t\t\t\t<div class=\"e-con-inner\">\n\t\t\n\t\t<div class=\"elementor-element elementor-element-498707ae elementor-widget elementor-widget-text-editor\" data-id=\"498707ae\" data-element_type=\"widget\" data-e-type=\"widget\" data-widget_type=\"text-editor.default\">\n\t\t\t\t<div class=\"elementor-widget-container\">\n\t\t\t\t\t\t\t\t\t<p><span lang=\"ES\">Nueva edici\u00f3n de este texto que ya en su s\u00e9ptima edici\u00f3n se presenta como la referencia para el conocimiento de los principios y conceptos b\u00e1sicos de la epidemiolog\u00eda en la que se refleja c\u00f3mo se practica la epidemiolog\u00eda hoy en d\u00eda, con cap\u00edtulos que progresan desde la observaci\u00f3n y el desarrollo de hip\u00f3tesis hasta la recopilaci\u00f3n y el an\u00e1lisis de datos. Esta s\u00e9ptima edici\u00f3n, al igual que la previa, consta de tres secciones. La secci\u00f3n 1 aborda c\u00f3mo se utiliza la epidemiolog\u00eda para comprender la salud y el desarrollo de enfermedades en las poblaciones,<\/span><span lang=\"ES\">\u00a0<\/span><span lang=\"ES\">la secci\u00f3n 2 detalla los m\u00e9todos utilizados por los epidemi\u00f3logos principalmente para atribuir asociacio\u00adnes entre una exposici\u00f3n hipot\u00e9tica (riesgo) y un resul\u00adtado de salud y la secci\u00f3n 3 aborda las aplicaciones cotidianas de la epidemiolog\u00eda en la salud p\u00fablica. Se ha continuado aplicando el uso que el profe\u00adsor Gordis hac\u00eda de las ilustraciones y ejemplos para demostrar c\u00f3mo se ponen en pr\u00e1ctica las cuestiones y principios epidemiol\u00f3gicos. Se han actualizado los ejemplos ampliamente y hemos a\u00f1adido otros nuevos a lo largo de todo el texto. Muchos de los cap\u00edtulos pre\u00advios se han editado y actualizado exhaustivamente y algunos de ellos se han ampliado en gran medida. Igualmente se ofrece una amplia cobertura del Covid19. Incluye preguntas al final del cap\u00edtulo para una r\u00e1pida autoevaluaci\u00f3n y un glosario de terminolog\u00eda gen\u00e9tica. La nueva edici\u00f3n ofrece acceso a la totalidad del e-book y a un conjunto de 200 preguntas adicionales a trav\u00e9s de la plataforma e-book+ (contenido \u00edntegramente en ingl\u00e9s).<\/span><\/p>\t\t\t\t\t\t\t\t<\/div>\n\t\t\t\t<\/div>\n\t\t\t\t\t<\/div>\n\t\t\t\t<\/div>\n\t\t\t\t<\/div>\n\t\t","protected":false},"excerpt":{"rendered":"<p><strong>Autores: <\/strong>Edited by David D. Celentano, ScD, MHS and Moyses Szklo, MD<br \/>\n<strong>ISBN:<\/strong> 9788413827773<br \/>\n<strong>Editorial:<\/strong> elsevier<br \/>\n<strong>Edici\u00f3n:<\/strong> 7\u00aa<br \/>\n<strong>Especialidad<\/strong>: Epidemiolog\u00eda<br \/>\n<strong>P\u00e1ginas<\/strong>: 436<\/p>\n<p>\u00a9 2025<\/p>\n","protected":false},"featured_media":16910,"comment_status":"open","ping_status":"closed","template":"","meta":{"_joinchat":[]},"product_cat":[225],"product_tag":[239,85,226],"class_list":{"0":"post-16909","1":"product","2":"type-product","3":"status-publish","4":"has-post-thumbnail","6":"product_cat-epidemiologia","7":"product_tag-239","8":"product_tag-elsevier","9":"product_tag-epidemiologia","11":"first","12":"instock","13":"featured","14":"taxable","15":"shipping-taxable","16":"purchasable","17":"product-type-simple"},"_links":{"self":[{"href":"https:\/\/edimeinter.com\/libreria\/wp-json\/wp\/v2\/product\/16909","targetHints":{"allow":["GET"]}}],"collection":[{"href":"https:\/\/edimeinter.com\/libreria\/wp-json\/wp\/v2\/product"}],"about":[{"href":"https:\/\/edimeinter.com\/libreria\/wp-json\/wp\/v2\/types\/product"}],"replies":[{"embeddable":true,"href":"https:\/\/edimeinter.com\/libreria\/wp-json\/wp\/v2\/comments?post=16909"}],"version-history":[{"count":5,"href":"https:\/\/edimeinter.com\/libreria\/wp-json\/wp\/v2\/product\/16909\/revisions"}],"predecessor-version":[{"id":16923,"href":"https:\/\/edimeinter.com\/libreria\/wp-json\/wp\/v2\/product\/16909\/revisions\/16923"}],"wp:featuredmedia":[{"embeddable":true,"href":"https:\/\/edimeinter.com\/libreria\/wp-json\/wp\/v2\/media\/16910"}],"wp:attachment":[{"href":"https:\/\/edimeinter.com\/libreria\/wp-json\/wp\/v2\/media?parent=16909"}],"wp:term":[{"taxonomy":"product_cat","embeddable":true,"href":"https:\/\/edimeinter.com\/libreria\/wp-json\/wp\/v2\/product_cat?post=16909"},{"taxonomy":"product_tag","embeddable":true,"href":"https:\/\/edimeinter.com\/libreria\/wp-json\/wp\/v2\/product_tag?post=16909"}],"curies":[{"name":"wp","href":"https:\/\/api.w.org\/{rel}","templated":true}]}}