{"id":16917,"date":"2025-07-24T21:03:01","date_gmt":"2025-07-24T21:03:01","guid":{"rendered":"https:\/\/edimeinter.com\/libreria\/?post_type=product&#038;p=16917"},"modified":"2025-07-24T21:07:23","modified_gmt":"2025-07-24T21:07:23","slug":"embriologia-humana-y-biologia-del-desarrollo-7-ed","status":"publish","type":"product","link":"https:\/\/edimeinter.com\/libreria\/product\/embriologia-humana-y-biologia-del-desarrollo-7-ed\/","title":{"rendered":"Embriolog\u00eda humana y biolog\u00eda del desarrollo 7 ed."},"content":{"rendered":"\t\t<div data-elementor-type=\"wp-post\" data-elementor-id=\"16917\" class=\"elementor elementor-16917\">\n\t\t\t\t<div class=\"elementor-element elementor-element-2612b12 e-flex e-con-boxed e-con e-parent\" data-id=\"2612b12\" data-element_type=\"container\" data-e-type=\"container\">\n\t\t\t\t\t<div class=\"e-con-inner\">\n\t\t\n\t\t<div class=\"elementor-element elementor-element-498707ae elementor-widget elementor-widget-text-editor\" data-id=\"498707ae\" data-element_type=\"widget\" data-e-type=\"widget\" data-widget_type=\"text-editor.default\">\n\t\t\t\t<div class=\"elementor-widget-container\">\n\t\t\t\t\t\t\t\t\t<p><span lang=\"ES\">Nueva edici\u00f3n del texto de embriolog\u00eda humana que ofrece una visi\u00f3n clara y exhaustiva de c\u00f3mo se produce el desarrollo humano en condiciones de normalidad, as\u00ed como una detallada explicaci\u00f3n de las principales anomal\u00edas cong\u00e9nitas.\u00a0<\/span><span lang=\"ES\">Uno de los puntos fuertes de la nueva edici\u00f3n es la iconograf\u00eda; se incorporan tanto nuevos dibujos esquem\u00e1ticos como fotograf\u00edas cl\u00ednicas de alta calidad.\u00a0<\/span><span lang=\"ES\">En cuanto a las principales novedades, cabe destacar la informaci\u00f3n m\u00e1s\u00a0reciente en el campo de la biolog\u00eda molecular, as\u00ed como la neuro-embriolog\u00eda, las t\u00e9cnicas de radiodiagn\u00f3stico en el periodo fetal, la formaci\u00f3n de las somitas, el desarrollo craneofacial y los efectos del cannabis en el desarrollo.\u00a0<\/span><span lang=\"ES\">Sigue la misma estructura que las ediciones anteriores; se organiza en dos grandes partes, y se mantiene el abordaje por sistemas. Cada cap\u00edtulo incluye numerosos casos de correlaci\u00f3n cl\u00ednica, preguntas cl\u00ednicas intercaladas en el texto y una bater\u00eda de preguntas de revisi\u00f3n al final de cada uno de ellos. Al final del libro, se incluye un ap\u00e9ndice en el que se pueden encontrar las respuestas a todas ellas.\u00a0<\/span><span lang=\"ES\">El libro incluye\u00a0acceso a la plataforma e-book+ en la que se encuentra el e-book,\u00a0 preguntas adicionales y un conjunto de 18 animaciones (todo el contenido en ingl\u00e9s).<\/span><\/p>\t\t\t\t\t\t\t\t<\/div>\n\t\t\t\t<\/div>\n\t\t\t\t\t<\/div>\n\t\t\t\t<\/div>\n\t\t\t\t<\/div>\n\t\t","protected":false},"excerpt":{"rendered":"<p><strong>Autores: <\/strong>By Bruce M. Carlson, MD, PhD<br \/>\n<strong>ISBN:<\/strong> 9788413827209<br \/>\n<strong>Editorial:<\/strong> elsevier<br \/>\n<strong>Edici\u00f3n:<\/strong> 7\u00aa<br \/>\n<strong>Especialidad<\/strong>: Embriolog\u00eda<br \/>\n<strong>P\u00e1ginas<\/strong>: 528<\/p>\n<p>\u00a9 2025<\/p>\n","protected":false},"featured_media":16918,"comment_status":"open","ping_status":"closed","template":"","meta":{"_joinchat":[]},"product_cat":[216],"product_tag":[239,85,217],"class_list":{"0":"post-16917","1":"product","2":"type-product","3":"status-publish","4":"has-post-thumbnail","6":"product_cat-embriologia","7":"product_tag-239","8":"product_tag-elsevier","9":"product_tag-embriologia","11":"first","12":"instock","13":"featured","14":"taxable","15":"shipping-taxable","16":"purchasable","17":"product-type-simple"},"_links":{"self":[{"href":"https:\/\/edimeinter.com\/libreria\/wp-json\/wp\/v2\/product\/16917","targetHints":{"allow":["GET"]}}],"collection":[{"href":"https:\/\/edimeinter.com\/libreria\/wp-json\/wp\/v2\/product"}],"about":[{"href":"https:\/\/edimeinter.com\/libreria\/wp-json\/wp\/v2\/types\/product"}],"replies":[{"embeddable":true,"href":"https:\/\/edimeinter.com\/libreria\/wp-json\/wp\/v2\/comments?post=16917"}],"version-history":[{"count":4,"href":"https:\/\/edimeinter.com\/libreria\/wp-json\/wp\/v2\/product\/16917\/revisions"}],"predecessor-version":[{"id":16922,"href":"https:\/\/edimeinter.com\/libreria\/wp-json\/wp\/v2\/product\/16917\/revisions\/16922"}],"wp:featuredmedia":[{"embeddable":true,"href":"https:\/\/edimeinter.com\/libreria\/wp-json\/wp\/v2\/media\/16918"}],"wp:attachment":[{"href":"https:\/\/edimeinter.com\/libreria\/wp-json\/wp\/v2\/media?parent=16917"}],"wp:term":[{"taxonomy":"product_cat","embeddable":true,"href":"https:\/\/edimeinter.com\/libreria\/wp-json\/wp\/v2\/product_cat?post=16917"},{"taxonomy":"product_tag","embeddable":true,"href":"https:\/\/edimeinter.com\/libreria\/wp-json\/wp\/v2\/product_tag?post=16917"}],"curies":[{"name":"wp","href":"https:\/\/api.w.org\/{rel}","templated":true}]}}