{"id":16926,"date":"2025-07-24T21:12:25","date_gmt":"2025-07-24T21:12:25","guid":{"rendered":"https:\/\/edimeinter.com\/libreria\/?post_type=product&#038;p=16926"},"modified":"2025-07-24T21:17:34","modified_gmt":"2025-07-24T21:17:34","slug":"principios-de-histologia-y-embriologia-bucal-6-ed","status":"publish","type":"product","link":"https:\/\/edimeinter.com\/libreria\/product\/principios-de-histologia-y-embriologia-bucal-6-ed\/","title":{"rendered":"Principios de histolog\u00eda y embriolog\u00eda bucal 6 ed."},"content":{"rendered":"\t\t<div data-elementor-type=\"wp-post\" data-elementor-id=\"16926\" class=\"elementor elementor-16926\">\n\t\t\t\t\n<div class=\"elementor-element elementor-element-2612b12 e-flex e-con-boxed e-con e-parent\" data-id=\"2612b12\" data-element_type=\"container\" data-e-type=\"container\">\n\t\t\t\t\t<div class=\"e-con-inner\">\n\t\t\t\t<div class=\"elementor-element elementor-element-498707ae elementor-widget elementor-widget-text-editor\" data-id=\"498707ae\" data-element_type=\"widget\" data-e-type=\"widget\" data-widget_type=\"text-editor.default\">\n\t\t\t\t<div class=\"elementor-widget-container\">\n\t\t\t\t\t\t\t\t\t<p><span lang=\"ES\">Nueva edici\u00f3n de Fundamentos de Histolog\u00eda y Embriolog\u00eda, que utiliza un enfoque centrado en el paciente para ayudar a los profesionales de la odontolog\u00eda a construir una base s\u00f3lida en biolog\u00eda oral y ciencias b\u00e1sicas. Incluye explicaciones claras de la anatom\u00eda de los tejidos orales y faciales -y del desarrollo orofacial normal y anormal- para que el futuro profesional pueda proporcionar una atenci\u00f3n bucodental eficaz a todos los pacientes. Adem\u00e1s de las etapas del desarrollo dental, cubre la erupci\u00f3n y la salida de los dientes, as\u00ed como las partes de los dientes, incluyendo el esmalte, la dentina, la pulpa dental y el cemento.<\/span><span lang=\"ES\">A destacar su magn\u00edfica iconograf\u00eda y la inclusi\u00f3n de numerosos elementos did\u00e1cticos:\u00a0<\/span><span lang=\"ES-CL\">Los recuadros de \u201cComentario cl\u00ednico\u0094, \u201cConsidere al paciente\u0094, \u201cCuestiones cient\u00edficas\u0094 y \u201cEstudio de casos\u0094 aplican el contenido cient\u00edfico a la pr\u00e1ctica odontol\u00f3gica diaria y exploran los l\u00edmites de la investigaci\u00f3n cient\u00edfica.<\/span><span lang=\"ES-CL\">La nueva edici\u00f3n actualiza sus cap\u00edtulos, renueva parte de la iconograf\u00eda (il<\/span><span lang=\"ES\">ustraciones a todo color, micrograf\u00edas actualizadas que se suman al ya de por s\u00ed s\u00f3lido programa art\u00edstico) e incorpora nuevo contenido sobre COVID-19, incluido el modo en que el virus afecta a la cavidad\u00a0<span style=\"color: #000000\">bucal.\u00a0<\/span><\/span><span lang=\"ES\"><span style=\"color: #000000;font-family: Times New Roman;font-size: medium\">El libro tiene acceso a contenido adicional en ingl\u00e9s (e-book completo, banco de preguntas)<\/span><\/span><\/p>\t\t\t\t\t\t\t\t<\/div>\n\t\t\t\t<\/div>\n\t\t\t\t\t<\/div>\n\t\t\t\t<\/div>\n\t\t\t\t<\/div>\n\t\t","protected":false},"excerpt":{"rendered":"<p><strong>Autores: <\/strong>By Daniel J. Chiego Jr., MS, PhD<br \/>\n<strong>ISBN:<\/strong> 9788413828152<br \/>\n<strong>Editorial:<\/strong> elsevier<br \/>\n<strong>Edici\u00f3n:<\/strong> 6\u00aa<br \/>\n<strong>Especialidad<\/strong>: Odontolog\u00eda y Ortodoncia<br \/>\n<strong>P\u00e1ginas<\/strong>: 230<\/p>\n<p>\u00a9 2025<\/p>\n","protected":false},"featured_media":16927,"comment_status":"open","ping_status":"closed","template":"","meta":{"_joinchat":[]},"product_cat":[140],"product_tag":[239,85,141],"class_list":{"0":"post-16926","1":"product","2":"type-product","3":"status-publish","4":"has-post-thumbnail","6":"product_cat-odontologia-y-ortodoncia","7":"product_tag-239","8":"product_tag-elsevier","9":"product_tag-odontologia-y-ortodoncia","11":"first","12":"instock","13":"featured","14":"taxable","15":"shipping-taxable","16":"purchasable","17":"product-type-simple"},"_links":{"self":[{"href":"https:\/\/edimeinter.com\/libreria\/wp-json\/wp\/v2\/product\/16926","targetHints":{"allow":["GET"]}}],"collection":[{"href":"https:\/\/edimeinter.com\/libreria\/wp-json\/wp\/v2\/product"}],"about":[{"href":"https:\/\/edimeinter.com\/libreria\/wp-json\/wp\/v2\/types\/product"}],"replies":[{"embeddable":true,"href":"https:\/\/edimeinter.com\/libreria\/wp-json\/wp\/v2\/comments?post=16926"}],"version-history":[{"count":4,"href":"https:\/\/edimeinter.com\/libreria\/wp-json\/wp\/v2\/product\/16926\/revisions"}],"predecessor-version":[{"id":16931,"href":"https:\/\/edimeinter.com\/libreria\/wp-json\/wp\/v2\/product\/16926\/revisions\/16931"}],"wp:featuredmedia":[{"embeddable":true,"href":"https:\/\/edimeinter.com\/libreria\/wp-json\/wp\/v2\/media\/16927"}],"wp:attachment":[{"href":"https:\/\/edimeinter.com\/libreria\/wp-json\/wp\/v2\/media?parent=16926"}],"wp:term":[{"taxonomy":"product_cat","embeddable":true,"href":"https:\/\/edimeinter.com\/libreria\/wp-json\/wp\/v2\/product_cat?post=16926"},{"taxonomy":"product_tag","embeddable":true,"href":"https:\/\/edimeinter.com\/libreria\/wp-json\/wp\/v2\/product_tag?post=16926"}],"curies":[{"name":"wp","href":"https:\/\/api.w.org\/{rel}","templated":true}]}}