{"id":16945,"date":"2025-07-24T21:33:39","date_gmt":"2025-07-24T21:33:39","guid":{"rendered":"https:\/\/edimeinter.com\/libreria\/?post_type=product&#038;p=16945"},"modified":"2025-07-24T21:36:34","modified_gmt":"2025-07-24T21:36:34","slug":"fisioterapia-en-la-rehabilitacion-neurologica-5-ed","status":"publish","type":"product","link":"https:\/\/edimeinter.com\/libreria\/product\/fisioterapia-en-la-rehabilitacion-neurologica-5-ed\/","title":{"rendered":"Fisioterapia en la rehabilitaci\u00f3n neurol\u00f3gica 5 ed."},"content":{"rendered":"\t\t<div data-elementor-type=\"wp-post\" data-elementor-id=\"16945\" class=\"elementor elementor-16945\">\n\t\t\t\t<div class=\"elementor-element elementor-element-2612b12 e-flex e-con-boxed e-con e-parent\" data-id=\"2612b12\" data-element_type=\"container\" data-e-type=\"container\">\n\t\t\t\t\t<div class=\"e-con-inner\">\n\t\t\n\t\t<div class=\"elementor-element elementor-element-498707ae elementor-widget elementor-widget-text-editor\" data-id=\"498707ae\" data-element_type=\"widget\" data-e-type=\"widget\" data-widget_type=\"text-editor.default\">\n\t\t\t\t<div class=\"elementor-widget-container\">\n\t\t\t\t\t\t\t\t\t<p style=\"font-weight: 400\"><i><em>Fisioterapia en la rehabilitaci\u00f3n neurol\u00f3gica\u00a0<\/em><\/i>aborda de manera integral los fundamentos de la neurorrehabilitaci\u00f3n a partir de sus 13 principios rectores, e incluye un nuevo cap\u00edtulo sobre razonamiento cl\u00ednico y evaluaci\u00f3n. Describe el tratamiento f\u00edsico de trastornos neurol\u00f3gicos frecuentes, como el ictus, la lesi\u00f3n cerebral traum\u00e1tica, la lesi\u00f3n de m\u00e9dula espinal, la esclerosis m\u00faltiple y la enfermedad de Parkinson, as\u00ed como el de otras afecciones menos habituales, como las enfermedades neurol\u00f3gicas hereditarias, la enfermedad de la motoneurona, las polineuropat\u00edas y los trastornos musculares.<\/p><p style=\"font-weight: 400\">Elaborada por un equipo internacional de editores y expertos, esta quinta edici\u00f3n es el texto sobre fisioterapia m\u00e1s actualizado para estudiantes universitarios y profesionales de la salud, pues se centra en seleccionar los recursos y las herramientas basados en la evidencia m\u00e1s apropiados en lugar de en refrendar abordajes terap\u00e9uticos espec\u00edficos.<\/p>\t\t\t\t\t\t\t\t<\/div>\n\t\t\t\t<\/div>\n\t\t\t\t\t<\/div>\n\t\t\t\t<\/div>\n\t\t\t\t<\/div>\n\t\t","protected":false},"excerpt":{"rendered":"<p><strong>Autores: <\/strong>By Sheila Lennon, PhD MSc BSc FCSP, Gita Ramdharry, BSc (Hons) PG Cert, MSc, PhD and Geert Verheyden, PhD<br \/>\n<strong>ISBN:<\/strong> 9788413827889<br \/>\n<strong>Editorial:<\/strong> elsevier<br \/>\n<strong>Edici\u00f3n:<\/strong> 5\u00aa<br \/>\n<strong>Especialidad<\/strong>: Fisioterapia<br \/>\n<strong>P\u00e1ginas<\/strong>: 728<\/p>\n<p>\u00a9 2025<\/p>\n","protected":false},"featured_media":16946,"comment_status":"open","ping_status":"closed","template":"","meta":{"_joinchat":[]},"product_cat":[111],"product_tag":[239,85,112],"class_list":{"0":"post-16945","1":"product","2":"type-product","3":"status-publish","4":"has-post-thumbnail","6":"product_cat-fisioterapia","7":"product_tag-239","8":"product_tag-elsevier","9":"product_tag-fisioterapia","11":"first","12":"instock","13":"featured","14":"taxable","15":"shipping-taxable","16":"purchasable","17":"product-type-simple"},"_links":{"self":[{"href":"https:\/\/edimeinter.com\/libreria\/wp-json\/wp\/v2\/product\/16945","targetHints":{"allow":["GET"]}}],"collection":[{"href":"https:\/\/edimeinter.com\/libreria\/wp-json\/wp\/v2\/product"}],"about":[{"href":"https:\/\/edimeinter.com\/libreria\/wp-json\/wp\/v2\/types\/product"}],"replies":[{"embeddable":true,"href":"https:\/\/edimeinter.com\/libreria\/wp-json\/wp\/v2\/comments?post=16945"}],"version-history":[{"count":4,"href":"https:\/\/edimeinter.com\/libreria\/wp-json\/wp\/v2\/product\/16945\/revisions"}],"predecessor-version":[{"id":16950,"href":"https:\/\/edimeinter.com\/libreria\/wp-json\/wp\/v2\/product\/16945\/revisions\/16950"}],"wp:featuredmedia":[{"embeddable":true,"href":"https:\/\/edimeinter.com\/libreria\/wp-json\/wp\/v2\/media\/16946"}],"wp:attachment":[{"href":"https:\/\/edimeinter.com\/libreria\/wp-json\/wp\/v2\/media?parent=16945"}],"wp:term":[{"taxonomy":"product_cat","embeddable":true,"href":"https:\/\/edimeinter.com\/libreria\/wp-json\/wp\/v2\/product_cat?post=16945"},{"taxonomy":"product_tag","embeddable":true,"href":"https:\/\/edimeinter.com\/libreria\/wp-json\/wp\/v2\/product_tag?post=16945"}],"curies":[{"name":"wp","href":"https:\/\/api.w.org\/{rel}","templated":true}]}}