{"id":16951,"date":"2025-07-24T21:37:33","date_gmt":"2025-07-24T21:37:33","guid":{"rendered":"https:\/\/edimeinter.com\/libreria\/?post_type=product&#038;p=16951"},"modified":"2025-07-28T22:25:51","modified_gmt":"2025-07-28T22:25:51","slug":"donado-cirugia-bucal-patologia-y-tecnica-6-ed","status":"publish","type":"product","link":"https:\/\/edimeinter.com\/libreria\/product\/donado-cirugia-bucal-patologia-y-tecnica-6-ed\/","title":{"rendered":"Donado. Cirug\u00eda bucal: patolog\u00eda y t\u00e9cnica 6 ed."},"content":{"rendered":"\t\t<div data-elementor-type=\"wp-post\" data-elementor-id=\"16951\" class=\"elementor elementor-16951\">\n\t\t\t\t<div class=\"elementor-element elementor-element-2612b12 e-flex e-con-boxed e-con e-parent\" data-id=\"2612b12\" data-element_type=\"container\" data-e-type=\"container\">\n\t\t\t\t\t<div class=\"e-con-inner\">\n\t\t\n\t\t<div class=\"elementor-element elementor-element-498707ae elementor-widget elementor-widget-text-editor\" data-id=\"498707ae\" data-element_type=\"widget\" data-e-type=\"widget\" data-widget_type=\"text-editor.default\">\n\t\t\t\t<div class=\"elementor-widget-container\">\n\t\t\t\t\t\t\t\t\t<p style=\"font-weight: 400\">Nueva edici\u00f3n del texto de referencia en cirug\u00eda bucal magistralmente dirigido por el Dr Jos\u00e9 Mar\u00eda Mart\u00ednez Gonz\u00e1lez quien tom\u00f3 el relevo del Prof Manuel Donado y ha continuado con su obra hasta llegar a esta 6\u00aa ed.\u00a0\u00a0y que, sin lugar a duda, es la obra\u00a0m\u00e1s difundida, consultada y seguida en las diferentes Facultades de Odontolog\u00eda espa\u00f1olas, conocida por los alumnos de pregrado y grado actuales, como el \u00abLibro de Donado\u00bb.<b><strong>\u00a0<\/strong><\/b>Cuenta con un gran n\u00famero de colaboradores que, aunque una buena parte pertenecen a la Universidad Complutense de Madrid, incluye profesionales de distintas Facultades de Odontolog\u00eda espa\u00f1olas (UB, UAX, Santiago de Compostela, Salamanca.), junto con profesionales de Argentina, M\u00e9xico y Venezuela, as\u00ed como reci\u00e9n incorporado profesor Fernando Pinto Duarte, presidente de la Sociedad Portuguesa de Cirug\u00eda Bucal.\u00a0La nueva ed. se organiza en 10 secciones con un total de 46 cap\u00edtulos.<\/p><p style=\"font-weight: 400\">A destacar la inclusi\u00f3n de una nueva Parte dedicada a la\u0094 Patolog\u00eda de la articulaci\u00f3n temporomandibular\u0094 que incluye dos nuevos cap\u00edtulos (Cap. 30 y Cap. 31). Por otro lado, incluye novedosos cap\u00edtulos en relaci\u00f3n con la patolog\u00eda inflamatoria, qu\u00edstica y tumoral de las gl\u00e1ndulas salivales (se recoge en los nuevos cap\u00edtulos 27, 34, 37 y 41).El resto de los cap\u00edtulos han sufrido diversas reordenaciones y fusiones con el fin de que la nueva edici\u00f3n mantenga su extensi\u00f3n. En todos ellos se han revisado factores etiol\u00f3gicos, procedimientos, diagn\u00f3sticos y aspectos terap\u00e9uticos, y se ha incorporado nueva y abundante iconograf\u00eda.<\/p>\t\t\t\t\t\t\t\t<\/div>\n\t\t\t\t<\/div>\n\t\t\t\t\t<\/div>\n\t\t\t\t<\/div>\n\t\t\t\t<\/div>\n\t\t","protected":false},"excerpt":{"rendered":"<p><strong>Autores: <\/strong>Edited by Jos\u00e9 Mar\u00eda Mart\u00ednez Gonz\u00e1lez<br \/>\n<strong>ISBN:<\/strong> 9788413825625<br \/>\n<strong>Editorial:<\/strong> elsevier<br \/>\n<strong>Edici\u00f3n:<\/strong> 6\u00aa<br \/>\n<strong>Especialidad<\/strong>: Odontolog\u00eda y Ortodoncia<br \/>\n<strong>P\u00e1ginas<\/strong>: 576<\/p>\n<p>\u00a9 2025<\/p>\n","protected":false},"featured_media":16952,"comment_status":"open","ping_status":"closed","template":"","meta":{"_joinchat":[]},"product_cat":[140],"product_tag":[239,85,141],"class_list":{"0":"post-16951","1":"product","2":"type-product","3":"status-publish","4":"has-post-thumbnail","6":"product_cat-odontologia-y-ortodoncia","7":"product_tag-239","8":"product_tag-elsevier","9":"product_tag-odontologia-y-ortodoncia","11":"first","12":"instock","13":"featured","14":"taxable","15":"shipping-taxable","16":"purchasable","17":"product-type-simple"},"_links":{"self":[{"href":"https:\/\/edimeinter.com\/libreria\/wp-json\/wp\/v2\/product\/16951","targetHints":{"allow":["GET"]}}],"collection":[{"href":"https:\/\/edimeinter.com\/libreria\/wp-json\/wp\/v2\/product"}],"about":[{"href":"https:\/\/edimeinter.com\/libreria\/wp-json\/wp\/v2\/types\/product"}],"replies":[{"embeddable":true,"href":"https:\/\/edimeinter.com\/libreria\/wp-json\/wp\/v2\/comments?post=16951"}],"version-history":[{"count":7,"href":"https:\/\/edimeinter.com\/libreria\/wp-json\/wp\/v2\/product\/16951\/revisions"}],"predecessor-version":[{"id":17122,"href":"https:\/\/edimeinter.com\/libreria\/wp-json\/wp\/v2\/product\/16951\/revisions\/17122"}],"wp:featuredmedia":[{"embeddable":true,"href":"https:\/\/edimeinter.com\/libreria\/wp-json\/wp\/v2\/media\/16952"}],"wp:attachment":[{"href":"https:\/\/edimeinter.com\/libreria\/wp-json\/wp\/v2\/media?parent=16951"}],"wp:term":[{"taxonomy":"product_cat","embeddable":true,"href":"https:\/\/edimeinter.com\/libreria\/wp-json\/wp\/v2\/product_cat?post=16951"},{"taxonomy":"product_tag","embeddable":true,"href":"https:\/\/edimeinter.com\/libreria\/wp-json\/wp\/v2\/product_tag?post=16951"}],"curies":[{"name":"wp","href":"https:\/\/api.w.org\/{rel}","templated":true}]}}