{"id":16957,"date":"2025-07-24T22:10:18","date_gmt":"2025-07-24T22:10:18","guid":{"rendered":"https:\/\/edimeinter.com\/libreria\/?post_type=product&#038;p=16957"},"modified":"2026-01-10T21:48:13","modified_gmt":"2026-01-10T21:48:13","slug":"krause-mahan-dietoterapia-16-ed","status":"publish","type":"product","link":"https:\/\/edimeinter.com\/libreria\/product\/krause-mahan-dietoterapia-16-ed\/","title":{"rendered":"Krause. Mahan. Dietoterapia 16 ed."},"content":{"rendered":"\t\t<div data-elementor-type=\"wp-post\" data-elementor-id=\"16957\" class=\"elementor elementor-16957\">\n\t\t\t\t<div class=\"elementor-element elementor-element-2612b12 e-flex e-con-boxed e-con e-parent\" data-id=\"2612b12\" data-element_type=\"container\" data-e-type=\"container\">\n\t\t\t\t\t<div class=\"e-con-inner\">\n\t\t\n\t\t<div class=\"elementor-element elementor-element-498707ae elementor-widget elementor-widget-text-editor\" data-id=\"498707ae\" data-element_type=\"widget\" data-e-type=\"widget\" data-widget_type=\"text-editor.default\">\n\t\t\t\t<div class=\"elementor-widget-container\">\n\t\t\t\t\t\t\t\t\t<p style=\"font-weight: 400\">A lo largo de sus 16 ediciones, esta obra ha acompa\u00f1ado al estudiante en el aprendizaje de la pr\u00e1ctica cl\u00ednica. Aporta la informaci\u00f3n b\u00e1sica sobre nutrici\u00f3n a lo largo del ciclo vital; los algoritmos de abordaje cl\u00ednico; los cuadros de foco de inter\u00e9s, que proporcionan informaci\u00f3n detallada sobre las cuestiones emergentes; los diagn\u00f3sticos nutricionales de muestra para los distintos contextos cl\u00ednicos; las referencias sobre p\u00e1ginas web de utilidad, y extensos ap\u00e9ndices, espec\u00edficos para la educaci\u00f3n del paciente.<\/p><p style=\"font-weight: 400\">\u00a0<\/p><p style=\"font-weight: 400\">Los cap\u00edtulos discurren siguiendo la secuencia de pasos de valoraci\u00f3n, diagn\u00f3stico nutricional, intervenci\u00f3n, seguimiento y evaluaci\u00f3n, con inclusi\u00f3n por separado de los cap\u00edtulos dedicados al tratamiento nutricional m\u00e9dico (TNM) pedi\u00e1trico en una secci\u00f3n espec\u00edfica.<\/p><p style=\"font-weight: 400\">\u00a0<\/p><p style=\"font-weight: 400\">Todos los cap\u00edtulos se han actualizado, prestando especial consideraci\u00f3n a la diversidad cultural. Asimismo, incluye nuevos cap\u00edtulos sobre enfermedades infecciosas y nutrici\u00f3n en personas transg\u00e9nero; actualizaciones relacionadas con la COVID-19 en varios cap\u00edtulos sobre epidemiolog\u00eda y atenci\u00f3n del paciente y nuevos ap\u00e9ndices.<\/p><p style=\"font-weight: 400\">\u00a0<\/p><p style=\"font-weight: 400\">\u00a0<\/p><p style=\"font-weight: 400\">Esta edici\u00f3n va acompa\u00f1ada del sitio web Evolve, que incluye recursos adicionales en ingl\u00e9s actualizados de gran valor para instructores (m\u00e1s de 900 diapositivas para las clases con 200 im\u00e1genes e ilustraciones del texto, m\u00e1s de 900 preguntas de opci\u00f3n m\u00faltiple, animaciones y 10 casos cl\u00ednicos) y estudiantes (m\u00e1s de 600 preguntas de evaluaci\u00f3n y 10 casos cl\u00ednicos).<\/p>\t\t\t\t\t\t\t\t<\/div>\n\t\t\t\t<\/div>\n\t\t\t\t\t<\/div>\n\t\t\t\t<\/div>\n\t\t\t\t<\/div>\n\t\t","protected":false},"excerpt":{"rendered":"<p><strong>Autores: <\/strong>By Janice L Raymond, MS, RDN, CSG and Kelly Morrow, MS, RDN, FAND<br \/>\n<strong>ISBN:<\/strong> 9788413826707<br \/>\n<strong>Editorial:<\/strong> elsevier<br \/>\n<strong>Edici\u00f3n:<\/strong> 16\u00aa<br \/>\n<strong>Especialidad<\/strong>: Nutrici\u00f3n y Dietoterapia<br \/>\n<strong>P\u00e1ginas<\/strong>: 1270<\/p>\n<p>\u00a9 2025<\/p>\n","protected":false},"featured_media":16958,"comment_status":"open","ping_status":"closed","template":"","meta":{"_joinchat":[]},"product_cat":[106],"product_tag":[239,85,107],"class_list":{"0":"post-16957","1":"product","2":"type-product","3":"status-publish","4":"has-post-thumbnail","6":"product_cat-nutricion-y-dietoterapia","7":"product_tag-239","8":"product_tag-elsevier","9":"product_tag-nutricion-y-dietoterapia","11":"first","12":"instock","13":"featured","14":"taxable","15":"shipping-taxable","16":"purchasable","17":"product-type-simple"},"_links":{"self":[{"href":"https:\/\/edimeinter.com\/libreria\/wp-json\/wp\/v2\/product\/16957","targetHints":{"allow":["GET"]}}],"collection":[{"href":"https:\/\/edimeinter.com\/libreria\/wp-json\/wp\/v2\/product"}],"about":[{"href":"https:\/\/edimeinter.com\/libreria\/wp-json\/wp\/v2\/types\/product"}],"replies":[{"embeddable":true,"href":"https:\/\/edimeinter.com\/libreria\/wp-json\/wp\/v2\/comments?post=16957"}],"version-history":[{"count":5,"href":"https:\/\/edimeinter.com\/libreria\/wp-json\/wp\/v2\/product\/16957\/revisions"}],"predecessor-version":[{"id":17738,"href":"https:\/\/edimeinter.com\/libreria\/wp-json\/wp\/v2\/product\/16957\/revisions\/17738"}],"wp:featuredmedia":[{"embeddable":true,"href":"https:\/\/edimeinter.com\/libreria\/wp-json\/wp\/v2\/media\/16958"}],"wp:attachment":[{"href":"https:\/\/edimeinter.com\/libreria\/wp-json\/wp\/v2\/media?parent=16957"}],"wp:term":[{"taxonomy":"product_cat","embeddable":true,"href":"https:\/\/edimeinter.com\/libreria\/wp-json\/wp\/v2\/product_cat?post=16957"},{"taxonomy":"product_tag","embeddable":true,"href":"https:\/\/edimeinter.com\/libreria\/wp-json\/wp\/v2\/product_tag?post=16957"}],"curies":[{"name":"wp","href":"https:\/\/api.w.org\/{rel}","templated":true}]}}