{"id":16964,"date":"2025-07-24T22:15:04","date_gmt":"2025-07-24T22:15:04","guid":{"rendered":"https:\/\/edimeinter.com\/libreria\/?post_type=product&#038;p=16964"},"modified":"2025-07-24T22:21:13","modified_gmt":"2025-07-24T22:21:13","slug":"infertilidad-masculina","status":"publish","type":"product","link":"https:\/\/edimeinter.com\/libreria\/product\/infertilidad-masculina\/","title":{"rendered":"Infertilidad masculina"},"content":{"rendered":"\t\t<div data-elementor-type=\"wp-post\" data-elementor-id=\"16964\" class=\"elementor elementor-16964\">\n\t\t\t\t<div class=\"elementor-element elementor-element-2612b12 e-flex e-con-boxed e-con e-parent\" data-id=\"2612b12\" data-element_type=\"container\" data-e-type=\"container\">\n\t\t\t\t\t<div class=\"e-con-inner\">\n\t\t\n\t\t<div class=\"elementor-element elementor-element-498707ae elementor-widget elementor-widget-text-editor\" data-id=\"498707ae\" data-element_type=\"widget\" data-e-type=\"widget\" data-widget_type=\"text-editor.default\">\n\t\t\t\t<div class=\"elementor-widget-container\">\n\t\t\t\t\t\t\t\t\t<p style=\"font-weight: 400\"><b><strong>Orientaci\u00f3n pr\u00e1ctica y real sobre la infertilidad masculina, desde el diagn\u00f3stico hasta el tratamiento<\/strong><\/b><\/p><p style=\"font-weight: 400\">A pesar de que aproximadamente la mitad de los problemas de infertilidad tienen su origen en factores masculinos, los ginec\u00f3logos suelen ser los primeros profesionales sanitarios que realizan la evaluaci\u00f3n inicial de la pareja inf\u00e9rtil. Por este motivo, es fundamental que los ginec\u00f3logos y los especialistas en medicina reproductiva se mantengan al d\u00eda sobre las\u00a0<b><strong>principales afecciones que causan la infertilidad<\/strong><\/b>\u00a0<b><strong>masculina,\u00a0<\/strong><\/b>as\u00ed como sobre las\u00a0<b><strong>herramientas de diagn\u00f3stico\u00a0<\/strong><\/b>y las\u00a0<b><strong>opciones de tratamiento<\/strong><\/b>\u00a0<b><strong>actuales,\u00a0<\/strong><\/b>tanto para la concepci\u00f3n natural como para la asistida.<\/p><p style=\"font-weight: 400\">Desde el diagn\u00f3stico hasta el tratamiento,\u00a0<i><em>Infertilidad masculina. Abordaje en la medicina reproductiva\u00a0<\/em><\/i>ofrece una\u00a0<b><strong>gu\u00eda experta y clara<\/strong><\/b>\u00a0sobre la fisiopatolog\u00eda y el manejo de la infertilidad masculina para los cl\u00ednicos que asisten a las parejas en las primeras etapas del proceso de intentar concebir.<\/p>\t\t\t\t\t\t\t\t<\/div>\n\t\t\t\t<\/div>\n\t\t\t\t\t<\/div>\n\t\t\t\t<\/div>\n\t\t\t\t<\/div>\n\t\t","protected":false},"excerpt":{"rendered":"<p><strong>Autores: <\/strong>By Ashok Agarwal, PhD, HCLD (ABB), ELD (ACE), Florence Boitrelle, Panagiotis Drakopoulos, Hassan Nooman Sallam and Ramadan Saleh<br \/>\n<strong>ISBN:<\/strong> 9788413827971<br \/>\n<strong>Editorial:<\/strong> elsevier<br \/>\n<strong>Edici\u00f3n:<\/strong> 1\u00aa<br \/>\n<strong>Especialidad<\/strong>: Urolog\u00eda<br \/>\n<strong>P\u00e1ginas<\/strong>: 432<\/p>\n<p>\u00a9 2025<\/p>\n","protected":false},"featured_media":16965,"comment_status":"open","ping_status":"closed","template":"","meta":{"_joinchat":[]},"product_cat":[148],"product_tag":[239,85,149],"class_list":{"0":"post-16964","1":"product","2":"type-product","3":"status-publish","4":"has-post-thumbnail","6":"product_cat-urologia","7":"product_tag-239","8":"product_tag-elsevier","9":"product_tag-urologia","11":"first","12":"instock","13":"featured","14":"taxable","15":"shipping-taxable","16":"purchasable","17":"product-type-simple"},"_links":{"self":[{"href":"https:\/\/edimeinter.com\/libreria\/wp-json\/wp\/v2\/product\/16964","targetHints":{"allow":["GET"]}}],"collection":[{"href":"https:\/\/edimeinter.com\/libreria\/wp-json\/wp\/v2\/product"}],"about":[{"href":"https:\/\/edimeinter.com\/libreria\/wp-json\/wp\/v2\/types\/product"}],"replies":[{"embeddable":true,"href":"https:\/\/edimeinter.com\/libreria\/wp-json\/wp\/v2\/comments?post=16964"}],"version-history":[{"count":4,"href":"https:\/\/edimeinter.com\/libreria\/wp-json\/wp\/v2\/product\/16964\/revisions"}],"predecessor-version":[{"id":16969,"href":"https:\/\/edimeinter.com\/libreria\/wp-json\/wp\/v2\/product\/16964\/revisions\/16969"}],"wp:featuredmedia":[{"embeddable":true,"href":"https:\/\/edimeinter.com\/libreria\/wp-json\/wp\/v2\/media\/16965"}],"wp:attachment":[{"href":"https:\/\/edimeinter.com\/libreria\/wp-json\/wp\/v2\/media?parent=16964"}],"wp:term":[{"taxonomy":"product_cat","embeddable":true,"href":"https:\/\/edimeinter.com\/libreria\/wp-json\/wp\/v2\/product_cat?post=16964"},{"taxonomy":"product_tag","embeddable":true,"href":"https:\/\/edimeinter.com\/libreria\/wp-json\/wp\/v2\/product_tag?post=16964"}],"curies":[{"name":"wp","href":"https:\/\/api.w.org\/{rel}","templated":true}]}}