{"id":16976,"date":"2025-07-24T22:29:20","date_gmt":"2025-07-24T22:29:20","guid":{"rendered":"https:\/\/edimeinter.com\/libreria\/?post_type=product&#038;p=16976"},"modified":"2025-10-01T21:57:29","modified_gmt":"2025-10-01T21:57:29","slug":"netter-atlas-de-embriologia-humana-2-ed","status":"publish","type":"product","link":"https:\/\/edimeinter.com\/libreria\/product\/netter-atlas-de-embriologia-humana-2-ed\/","title":{"rendered":"Netter Atlas de embriolog\u00eda humana 2 ed."},"content":{"rendered":"\t\t<div data-elementor-type=\"wp-post\" data-elementor-id=\"16976\" class=\"elementor elementor-16976\">\n\t\t\t\t<div class=\"elementor-element elementor-element-2612b12 e-flex e-con-boxed e-con e-parent\" data-id=\"2612b12\" data-element_type=\"container\" data-e-type=\"container\">\n\t\t\t\t\t<div class=\"e-con-inner\">\n\t\t\n\t\t<div class=\"elementor-element elementor-element-498707ae elementor-widget elementor-widget-text-editor\" data-id=\"498707ae\" data-element_type=\"widget\" data-e-type=\"widget\" data-widget_type=\"text-editor.default\">\n\t\t\t\t<div class=\"elementor-widget-container\">\n\t\t\t\t\t\t\t\t\t<p style=\"font-weight: 400\">Nuevo t\u00edtulo que se incorpora al cat\u00e1logo de Embriolog\u00eda y que en esta ocasi\u00f3n se trata de un Atlas en el que se incluyen im\u00e1genes\u00a0<i><em>Nette<\/em><\/i>r, estilo\u00a0<i><em>Netter<\/em><\/i>, im\u00e1genes de radiodiagn\u00f3stico, esquemas, tablas y en el que se aborda la embriolog\u00eda de forma integrada. Se cubren aspectos histol\u00f3gicos en aquellos casos en los que se considera necesario y se incluyen cuadros de fondo azul en los que se resalta la correlaci\u00f3n cl\u00ednica.<\/p><p style=\"font-weight: 400\">La obra hace un especial \u00e9nfasis en\u00a0las ilustraciones para demostrar la diversidad racial y \u00e9tnica, incluida una representaci\u00f3n m\u00e1s amplia de los tonos de piel, as\u00ed como en otros \u00e1mbitos como el sexo y el g\u00e9nero, la edad y la discapacidad.<\/p><p style=\"font-weight: 400\">Incluye un ap\u00e9ndice al final de la obra en la que se listan las principales anomal\u00edas cong\u00e9nitas y su correspondiente base embriol\u00f3gica.<\/p><p style=\"font-weight: 400\">La obra\u00a0incluye acceso a la plataforma e-book+ en la que se encuentra el e-book en ingl\u00e9s<\/p>\t\t\t\t\t\t\t\t<\/div>\n\t\t\t\t<\/div>\n\t\t\t\t\t<\/div>\n\t\t\t\t<\/div>\n\t\t\t\t<\/div>\n\t\t","protected":false},"excerpt":{"rendered":"<p><strong>Autores: <\/strong>By Larry R. Cochard, PhD<br \/>\n<strong>ISBN:<\/strong> 9788413827995<br \/>\n<strong>Editorial:<\/strong> elsevier<br \/>\n<strong>Edici\u00f3n:<\/strong> 2\u00aa<br \/>\n<strong>Especialidad<\/strong>: Dermatolog\u00eda<br \/>\n<strong>P\u00e1ginas<\/strong>: 432<\/p>\n<p>\u00a9 2025<\/p>\n","protected":false},"featured_media":16977,"comment_status":"open","ping_status":"closed","template":"","meta":{"_joinchat":[]},"product_cat":[216],"product_tag":[239,85,217],"class_list":{"0":"post-16976","1":"product","2":"type-product","3":"status-publish","4":"has-post-thumbnail","6":"product_cat-embriologia","7":"product_tag-239","8":"product_tag-elsevier","9":"product_tag-embriologia","11":"first","12":"instock","13":"featured","14":"taxable","15":"shipping-taxable","16":"purchasable","17":"product-type-simple"},"_links":{"self":[{"href":"https:\/\/edimeinter.com\/libreria\/wp-json\/wp\/v2\/product\/16976","targetHints":{"allow":["GET"]}}],"collection":[{"href":"https:\/\/edimeinter.com\/libreria\/wp-json\/wp\/v2\/product"}],"about":[{"href":"https:\/\/edimeinter.com\/libreria\/wp-json\/wp\/v2\/types\/product"}],"replies":[{"embeddable":true,"href":"https:\/\/edimeinter.com\/libreria\/wp-json\/wp\/v2\/comments?post=16976"}],"version-history":[{"count":5,"href":"https:\/\/edimeinter.com\/libreria\/wp-json\/wp\/v2\/product\/16976\/revisions"}],"predecessor-version":[{"id":17406,"href":"https:\/\/edimeinter.com\/libreria\/wp-json\/wp\/v2\/product\/16976\/revisions\/17406"}],"wp:featuredmedia":[{"embeddable":true,"href":"https:\/\/edimeinter.com\/libreria\/wp-json\/wp\/v2\/media\/16977"}],"wp:attachment":[{"href":"https:\/\/edimeinter.com\/libreria\/wp-json\/wp\/v2\/media?parent=16976"}],"wp:term":[{"taxonomy":"product_cat","embeddable":true,"href":"https:\/\/edimeinter.com\/libreria\/wp-json\/wp\/v2\/product_cat?post=16976"},{"taxonomy":"product_tag","embeddable":true,"href":"https:\/\/edimeinter.com\/libreria\/wp-json\/wp\/v2\/product_tag?post=16976"}],"curies":[{"name":"wp","href":"https:\/\/api.w.org\/{rel}","templated":true}]}}