{"id":16982,"date":"2025-07-24T22:35:08","date_gmt":"2025-07-24T22:35:08","guid":{"rendered":"https:\/\/edimeinter.com\/libreria\/?post_type=product&#038;p=16982"},"modified":"2025-07-24T22:39:11","modified_gmt":"2025-07-24T22:39:11","slug":"guia-de-enfermeria-obstetrica-y-ginecologica","status":"publish","type":"product","link":"https:\/\/edimeinter.com\/libreria\/product\/guia-de-enfermeria-obstetrica-y-ginecologica\/","title":{"rendered":"Gu\u00eda de enfermer\u00eda obst\u00e9trica y ginecol\u00f3gica"},"content":{"rendered":"\t\t<div data-elementor-type=\"wp-post\" data-elementor-id=\"16982\" class=\"elementor elementor-16982\">\n\t\t\t\t<div class=\"elementor-element elementor-element-2612b12 e-flex e-con-boxed e-con e-parent\" data-id=\"2612b12\" data-element_type=\"container\" data-e-type=\"container\">\n\t\t\t\t\t<div class=\"e-con-inner\">\n\t\t\n\t\t<div class=\"elementor-element elementor-element-498707ae elementor-widget elementor-widget-text-editor\" data-id=\"498707ae\" data-element_type=\"widget\" data-e-type=\"widget\" data-widget_type=\"text-editor.default\">\n\t\t\t\t<div class=\"elementor-widget-container\">\n\t\t\t\t\t\t\t\t\t<p style=\"font-weight: 400\">Esta gu\u00eda ofrece todo lo que deben saber sobre la obstetricia y la ginecolog\u00eda actuales los alumnos del grado de Enfermer\u00eda, en concreto para el estudio la asignatura de Salud Sexual y Reproductiva, as\u00ed como los residentes en esta especialidad. Asimismo, es una herramienta de consulta y apoyo para las matronas y el resto de los profesionales implicados en la atenci\u00f3n enfermera obst\u00e9trica-ginecol\u00f3gica.<\/p><p style=\"font-weight: 400\">Su contenido, totalmente adaptado al plan de estudios vigente,\u00a0recoge toda la informaci\u00f3n relacionada con la salud de la mujer a lo largo del ciclo vital.\u00a0Se estructura en 18 cap\u00edtulos ordenados en tres partes: \u201cIntroducci\u00f3n a la salud sexual y reproductiva\u0094 que abarca la salud sexual y reproductiva; la embriolog\u00eda y la reproducci\u00f3n, y la anatom\u00eda y la fisiolog\u00eda del aparato reproductor; \u201cObstetricia\u0094 que comprende el embarazo y sus alteraciones; el parto y el puerperio; la lactancia materna y la alimentaci\u00f3n del reci\u00e9n nacido, y el contacto piel con piel y los cuidados del reci\u00e9n nacido sano; y \u201cGinecolog\u00eda\u0094 que cubre la consulta ginecol\u00f3gica; el inicio de la vida f\u00e9rtil y la planificaci\u00f3n familiar; las disfunciones reproductivas; las infecciones de transmisi\u00f3n sexual y del tracto genital; el c\u00e1ncer ginecol\u00f3gico, y el climaterio.<\/p><p style=\"font-weight: 400\">Las numerosas y pr\u00e1cticas ilustraciones, fotograf\u00edas, tablas y cuadros ayudan a sintetizar el contenido, y a facilitar la lectura y la b\u00fasqueda de informaci\u00f3n.<\/p><p style=\"font-weight: 400\">La obra finaliza con una provechosa relaci\u00f3n de lecturas recomendadas y un exhaustivo \u00edndice alfab\u00e9tico de materias.<\/p>\t\t\t\t\t\t\t\t<\/div>\n\t\t\t\t<\/div>\n\t\t\t\t\t<\/div>\n\t\t\t\t<\/div>\n\t\t\t\t<\/div>\n\t\t","protected":false},"excerpt":{"rendered":"<p><strong>Autores: <\/strong>By Eva Manuela Cotobal Calvo<br \/>\n<strong>ISBN:<\/strong> 9788413827476<br \/>\n<strong>Editorial:<\/strong> elsevier<br \/>\n<strong>Edici\u00f3n:<\/strong> 2\u00aa<br \/>\n<strong>Especialidad<\/strong>: Enfermer\u00eda<br \/>\n<strong>P\u00e1ginas<\/strong>: 264<\/p>\n<p>\u00a9 2025<\/p>\n","protected":false},"featured_media":16983,"comment_status":"open","ping_status":"closed","template":"","meta":{"_joinchat":[]},"product_cat":[115],"product_tag":[239,85,82],"class_list":{"0":"post-16982","1":"product","2":"type-product","3":"status-publish","4":"has-post-thumbnail","6":"product_cat-enfermeria","7":"product_tag-239","8":"product_tag-elsevier","9":"product_tag-enfermeria","11":"first","12":"instock","13":"featured","14":"taxable","15":"shipping-taxable","16":"purchasable","17":"product-type-simple"},"_links":{"self":[{"href":"https:\/\/edimeinter.com\/libreria\/wp-json\/wp\/v2\/product\/16982","targetHints":{"allow":["GET"]}}],"collection":[{"href":"https:\/\/edimeinter.com\/libreria\/wp-json\/wp\/v2\/product"}],"about":[{"href":"https:\/\/edimeinter.com\/libreria\/wp-json\/wp\/v2\/types\/product"}],"replies":[{"embeddable":true,"href":"https:\/\/edimeinter.com\/libreria\/wp-json\/wp\/v2\/comments?post=16982"}],"version-history":[{"count":4,"href":"https:\/\/edimeinter.com\/libreria\/wp-json\/wp\/v2\/product\/16982\/revisions"}],"predecessor-version":[{"id":16987,"href":"https:\/\/edimeinter.com\/libreria\/wp-json\/wp\/v2\/product\/16982\/revisions\/16987"}],"wp:featuredmedia":[{"embeddable":true,"href":"https:\/\/edimeinter.com\/libreria\/wp-json\/wp\/v2\/media\/16983"}],"wp:attachment":[{"href":"https:\/\/edimeinter.com\/libreria\/wp-json\/wp\/v2\/media?parent=16982"}],"wp:term":[{"taxonomy":"product_cat","embeddable":true,"href":"https:\/\/edimeinter.com\/libreria\/wp-json\/wp\/v2\/product_cat?post=16982"},{"taxonomy":"product_tag","embeddable":true,"href":"https:\/\/edimeinter.com\/libreria\/wp-json\/wp\/v2\/product_tag?post=16982"}],"curies":[{"name":"wp","href":"https:\/\/api.w.org\/{rel}","templated":true}]}}