{"id":16988,"date":"2025-07-24T22:52:25","date_gmt":"2025-07-24T22:52:25","guid":{"rendered":"https:\/\/edimeinter.com\/libreria\/?post_type=product&#038;p=16988"},"modified":"2025-07-24T22:59:16","modified_gmt":"2025-07-24T22:59:16","slug":"informatica-en-salud-3-ed","status":"publish","type":"product","link":"https:\/\/edimeinter.com\/libreria\/product\/informatica-en-salud-3-ed\/","title":{"rendered":"Inform\u00e1tica en salud 3 ed."},"content":{"rendered":"\t\t<div data-elementor-type=\"wp-post\" data-elementor-id=\"16988\" class=\"elementor elementor-16988\">\n\t\t\t\t<div class=\"elementor-element elementor-element-2612b12 e-flex e-con-boxed e-con e-parent\" data-id=\"2612b12\" data-element_type=\"container\" data-e-type=\"container\">\n\t\t\t\t\t<div class=\"e-con-inner\">\n\t\t\n\t\t<div class=\"elementor-element elementor-element-498707ae elementor-widget elementor-widget-text-editor\" data-id=\"498707ae\" data-element_type=\"widget\" data-e-type=\"widget\" data-widget_type=\"text-editor.default\">\n\t\t\t\t<div class=\"elementor-widget-container\">\n\t\t\t\t\t\t\t\t\t<p style=\"font-weight: 400\">El objetivo de esta obra es mostrar a los estudiantes c\u00f3mo la tecnolog\u00eda de la informaci\u00f3n se cruza con la atenci\u00f3n sanitaria actual. Ofrece contenido preciso acerca de sistemas de informaci\u00f3n y aplicaciones, como historias cl\u00ednicas electr\u00f3nicas, apoyo a la decisi\u00f3n cl\u00ednica, telesalud, sanidad m\u00f3vil<i><em>,<\/em><\/i>\u00a0pacientes digitales y herramientas de medios sociales, as\u00ed como implementaci\u00f3n de sistemas.\u00a0<\/p><p style=\"font-weight: 400\">Entre las novedades de esta edici\u00f3n se incluyen temas como los enfoques anal\u00edticos de la inform\u00e1tica en salud, el uso de la inform\u00e1tica en salud en pandemias. Asimismo, refleja la\u00a0pr\u00e1ctica actual y en desarrollo de la inform\u00e1tica en salud\u00a0utilizando ejemplos reales de asistencia sanitaria, integra\u00a0estrategias para promover la igualdad en la asistencia sanitaria liberando los algoritmos y la toma de decisiones de prejuicios impl\u00edcitos y expl\u00edcitos e incorpora los\u00a0\u00faltimos dominios de la American Association of Critical-Care Nurses\u00a0para apoyar los programas de grado, m\u00e1ster y doctorado.<\/p><p style=\"font-weight: 400\">\u00a0Fomenta el pensamiento cr\u00edtico con las\u00a0\u00abPreguntas para el debate\u00bb\u00a0y los\u00a0\u00abCasos pr\u00e1cticos\u00bb\u00a0al final de cada cap\u00edtulo, que puede aplicarse a experiencias del mundo real, y refuerza los temas y explica c\u00f3mo seguir\u00e1n evolucionando con las\u00a0\u00abConclusiones y orientaciones futuras\u00bb\u00a0al final de cada cap\u00edtulo.\u00a0<\/p><p style=\"font-weight: 400\">En un cap\u00edtulo espec\u00edfico\u00a0analiza los aspectos relevantes de la sanidad m\u00f3vil: el crecimiento mundial de la poblaci\u00f3n, las nuevas oportunidades en zonas desatendidas, la normativa gubernamental sobre cuestiones como la filtraci\u00f3n y la extracci\u00f3n de datos, la repercusi\u00f3n de los datos generados por los pacientes, los aspectos legales de los proveedores que monitorizan los datos generados por los pacientes y la mayor responsabilidad de los pacientes<\/p>\t\t\t\t\t\t\t\t<\/div>\n\t\t\t\t<\/div>\n\t\t\t\t\t<\/div>\n\t\t\t\t<\/div>\n\t\t\t\t<\/div>\n\t\t","protected":false},"excerpt":{"rendered":"<p><strong>Autores: <\/strong>By Lynda R. Hardy, PhD, RN<br \/>\n<strong>ISBN:<\/strong> 9788413827759<br \/>\n<strong>Editorial:<\/strong> elsevier<br \/>\n<strong>Edici\u00f3n:<\/strong> 3\u00aa<br \/>\n<strong>Especialidad<\/strong>: Enfermer\u00eda<br \/>\n<strong>P\u00e1ginas<\/strong>: 568<\/p>\n<p>\u00a9 2025<\/p>\n","protected":false},"featured_media":16989,"comment_status":"open","ping_status":"closed","template":"","meta":{"_joinchat":[]},"product_cat":[193],"product_tag":[239,85,194],"class_list":{"0":"post-16988","1":"product","2":"type-product","3":"status-publish","4":"has-post-thumbnail","6":"product_cat-salud-publica","7":"product_tag-239","8":"product_tag-elsevier","9":"product_tag-salud-publica","11":"first","12":"instock","13":"featured","14":"taxable","15":"shipping-taxable","16":"purchasable","17":"product-type-simple"},"_links":{"self":[{"href":"https:\/\/edimeinter.com\/libreria\/wp-json\/wp\/v2\/product\/16988","targetHints":{"allow":["GET"]}}],"collection":[{"href":"https:\/\/edimeinter.com\/libreria\/wp-json\/wp\/v2\/product"}],"about":[{"href":"https:\/\/edimeinter.com\/libreria\/wp-json\/wp\/v2\/types\/product"}],"replies":[{"embeddable":true,"href":"https:\/\/edimeinter.com\/libreria\/wp-json\/wp\/v2\/comments?post=16988"}],"version-history":[{"count":4,"href":"https:\/\/edimeinter.com\/libreria\/wp-json\/wp\/v2\/product\/16988\/revisions"}],"predecessor-version":[{"id":16993,"href":"https:\/\/edimeinter.com\/libreria\/wp-json\/wp\/v2\/product\/16988\/revisions\/16993"}],"wp:featuredmedia":[{"embeddable":true,"href":"https:\/\/edimeinter.com\/libreria\/wp-json\/wp\/v2\/media\/16989"}],"wp:attachment":[{"href":"https:\/\/edimeinter.com\/libreria\/wp-json\/wp\/v2\/media?parent=16988"}],"wp:term":[{"taxonomy":"product_cat","embeddable":true,"href":"https:\/\/edimeinter.com\/libreria\/wp-json\/wp\/v2\/product_cat?post=16988"},{"taxonomy":"product_tag","embeddable":true,"href":"https:\/\/edimeinter.com\/libreria\/wp-json\/wp\/v2\/product_tag?post=16988"}],"curies":[{"name":"wp","href":"https:\/\/api.w.org\/{rel}","templated":true}]}}