{"id":16995,"date":"2025-07-25T16:53:14","date_gmt":"2025-07-25T16:53:14","guid":{"rendered":"https:\/\/edimeinter.com\/libreria\/?post_type=product&#038;p=16995"},"modified":"2025-07-25T16:55:58","modified_gmt":"2025-07-25T16:55:58","slug":"ortodoncia-a-partir-de-los-50","status":"publish","type":"product","link":"https:\/\/edimeinter.com\/libreria\/product\/ortodoncia-a-partir-de-los-50\/","title":{"rendered":"Ortodoncia a partir de los 50"},"content":{"rendered":"\t\t<div data-elementor-type=\"wp-post\" data-elementor-id=\"16995\" class=\"elementor elementor-16995\">\n\t\t\t\t<div class=\"elementor-element elementor-element-2612b12 e-flex e-con-boxed e-con e-parent\" data-id=\"2612b12\" data-element_type=\"container\" data-e-type=\"container\">\n\t\t\t\t\t<div class=\"e-con-inner\">\n\t\t\n\t\t<div class=\"elementor-element elementor-element-498707ae elementor-widget elementor-widget-text-editor\" data-id=\"498707ae\" data-element_type=\"widget\" data-e-type=\"widget\" data-widget_type=\"text-editor.default\">\n\t\t\t\t<div class=\"elementor-widget-container\">\n\t\t\t\t\t\t\t\t\t<p style=\"font-weight: 400\">Desde principios de la d\u00e9cada de 2000, los adultos mayores de 50 a\u00f1os son cada vez menos reticentes a acudir a la consulta de ortodoncia, cuya organizaci\u00f3n suele estar perfectamente adaptada para los pacientes adolescentes. Sin embargo, la ortodoncia de las personas mayores es muy distinta a la de los pacientes j\u00f3venes, desde los puntos de vista tanto t\u00e9cnico como biol\u00f3gico, psicol\u00f3gico y est\u00e9tico. Las personas mayores presentan unas exigencias, una historia y unas limitaciones fisiol\u00f3gicas distintas a las del adolescente. En este contexto, conocer las especificidades del tratamiento de las personas mayores es fundamental para garantizar una asistencia \u00f3ptima.<\/p><p style=\"font-weight: 400\">El objetivo de este libro es describir en detalle el envejecimiento bucodental y exponer las caracter\u00edsticas del tratamiento ortod\u00f3ncico de los mayores de 50 a\u00f1os. Por tanto, est\u00e1 dirigido a todos los profesionales interesados en el envejecimiento bucodental. Basado en el intercambio de conocimientos y de experiencia, est\u00e1 constituido por 50 fichas sint\u00e9ticas repletas de consejos y trucos. Adem\u00e1s, contiene m\u00e1s de 1.000 fotograf\u00edas cl\u00ednicas para educar nuestra mente y nuestra mirada para esta tarea en particular.<\/p><p style=\"font-weight: 400\">Escrito por profesionales de referencia, es eminentemente pr\u00e1ctico, y est\u00e1 destinado a proporcionar respuestas a las preguntas que se plantea el cl\u00ednico durante el tratamiento de los pacientes mayores de 50 a\u00f1os.<\/p>\t\t\t\t\t\t\t\t<\/div>\n\t\t\t\t<\/div>\n\t\t\t\t\t<\/div>\n\t\t\t\t<\/div>\n\t\t\t\t<\/div>\n\t\t","protected":false},"excerpt":{"rendered":"<p><strong>Autores: <\/strong>By Christine Muller and Pierre Canal<br \/>\n<strong>ISBN:<\/strong> 9788413828077<br \/>\n<strong>Editorial:<\/strong> elsevier<br \/>\n<strong>Edici\u00f3n:<\/strong> 1\u00aa<br \/>\n<strong>Especialidad<\/strong>: Odontolog\u00eda y Ortodoncia<br \/>\n<strong>P\u00e1ginas<\/strong>: 220<\/p>\n<p>\u00a9 2025<\/p>\n","protected":false},"featured_media":16996,"comment_status":"open","ping_status":"closed","template":"","meta":{"_joinchat":[]},"product_cat":[140],"product_tag":[239,85,141],"class_list":{"0":"post-16995","1":"product","2":"type-product","3":"status-publish","4":"has-post-thumbnail","6":"product_cat-odontologia-y-ortodoncia","7":"product_tag-239","8":"product_tag-elsevier","9":"product_tag-odontologia-y-ortodoncia","11":"first","12":"instock","13":"featured","14":"taxable","15":"shipping-taxable","16":"purchasable","17":"product-type-simple"},"_links":{"self":[{"href":"https:\/\/edimeinter.com\/libreria\/wp-json\/wp\/v2\/product\/16995","targetHints":{"allow":["GET"]}}],"collection":[{"href":"https:\/\/edimeinter.com\/libreria\/wp-json\/wp\/v2\/product"}],"about":[{"href":"https:\/\/edimeinter.com\/libreria\/wp-json\/wp\/v2\/types\/product"}],"replies":[{"embeddable":true,"href":"https:\/\/edimeinter.com\/libreria\/wp-json\/wp\/v2\/comments?post=16995"}],"version-history":[{"count":4,"href":"https:\/\/edimeinter.com\/libreria\/wp-json\/wp\/v2\/product\/16995\/revisions"}],"predecessor-version":[{"id":17000,"href":"https:\/\/edimeinter.com\/libreria\/wp-json\/wp\/v2\/product\/16995\/revisions\/17000"}],"wp:featuredmedia":[{"embeddable":true,"href":"https:\/\/edimeinter.com\/libreria\/wp-json\/wp\/v2\/media\/16996"}],"wp:attachment":[{"href":"https:\/\/edimeinter.com\/libreria\/wp-json\/wp\/v2\/media?parent=16995"}],"wp:term":[{"taxonomy":"product_cat","embeddable":true,"href":"https:\/\/edimeinter.com\/libreria\/wp-json\/wp\/v2\/product_cat?post=16995"},{"taxonomy":"product_tag","embeddable":true,"href":"https:\/\/edimeinter.com\/libreria\/wp-json\/wp\/v2\/product_tag?post=16995"}],"curies":[{"name":"wp","href":"https:\/\/api.w.org\/{rel}","templated":true}]}}