{"id":17025,"date":"2025-07-25T17:36:57","date_gmt":"2025-07-25T17:36:57","guid":{"rendered":"https:\/\/edimeinter.com\/libreria\/?post_type=product&#038;p=17025"},"modified":"2026-01-21T19:22:33","modified_gmt":"2026-01-21T19:22:33","slug":"vallejo-introduccion-a-la-psicopatologia-y-la-psiquiatria-9-ed","status":"publish","type":"product","link":"https:\/\/edimeinter.com\/libreria\/product\/vallejo-introduccion-a-la-psicopatologia-y-la-psiquiatria-9-ed\/","title":{"rendered":"Vallejo. Introducci\u00f3n a la Psicopatolog\u00eda y la Psiquiatr\u00eda 9 ed."},"content":{"rendered":"\t\t<div data-elementor-type=\"wp-post\" data-elementor-id=\"17025\" class=\"elementor elementor-17025\">\n\t\t\t\t<div class=\"elementor-element elementor-element-2612b12 e-flex e-con-boxed e-con e-parent\" data-id=\"2612b12\" data-element_type=\"container\" data-e-type=\"container\">\n\t\t\t\t\t<div class=\"e-con-inner\">\n\t\t\n\t\t<div class=\"elementor-element elementor-element-498707ae elementor-widget elementor-widget-text-editor\" data-id=\"498707ae\" data-element_type=\"widget\" data-e-type=\"widget\" data-widget_type=\"text-editor.default\">\n\t\t\t\t<div class=\"elementor-widget-container\">\n\t\t\t\t\t\t\t\t\t<p style=\"font-weight: 400\">Obra de referencia imprescindible para estudiantes de Medicina y Psicolog\u00eda, as\u00ed como para profesionales de la salud mental, en la que se abordan los fundamentos psicopatol\u00f3gicos de la psiquiatr\u00eda. Su enfoque did\u00e1ctico, su amplia y rigurosa cobertura y la exhaustividad de su contenido la convierten en una herramienta fundamental para el aprendizaje y la pr\u00e1ctica cl\u00ednica.<\/p><p style=\"font-weight: 400\">Los directores y colaboradores de esta novena edici\u00f3n, reconocidos especialistas en sus respectivos campos, han mantenido el esquema cl\u00e1sico y pedag\u00f3gico que caracteriza la obra, poni\u00e9ndola al d\u00eda con la incorporaci\u00f3n de los avances m\u00e1s recientes en la disciplina y revisando los cap\u00edtulos conforme a las clasificaciones actuales.<\/p><p style=\"font-weight: 400\">El texto profundiza en las bases biol\u00f3gicas, psicol\u00f3gicas y sociales de la Psiquiatr\u00eda, aborda el reconocimiento de los distintos cuadros cl\u00ednicos y sus enfoques terap\u00e9uticos, y presta especial atenci\u00f3n a \u00e1reas clave como la psiquiatr\u00eda infantil y del adolescente, la psiquiatr\u00eda del anciano, las urgencias psiqui\u00e1tricas, la prevenci\u00f3n, y los aspectos jur\u00eddicos y forenses.<\/p><p style=\"font-weight: 400\">Esta edici\u00f3n supone un importante hito al rendir homenaje al Profesor Julio Vallejo, director original y creador de la obra. Bajo la direcci\u00f3n del Profesor Antonio Bulbena, colaborador desde la primera edici\u00f3n, y del Profesor Narc\u00eds Cardoner, disc\u00edpulo del Profesor Vallejo, el libro sigue evolucionando y reafirmando su relevancia y excelencia cient\u00edfica y acad\u00e9mica. Como tributo a su creador, la obra adopta su nombre. Asimismo, cuenta con el aval de la\u00a0Societat Catalana de Psiquiatria i Salut Mental\u00a0y de la Sociedad Espa\u00f1ola de Psiquiatr\u00eda y Salud Mental.<\/p>\t\t\t\t\t\t\t\t<\/div>\n\t\t\t\t<\/div>\n\t\t\t\t\t<\/div>\n\t\t\t\t<\/div>\n\t\t\t\t<\/div>\n\t\t","protected":false},"excerpt":{"rendered":"<p><strong>Autores: <\/strong>By Antonio Bulbena Vilarrasa and Narc\u00eds Cardoner \u00c1lvarez<br \/>\n<strong>ISBN:<\/strong> 9788491138303<br \/>\n<strong>Editorial:<\/strong> elsevier<br \/>\n<strong>Edici\u00f3n:<\/strong> 9\u00aa<br \/>\n<strong>Especialidad<\/strong>: Psiquiatr\u00eda<br \/>\n<strong>P\u00e1ginas<\/strong>: 736<\/p>\n<p>\u00a9 2025<\/p>\n","protected":false},"featured_media":17026,"comment_status":"open","ping_status":"closed","template":"","meta":{"_joinchat":[]},"product_cat":[68],"product_tag":[239,85,69],"class_list":{"0":"post-17025","1":"product","2":"type-product","3":"status-publish","4":"has-post-thumbnail","6":"product_cat-psiquiatria","7":"product_tag-239","8":"product_tag-elsevier","9":"product_tag-psiquiatria","11":"first","12":"instock","13":"featured","14":"taxable","15":"shipping-taxable","16":"purchasable","17":"product-type-simple"},"_links":{"self":[{"href":"https:\/\/edimeinter.com\/libreria\/wp-json\/wp\/v2\/product\/17025","targetHints":{"allow":["GET"]}}],"collection":[{"href":"https:\/\/edimeinter.com\/libreria\/wp-json\/wp\/v2\/product"}],"about":[{"href":"https:\/\/edimeinter.com\/libreria\/wp-json\/wp\/v2\/types\/product"}],"replies":[{"embeddable":true,"href":"https:\/\/edimeinter.com\/libreria\/wp-json\/wp\/v2\/comments?post=17025"}],"version-history":[{"count":5,"href":"https:\/\/edimeinter.com\/libreria\/wp-json\/wp\/v2\/product\/17025\/revisions"}],"predecessor-version":[{"id":17037,"href":"https:\/\/edimeinter.com\/libreria\/wp-json\/wp\/v2\/product\/17025\/revisions\/17037"}],"wp:featuredmedia":[{"embeddable":true,"href":"https:\/\/edimeinter.com\/libreria\/wp-json\/wp\/v2\/media\/17026"}],"wp:attachment":[{"href":"https:\/\/edimeinter.com\/libreria\/wp-json\/wp\/v2\/media?parent=17025"}],"wp:term":[{"taxonomy":"product_cat","embeddable":true,"href":"https:\/\/edimeinter.com\/libreria\/wp-json\/wp\/v2\/product_cat?post=17025"},{"taxonomy":"product_tag","embeddable":true,"href":"https:\/\/edimeinter.com\/libreria\/wp-json\/wp\/v2\/product_tag?post=17025"}],"curies":[{"name":"wp","href":"https:\/\/api.w.org\/{rel}","templated":true}]}}