{"id":17031,"date":"2025-07-25T17:44:58","date_gmt":"2025-07-25T17:44:58","guid":{"rendered":"https:\/\/edimeinter.com\/libreria\/?post_type=product&#038;p=17031"},"modified":"2025-07-25T17:48:48","modified_gmt":"2025-07-25T17:48:48","slug":"anatomia-topografica-con-aplicacion-medico-quirurgica","status":"publish","type":"product","link":"https:\/\/edimeinter.com\/libreria\/product\/anatomia-topografica-con-aplicacion-medico-quirurgica\/","title":{"rendered":"Anatom\u00eda topogr\u00e1fica con aplicaci\u00f3n m\u00e9dico-quir\u00fargica"},"content":{"rendered":"\t\t<div data-elementor-type=\"wp-post\" data-elementor-id=\"17031\" class=\"elementor elementor-17031\">\n\t\t\t\t<div class=\"elementor-element elementor-element-2612b12 e-flex e-con-boxed e-con e-parent\" data-id=\"2612b12\" data-element_type=\"container\" data-e-type=\"container\">\n\t\t\t\t\t<div class=\"e-con-inner\">\n\t\t\n\t\t<div class=\"elementor-element elementor-element-498707ae elementor-widget elementor-widget-text-editor\" data-id=\"498707ae\" data-element_type=\"widget\" data-e-type=\"widget\" data-widget_type=\"text-editor.default\">\n\t\t\t\t<div class=\"elementor-widget-container\">\n\t\t\t\t\t\t\t\t\t<p style=\"font-weight: 400\">Nueva obra en el campo de la anatom\u00eda magistralmente dirigida por el Dr. \u00d3scar Inzunza y el Dr. Emilio Farf\u00e1n, en el que se presenta un texto con\u00a0abordaje topogr\u00e1fico de los temas anat\u00f3micos, analizando de forma sint\u00e9tica las diferentes regiones corporales, tal como se hace en el planeamiento y la ejecuci\u00f3n de una disecci\u00f3n anat\u00f3mica estandarizada. Por otro lado, en cada cap\u00edtulo, en la descripci\u00f3n de la anatom\u00eda de cada estructura se ha incluido una breve exposici\u00f3n embriol\u00f3gica e histol\u00f3gica, se\u00f1alando, adem\u00e1s, la importancia funcional y cl\u00ednica de esos elementos.<\/p><p style=\"font-weight: 400\">En cuanto a la iconograf\u00eda, los autores aportan un importante banco de im\u00e1genes de disecci\u00f3n cadav\u00e9rica. Adicionalmente, se incluyen\u00a0ilustraciones seleccionadas procedentes de la obra de referencia\u00a0<i><em>Gray. Anatom\u00eda para estudiantes, 5\u00aa ed.<\/em><\/i><\/p><p style=\"font-weight: 400\">Se utiliza la\u00a0<b><strong><i><em>Terminolog\u00eda Anat\u00f3mica Internacional,\u00a0<\/em><\/i><\/strong><\/b>si bien por motivos pr\u00e1cticos\u00a0<b><strong>se<\/strong><\/b>\u00a0<b><strong>a\u00f1aden en negrita los ep\u00f3nimos de uso cl\u00ednico m\u00e1s habituales.<\/strong><\/b><\/p><p style=\"font-weight: 400\">Incluye un atlas de\u00a0<b><strong>anatom\u00eda seccional,\u00a0<\/strong><\/b>consistente en material fotogr\u00e1fico obtenido de secciones cadav\u00e9ricas axiales, transversales y frontales de las diferentes regiones corporales, y que ser\u00e1 un valioso recurso docente para la correcta comprensi\u00f3n de las t\u00e9cnicas de imagen seccionales<\/p>\t\t\t\t\t\t\t\t<\/div>\n\t\t\t\t<\/div>\n\t\t\t\t\t<\/div>\n\t\t\t\t<\/div>\n\t\t\t\t<\/div>\n\t\t","protected":false},"excerpt":{"rendered":"<p><strong>Autores: <\/strong>Edited by \u00d3scar Inzunza and Emilio Farf\u00e1n<br \/>\n<strong>ISBN:<\/strong> 9788413825731<br \/>\n<strong>Editorial:<\/strong> elsevier<br \/>\n<strong>Edici\u00f3n:<\/strong> 1\u00aa<br \/>\n<strong>Especialidad<\/strong>: Anatom\u00eda<br \/>\n<strong>P\u00e1ginas<\/strong>: 544<\/p>\n<p>\u00a9 2025<\/p>\n","protected":false},"featured_media":17032,"comment_status":"open","ping_status":"closed","template":"","meta":{"_joinchat":[]},"product_cat":[100],"product_tag":[239,101,85],"class_list":{"0":"post-17031","1":"product","2":"type-product","3":"status-publish","4":"has-post-thumbnail","6":"product_cat-anatomia","7":"product_tag-239","8":"product_tag-anatomia","9":"product_tag-elsevier","11":"first","12":"instock","13":"featured","14":"taxable","15":"shipping-taxable","16":"purchasable","17":"product-type-simple"},"_links":{"self":[{"href":"https:\/\/edimeinter.com\/libreria\/wp-json\/wp\/v2\/product\/17031","targetHints":{"allow":["GET"]}}],"collection":[{"href":"https:\/\/edimeinter.com\/libreria\/wp-json\/wp\/v2\/product"}],"about":[{"href":"https:\/\/edimeinter.com\/libreria\/wp-json\/wp\/v2\/types\/product"}],"replies":[{"embeddable":true,"href":"https:\/\/edimeinter.com\/libreria\/wp-json\/wp\/v2\/comments?post=17031"}],"version-history":[{"count":4,"href":"https:\/\/edimeinter.com\/libreria\/wp-json\/wp\/v2\/product\/17031\/revisions"}],"predecessor-version":[{"id":17036,"href":"https:\/\/edimeinter.com\/libreria\/wp-json\/wp\/v2\/product\/17031\/revisions\/17036"}],"wp:featuredmedia":[{"embeddable":true,"href":"https:\/\/edimeinter.com\/libreria\/wp-json\/wp\/v2\/media\/17032"}],"wp:attachment":[{"href":"https:\/\/edimeinter.com\/libreria\/wp-json\/wp\/v2\/media?parent=17031"}],"wp:term":[{"taxonomy":"product_cat","embeddable":true,"href":"https:\/\/edimeinter.com\/libreria\/wp-json\/wp\/v2\/product_cat?post=17031"},{"taxonomy":"product_tag","embeddable":true,"href":"https:\/\/edimeinter.com\/libreria\/wp-json\/wp\/v2\/product_tag?post=17031"}],"curies":[{"name":"wp","href":"https:\/\/api.w.org\/{rel}","templated":true}]}}