{"id":17044,"date":"2025-07-25T17:59:02","date_gmt":"2025-07-25T17:59:02","guid":{"rendered":"https:\/\/edimeinter.com\/libreria\/?post_type=product&#038;p=17044"},"modified":"2025-07-25T18:02:42","modified_gmt":"2025-07-25T18:02:42","slug":"cawson-fundamentos-de-medicina-y-patologia-oral-10-ed","status":"publish","type":"product","link":"https:\/\/edimeinter.com\/libreria\/product\/cawson-fundamentos-de-medicina-y-patologia-oral-10-ed\/","title":{"rendered":"Cawson. Fundamentos de medicina y patolog\u00eda oral 10 ed."},"content":{"rendered":"\t\t<div data-elementor-type=\"wp-post\" data-elementor-id=\"17044\" class=\"elementor elementor-17044\">\n\t\t\t\t<div class=\"elementor-element elementor-element-2612b12 e-flex e-con-boxed e-con e-parent\" data-id=\"2612b12\" data-element_type=\"container\" data-e-type=\"container\">\n\t\t\t\t\t<div class=\"e-con-inner\">\n\t\t\n\t\t<div class=\"elementor-element elementor-element-498707ae elementor-widget elementor-widget-text-editor\" data-id=\"498707ae\" data-element_type=\"widget\" data-e-type=\"widget\" data-widget_type=\"text-editor.default\">\n\t\t\t\t<div class=\"elementor-widget-container\">\n\t\t\t\t\t\t\t\t\t<p style=\"font-weight: 400\">Nueva ed. de un texto fuertemente implementado en el mercado (m\u00e1s de 60 a\u00f1os) y que integra la medicina oral, patolog\u00eda y tratamientos quir\u00fargicos y farmacol\u00f3gicos, permitiendo al estudiante aplicar algoritmos diagn\u00f3sticos y desarrollar la comprensi\u00f3n clave que necesitar\u00e1n para aplicar la teor\u00eda a la pr\u00e1ctica cl\u00ednica.<\/p><p style=\"font-weight: 400\">Incluye diagramas de flujo, cuadros resumen y preguntas de autoevaluaci\u00f3n, as\u00ed como una magn\u00edfica colecci\u00f3n de fotograf\u00edas cl\u00ednicas<\/p><p style=\"font-weight: 400\">La nueva edici\u00f3n sufre profundos cambios, tanto a nivel de incorporaci\u00f3n de nuevos contenidos (nuevas secciones y cap\u00edtulos) como de la ampliaci\u00f3n y actualizaci\u00f3n relativa a determinados aspectos y caracter\u00edsticas de las patolog\u00edas dentales.<\/p><p style=\"font-weight: 400\">Se incluye acceso al e-book en ingl\u00e9s\u00a0a trav\u00e9s de la plataforma e-book+<\/p>\t\t\t\t\t\t\t\t<\/div>\n\t\t\t\t<\/div>\n\t\t\t\t\t<\/div>\n\t\t\t\t<\/div>\n\t\t\t\t<\/div>\n\t\t","protected":false},"excerpt":{"rendered":"<p><strong>Autores: <\/strong>By Edward W. Odell, FDSRCS, MSc, PhD, FRCPath<br \/>\n<strong>ISBN:<\/strong> 9788413828169<br \/>\n<strong>Editorial:<\/strong> elsevier<br \/>\n<strong>Edici\u00f3n:<\/strong> 10\u00aa<br \/>\n<strong>Especialidad<\/strong>: Odontolog\u00eda y Ortodoncia<br \/>\n<strong>P\u00e1ginas<\/strong>: 640<\/p>\n<p>\u00a9 2025<\/p>\n","protected":false},"featured_media":17045,"comment_status":"open","ping_status":"closed","template":"","meta":{"_joinchat":[]},"product_cat":[140],"product_tag":[239,85,141],"class_list":{"0":"post-17044","1":"product","2":"type-product","3":"status-publish","4":"has-post-thumbnail","6":"product_cat-odontologia-y-ortodoncia","7":"product_tag-239","8":"product_tag-elsevier","9":"product_tag-odontologia-y-ortodoncia","11":"first","12":"instock","13":"featured","14":"taxable","15":"shipping-taxable","16":"purchasable","17":"product-type-simple"},"_links":{"self":[{"href":"https:\/\/edimeinter.com\/libreria\/wp-json\/wp\/v2\/product\/17044","targetHints":{"allow":["GET"]}}],"collection":[{"href":"https:\/\/edimeinter.com\/libreria\/wp-json\/wp\/v2\/product"}],"about":[{"href":"https:\/\/edimeinter.com\/libreria\/wp-json\/wp\/v2\/types\/product"}],"replies":[{"embeddable":true,"href":"https:\/\/edimeinter.com\/libreria\/wp-json\/wp\/v2\/comments?post=17044"}],"version-history":[{"count":4,"href":"https:\/\/edimeinter.com\/libreria\/wp-json\/wp\/v2\/product\/17044\/revisions"}],"predecessor-version":[{"id":17049,"href":"https:\/\/edimeinter.com\/libreria\/wp-json\/wp\/v2\/product\/17044\/revisions\/17049"}],"wp:featuredmedia":[{"embeddable":true,"href":"https:\/\/edimeinter.com\/libreria\/wp-json\/wp\/v2\/media\/17045"}],"wp:attachment":[{"href":"https:\/\/edimeinter.com\/libreria\/wp-json\/wp\/v2\/media?parent=17044"}],"wp:term":[{"taxonomy":"product_cat","embeddable":true,"href":"https:\/\/edimeinter.com\/libreria\/wp-json\/wp\/v2\/product_cat?post=17044"},{"taxonomy":"product_tag","embeddable":true,"href":"https:\/\/edimeinter.com\/libreria\/wp-json\/wp\/v2\/product_tag?post=17044"}],"curies":[{"name":"wp","href":"https:\/\/api.w.org\/{rel}","templated":true}]}}