{"id":17050,"date":"2025-07-25T18:18:29","date_gmt":"2025-07-25T18:18:29","guid":{"rendered":"https:\/\/edimeinter.com\/libreria\/?post_type=product&#038;p=17050"},"modified":"2025-07-25T18:23:04","modified_gmt":"2025-07-25T18:23:04","slug":"massachusetts-general-hospital-tratado-de-psiquiatria-clinica-3-ed","status":"publish","type":"product","link":"https:\/\/edimeinter.com\/libreria\/product\/massachusetts-general-hospital-tratado-de-psiquiatria-clinica-3-ed\/","title":{"rendered":"Massachusetts General Hospital. Tratado de Psiquiatr\u00eda Cl\u00ednica 3 ed."},"content":{"rendered":"\t\t<div data-elementor-type=\"wp-post\" data-elementor-id=\"17050\" class=\"elementor elementor-17050\">\n\t\t\t\t<div class=\"elementor-element elementor-element-2612b12 e-flex e-con-boxed e-con e-parent\" data-id=\"2612b12\" data-element_type=\"container\" data-e-type=\"container\">\n\t\t\t\t\t<div class=\"e-con-inner\">\n\t\t\n\t\t<div class=\"elementor-element elementor-element-498707ae elementor-widget elementor-widget-text-editor\" data-id=\"498707ae\" data-element_type=\"widget\" data-e-type=\"widget\" data-widget_type=\"text-editor.default\">\n\t\t\t\t<div class=\"elementor-widget-container\">\n\t\t\t\t\t\t\t\t\t<p style=\"font-weight: 400\"><b><strong>La informaci\u00f3n que necesita sobre atenci\u00f3n psiqui\u00e1trica de la mano de un hospital de referencia.<\/strong><\/b><\/p><p style=\"font-weight: 400\">El Massachusetts General Hospital (MGH) est\u00e1 considerado una de las instituciones psiqui\u00e1tricas m\u00e1s importantes<b><strong>\u00a0<\/strong><\/b>del mundo. La nueva edici\u00f3n de este prestigioso manual ofrece una vez m\u00e1s\u00a0<b><strong>consejos pr\u00e1cticos e informativos\u00a0<\/strong><\/b>de los integrantes del prestigioso departamento de psiquiatr\u00eda del MGH, que le ayudar\u00e1n a poner las mejores<b><strong>\u00a0<\/strong><\/b>pr\u00e1cticas actuales al servicio de sus pacientes. Esta rigurosa obra abarca una\u00a0<b><strong>amplia diversidad de s\u00edndromes y entornos cl\u00ednicos,\u00a0<\/strong><\/b>siempre con el apoyo de magn\u00edficas ilustraciones. En un \u00fanico y pr\u00e1ctico volumen, tendr\u00e1\u00a0<b><strong>f\u00e1cil acceso a las respuestas que necesita\u00a0<\/strong><\/b>para afrontar y superar cualquier dificultad en su pr\u00e1ctica cl\u00ednica.<\/p>\t\t\t\t\t\t\t\t<\/div>\n\t\t\t\t<\/div>\n\t\t\t\t\t<\/div>\n\t\t\t\t<\/div>\n\t\t\t\t<\/div>\n\t\t","protected":false},"excerpt":{"rendered":"<p><strong>Autores: <\/strong>By Theodore A. Stern, MD, Timothy E. Wilens, MD and Maurizio Fava, MD<br \/>\n<strong>ISBN:<\/strong> 9788413828060<br \/>\n<strong>Editorial:<\/strong> elsevier<br \/>\n<strong>Edici\u00f3n:<\/strong> 3\u00aa<br \/>\n<strong>Especialidad<\/strong>: Psiquiatr\u00eda<br \/>\n<strong>P\u00e1ginas<\/strong>: 1072<\/p>\n<p>\u00a9 2025<\/p>\n","protected":false},"featured_media":17051,"comment_status":"open","ping_status":"closed","template":"","meta":{"_joinchat":[]},"product_cat":[68],"product_tag":[239,85,69],"class_list":{"0":"post-17050","1":"product","2":"type-product","3":"status-publish","4":"has-post-thumbnail","6":"product_cat-psiquiatria","7":"product_tag-239","8":"product_tag-elsevier","9":"product_tag-psiquiatria","11":"first","12":"instock","13":"featured","14":"taxable","15":"shipping-taxable","16":"purchasable","17":"product-type-simple"},"_links":{"self":[{"href":"https:\/\/edimeinter.com\/libreria\/wp-json\/wp\/v2\/product\/17050","targetHints":{"allow":["GET"]}}],"collection":[{"href":"https:\/\/edimeinter.com\/libreria\/wp-json\/wp\/v2\/product"}],"about":[{"href":"https:\/\/edimeinter.com\/libreria\/wp-json\/wp\/v2\/types\/product"}],"replies":[{"embeddable":true,"href":"https:\/\/edimeinter.com\/libreria\/wp-json\/wp\/v2\/comments?post=17050"}],"version-history":[{"count":4,"href":"https:\/\/edimeinter.com\/libreria\/wp-json\/wp\/v2\/product\/17050\/revisions"}],"predecessor-version":[{"id":17055,"href":"https:\/\/edimeinter.com\/libreria\/wp-json\/wp\/v2\/product\/17050\/revisions\/17055"}],"wp:featuredmedia":[{"embeddable":true,"href":"https:\/\/edimeinter.com\/libreria\/wp-json\/wp\/v2\/media\/17051"}],"wp:attachment":[{"href":"https:\/\/edimeinter.com\/libreria\/wp-json\/wp\/v2\/media?parent=17050"}],"wp:term":[{"taxonomy":"product_cat","embeddable":true,"href":"https:\/\/edimeinter.com\/libreria\/wp-json\/wp\/v2\/product_cat?post=17050"},{"taxonomy":"product_tag","embeddable":true,"href":"https:\/\/edimeinter.com\/libreria\/wp-json\/wp\/v2\/product_tag?post=17050"}],"curies":[{"name":"wp","href":"https:\/\/api.w.org\/{rel}","templated":true}]}}