{"id":17056,"date":"2025-07-25T18:27:54","date_gmt":"2025-07-25T18:27:54","guid":{"rendered":"https:\/\/edimeinter.com\/libreria\/?post_type=product&#038;p=17056"},"modified":"2025-07-28T22:27:32","modified_gmt":"2025-07-28T22:27:32","slug":"abordaje-del-sindrome-postcuidados-intensivos","status":"publish","type":"product","link":"https:\/\/edimeinter.com\/libreria\/product\/abordaje-del-sindrome-postcuidados-intensivos\/","title":{"rendered":"Abordaje del S\u00edndrome postcuidados intensivos"},"content":{"rendered":"\t\t<div data-elementor-type=\"wp-post\" data-elementor-id=\"17056\" class=\"elementor elementor-17056\">\n\t\t\t\t<div class=\"elementor-element elementor-element-2612b12 e-flex e-con-boxed e-con e-parent\" data-id=\"2612b12\" data-element_type=\"container\" data-e-type=\"container\">\n\t\t\t\t\t<div class=\"e-con-inner\">\n\t\t\n\t\t<div class=\"elementor-element elementor-element-498707ae elementor-widget elementor-widget-text-editor\" data-id=\"498707ae\" data-element_type=\"widget\" data-e-type=\"widget\" data-widget_type=\"text-editor.default\">\n\t\t\t\t<div class=\"elementor-widget-container\">\n\t\t\t\t\t\t\t\t\t<p>El s\u00edndrome postcuidados intensivos (SPCI) es una entidad cl\u00ednica caracterizada por la aparici\u00f3n de secuelas f\u00edsicas, cognitivas y\/o ps\u00edquicas tras la estancia en una unidad de cuidados intensivos (UCI). Este manual compila y ofrece todo el conocimiento actual sobre prevenci\u00f3n, diagn\u00f3stico, tratamiento y seguimiento de esta nueva patolog\u00eda del paciente cr\u00edtico, y proporciona orientaci\u00f3n y herramientas para evitar su aparici\u00f3n tanto en el paciente como en sus familiares.<\/p><p>Abordaje del s\u00edndrome postcuidados intensivos brinda, desde la perspectiva de la medicina centrada en el paciente y su familia, un contenido basado en la mejor evidencia cient\u00edfica y en la dilatada experiencia de especialistas en el paciente cr\u00edtico.<\/p>\t\t\t\t\t\t\t\t<\/div>\n\t\t\t\t<\/div>\n\t\t\t\t\t<\/div>\n\t\t\t\t<\/div>\n\t\t\t\t<\/div>\n\t\t","protected":false},"excerpt":{"rendered":"<p><strong>Autores: <\/strong>By Mar\u00eda \u00c1ngeles De La Torre Ramos, \u00c1ngela Alonso Ovies and Carlos Velayos Amo<br \/>\n<strong>ISBN:<\/strong> 9788413827155<br \/>\n<strong>Editorial:<\/strong> elsevier<br \/>\n<strong>Edici\u00f3n:<\/strong> 1\u00aa<br \/>\n<strong>Especialidad<\/strong>: Cuidados Intensivos<br \/>\n<strong>P\u00e1ginas<\/strong>: 390<\/p>\n<p>\u00a9 2025<\/p>\n","protected":false},"featured_media":17057,"comment_status":"open","ping_status":"closed","template":"","meta":{"_joinchat":[]},"product_cat":[179],"product_tag":[239,180,85],"class_list":{"0":"post-17056","1":"product","2":"type-product","3":"status-publish","4":"has-post-thumbnail","6":"product_cat-cuidados-intensivos","7":"product_tag-239","8":"product_tag-cuidados-intensivos","9":"product_tag-elsevier","11":"first","12":"instock","13":"featured","14":"taxable","15":"shipping-taxable","16":"purchasable","17":"product-type-simple"},"_links":{"self":[{"href":"https:\/\/edimeinter.com\/libreria\/wp-json\/wp\/v2\/product\/17056","targetHints":{"allow":["GET"]}}],"collection":[{"href":"https:\/\/edimeinter.com\/libreria\/wp-json\/wp\/v2\/product"}],"about":[{"href":"https:\/\/edimeinter.com\/libreria\/wp-json\/wp\/v2\/types\/product"}],"replies":[{"embeddable":true,"href":"https:\/\/edimeinter.com\/libreria\/wp-json\/wp\/v2\/comments?post=17056"}],"version-history":[{"count":5,"href":"https:\/\/edimeinter.com\/libreria\/wp-json\/wp\/v2\/product\/17056\/revisions"}],"predecessor-version":[{"id":17120,"href":"https:\/\/edimeinter.com\/libreria\/wp-json\/wp\/v2\/product\/17056\/revisions\/17120"}],"wp:featuredmedia":[{"embeddable":true,"href":"https:\/\/edimeinter.com\/libreria\/wp-json\/wp\/v2\/media\/17057"}],"wp:attachment":[{"href":"https:\/\/edimeinter.com\/libreria\/wp-json\/wp\/v2\/media?parent=17056"}],"wp:term":[{"taxonomy":"product_cat","embeddable":true,"href":"https:\/\/edimeinter.com\/libreria\/wp-json\/wp\/v2\/product_cat?post=17056"},{"taxonomy":"product_tag","embeddable":true,"href":"https:\/\/edimeinter.com\/libreria\/wp-json\/wp\/v2\/product_tag?post=17056"}],"curies":[{"name":"wp","href":"https:\/\/api.w.org\/{rel}","templated":true}]}}