{"id":17062,"date":"2025-07-25T18:34:19","date_gmt":"2025-07-25T18:34:19","guid":{"rendered":"https:\/\/edimeinter.com\/libreria\/?post_type=product&#038;p=17062"},"modified":"2025-07-25T18:37:20","modified_gmt":"2025-07-25T18:37:20","slug":"fisioterapia-oncologica-y-cuidados-paliativos","status":"publish","type":"product","link":"https:\/\/edimeinter.com\/libreria\/product\/fisioterapia-oncologica-y-cuidados-paliativos\/","title":{"rendered":"Fisioterapia oncol\u00f3gica y cuidados paliativos"},"content":{"rendered":"\t\t<div data-elementor-type=\"wp-post\" data-elementor-id=\"17062\" class=\"elementor elementor-17062\">\n\t\t\t\t<div class=\"elementor-element elementor-element-2612b12 e-flex e-con-boxed e-con e-parent\" data-id=\"2612b12\" data-element_type=\"container\" data-e-type=\"container\">\n\t\t\t\t\t<div class=\"e-con-inner\">\n\t\t\n\t\t<div class=\"elementor-element elementor-element-498707ae elementor-widget elementor-widget-text-editor\" data-id=\"498707ae\" data-element_type=\"widget\" data-e-type=\"widget\" data-widget_type=\"text-editor.default\">\n\t\t\t\t<div class=\"elementor-widget-container\">\n\t\t\t\t\t\t\t\t\t<p>Fisioterapia oncol\u00f3gica y cuidados paliativos es una gu\u00eda dise\u00f1ada para ofrecer a los fisioterapeutas recursos pr\u00e1cticos basados en la m\u00e1s reciente evidencia cient\u00edfica, con el objetivo de mejorar la calidad de vida de los pacientes con c\u00e1ncer. Desde una perspectiva integral y actualizada de la fisioterapia oncol\u00f3gica y los cuidados paliativos, presenta las secuelas f\u00edsicas m\u00e1s comunes derivadas tanto de la enfermedad como de sus tratamientos, incluyendo aquellas a menudo subestimadas en la pr\u00e1ctica cl\u00ednica, y proporciona estrategias eficaces para su manejo.<\/p><p>Su combinaci\u00f3n de amplitud tem\u00e1tica, enfoque pr\u00e1ctico y actualizaci\u00f3n cient\u00edfica convierten esta obra en un recurso esencial para fisioterapeutas, onc\u00f3logos y otros profesionales de la salud que buscan una comprensi\u00f3n completa y aplicada de la fisioterapia en oncolog\u00eda, y tambi\u00e9n para estudiantes de fisioterapia que deseen especializarse y profundizar en este campo.<\/p>\t\t\t\t\t\t\t\t<\/div>\n\t\t\t\t<\/div>\n\t\t\t\t\t<\/div>\n\t\t\t\t<\/div>\n\t\t\t\t<\/div>\n\t\t","protected":false},"excerpt":{"rendered":"<p><strong>Autores: <\/strong>Edited by Marta G\u00f3mez Nicol\u00e1s<br \/>\n<strong>ISBN:<\/strong> 9788413824680<br \/>\n<strong>Editorial:<\/strong> elsevier<br \/>\n<strong>Edici\u00f3n:<\/strong> 1\u00aa<br \/>\n<strong>Especialidad<\/strong>: Fisioterapia<br \/>\n<strong>P\u00e1ginas<\/strong>: 440<\/p>\n<p>\u00a9 2025<\/p>\n","protected":false},"featured_media":17063,"comment_status":"open","ping_status":"closed","template":"","meta":{"_joinchat":[]},"product_cat":[111],"product_tag":[239,85,112],"class_list":{"0":"post-17062","1":"product","2":"type-product","3":"status-publish","4":"has-post-thumbnail","6":"product_cat-fisioterapia","7":"product_tag-239","8":"product_tag-elsevier","9":"product_tag-fisioterapia","11":"first","12":"instock","13":"featured","14":"taxable","15":"shipping-taxable","16":"purchasable","17":"product-type-simple"},"_links":{"self":[{"href":"https:\/\/edimeinter.com\/libreria\/wp-json\/wp\/v2\/product\/17062","targetHints":{"allow":["GET"]}}],"collection":[{"href":"https:\/\/edimeinter.com\/libreria\/wp-json\/wp\/v2\/product"}],"about":[{"href":"https:\/\/edimeinter.com\/libreria\/wp-json\/wp\/v2\/types\/product"}],"replies":[{"embeddable":true,"href":"https:\/\/edimeinter.com\/libreria\/wp-json\/wp\/v2\/comments?post=17062"}],"version-history":[{"count":4,"href":"https:\/\/edimeinter.com\/libreria\/wp-json\/wp\/v2\/product\/17062\/revisions"}],"predecessor-version":[{"id":17067,"href":"https:\/\/edimeinter.com\/libreria\/wp-json\/wp\/v2\/product\/17062\/revisions\/17067"}],"wp:featuredmedia":[{"embeddable":true,"href":"https:\/\/edimeinter.com\/libreria\/wp-json\/wp\/v2\/media\/17063"}],"wp:attachment":[{"href":"https:\/\/edimeinter.com\/libreria\/wp-json\/wp\/v2\/media?parent=17062"}],"wp:term":[{"taxonomy":"product_cat","embeddable":true,"href":"https:\/\/edimeinter.com\/libreria\/wp-json\/wp\/v2\/product_cat?post=17062"},{"taxonomy":"product_tag","embeddable":true,"href":"https:\/\/edimeinter.com\/libreria\/wp-json\/wp\/v2\/product_tag?post=17062"}],"curies":[{"name":"wp","href":"https:\/\/api.w.org\/{rel}","templated":true}]}}