{"id":17068,"date":"2025-07-25T18:39:27","date_gmt":"2025-07-25T18:39:27","guid":{"rendered":"https:\/\/edimeinter.com\/libreria\/?post_type=product&#038;p=17068"},"modified":"2025-07-25T19:08:52","modified_gmt":"2025-07-25T19:08:52","slug":"ecocardiografia-facil-4-ed","status":"publish","type":"product","link":"https:\/\/edimeinter.com\/libreria\/product\/ecocardiografia-facil-4-ed\/","title":{"rendered":"Ecocardiograf\u00eda f\u00e1cil 4 ed."},"content":{"rendered":"\t\t<div data-elementor-type=\"wp-post\" data-elementor-id=\"17068\" class=\"elementor elementor-17068\">\n\t\t\t\t<div class=\"elementor-element elementor-element-2612b12 e-flex e-con-boxed e-con e-parent\" data-id=\"2612b12\" data-element_type=\"container\" data-e-type=\"container\">\n\t\t\t\t\t<div class=\"e-con-inner\">\n\t\t\n\t\t<div class=\"elementor-element elementor-element-498707ae elementor-widget elementor-widget-text-editor\" data-id=\"498707ae\" data-element_type=\"widget\" data-e-type=\"widget\" data-widget_type=\"text-editor.default\">\n\t\t\t\t<div class=\"elementor-widget-container\">\n\t\t\t\t\t\t\t\t\t<p>Esta gu\u00eda sencilla y muy accesible ser\u00e1 de gran utilidad para todos aquellos que solicitan o realizan ecocardiogramas.<\/p><p>Escrita por el cardi\u00f3logo Sam Kaddoura, Ecocardiograf\u00eda f\u00e1cil proporciona una introducci\u00f3n completa para utilizar la ecocardiograf\u00eda con eficacia. Abarca los principios b\u00e1sicos de las t\u00e9cnicas utilizadas, las enfermedades y los tratamientos del coraz\u00f3n y de la aorta, y aporta consejos pr\u00e1cticos, como el modo de realizar e informar un ecocardiograma.<\/p><p>Este elogiado libro, que ha sido totalmente actualizado en su cuarta edici\u00f3n, es una excelente herramienta de repaso para los profesionales con experiencia en ecocardiograf\u00eda, pero tambi\u00e9n para m\u00e9dicos en formaci\u00f3n y estudiantes de Medicina, cirujanos, m\u00e9dicos generales, fisi\u00f3logos, t\u00e9cnicos sanitarios, personal de enfermer\u00eda y param\u00e9dicos.<\/p>\t\t\t\t\t\t\t\t<\/div>\n\t\t\t\t<\/div>\n\t\t\t\t\t<\/div>\n\t\t\t\t<\/div>\n\t\t\t\t<\/div>\n\t\t","protected":false},"excerpt":{"rendered":"<p><strong>Autores: <\/strong>By Sam Kaddoura<br \/>\n<strong>ISBN:<\/strong> 9788413828756<br \/>\n<strong>Editorial:<\/strong> elsevier<br \/>\n<strong>Edici\u00f3n:<\/strong> 4\u00aa<br \/>\n<strong>Especialidad<\/strong>: Cardiolog\u00eda<br \/>\n<strong>P\u00e1ginas<\/strong>: 296<\/p>\n<p>\u00a9 2025<\/p>\n","protected":false},"featured_media":17069,"comment_status":"open","ping_status":"closed","template":"","meta":{"_joinchat":[]},"product_cat":[118],"product_tag":[239,119,85],"class_list":{"0":"post-17068","1":"product","2":"type-product","3":"status-publish","4":"has-post-thumbnail","6":"product_cat-cardiologia","7":"product_tag-239","8":"product_tag-cardiologia","9":"product_tag-elsevier","11":"first","12":"instock","13":"featured","14":"taxable","15":"shipping-taxable","16":"purchasable","17":"product-type-simple"},"_links":{"self":[{"href":"https:\/\/edimeinter.com\/libreria\/wp-json\/wp\/v2\/product\/17068","targetHints":{"allow":["GET"]}}],"collection":[{"href":"https:\/\/edimeinter.com\/libreria\/wp-json\/wp\/v2\/product"}],"about":[{"href":"https:\/\/edimeinter.com\/libreria\/wp-json\/wp\/v2\/types\/product"}],"replies":[{"embeddable":true,"href":"https:\/\/edimeinter.com\/libreria\/wp-json\/wp\/v2\/comments?post=17068"}],"version-history":[{"count":5,"href":"https:\/\/edimeinter.com\/libreria\/wp-json\/wp\/v2\/product\/17068\/revisions"}],"predecessor-version":[{"id":17094,"href":"https:\/\/edimeinter.com\/libreria\/wp-json\/wp\/v2\/product\/17068\/revisions\/17094"}],"wp:featuredmedia":[{"embeddable":true,"href":"https:\/\/edimeinter.com\/libreria\/wp-json\/wp\/v2\/media\/17069"}],"wp:attachment":[{"href":"https:\/\/edimeinter.com\/libreria\/wp-json\/wp\/v2\/media?parent=17068"}],"wp:term":[{"taxonomy":"product_cat","embeddable":true,"href":"https:\/\/edimeinter.com\/libreria\/wp-json\/wp\/v2\/product_cat?post=17068"},{"taxonomy":"product_tag","embeddable":true,"href":"https:\/\/edimeinter.com\/libreria\/wp-json\/wp\/v2\/product_tag?post=17068"}],"curies":[{"name":"wp","href":"https:\/\/api.w.org\/{rel}","templated":true}]}}