{"id":17074,"date":"2025-07-25T18:45:25","date_gmt":"2025-07-25T18:45:25","guid":{"rendered":"https:\/\/edimeinter.com\/libreria\/?post_type=product&#038;p=17074"},"modified":"2026-01-13T19:15:37","modified_gmt":"2026-01-13T19:15:37","slug":"bontrager-manual-de-posiciones-y-tecnicas-radiologicas-11-ed","status":"publish","type":"product","link":"https:\/\/edimeinter.com\/libreria\/product\/bontrager-manual-de-posiciones-y-tecnicas-radiologicas-11-ed\/","title":{"rendered":"Bontrager. Manual de posiciones y t\u00e9cnicas radiol\u00f3gicas 11 ed."},"content":{"rendered":"\t\t<div data-elementor-type=\"wp-post\" data-elementor-id=\"17074\" class=\"elementor elementor-17074\">\n\t\t\t\t<div class=\"elementor-element elementor-element-2612b12 e-flex e-con-boxed e-con e-parent\" data-id=\"2612b12\" data-element_type=\"container\" data-e-type=\"container\">\n\t\t\t\t\t<div class=\"e-con-inner\">\n\t\t\n\t\t<div class=\"elementor-element elementor-element-498707ae elementor-widget elementor-widget-text-editor\" data-id=\"498707ae\" data-element_type=\"widget\" data-e-type=\"widget\" data-widget_type=\"text-editor.default\">\n\t\t\t\t<div class=\"elementor-widget-container\">\n\t\t\t\t\t\t\t\t\t<p style=\"font-weight: 400\">Este pr\u00e1ctico manual, que contiene una revisi\u00f3n de todas las t\u00e9cnicas de imagen habituales, ayuda a garantizar una colocaci\u00f3n adecuada y una exposici\u00f3n correcta de los pacientes. Presenta descripciones y fotograf\u00edas de la colocaci\u00f3n de los pacientes para cada proyecci\u00f3n\/posici\u00f3n, junto con las localizaciones del RC, los grados de oblicuidad, los \u00e1ngulos espec\u00edficos del RC, las localizaciones de las celdas de CAE y los rangos de kVp propuestos.<\/p><p style=\"font-weight: 400\">Contiene 220 proyecciones que resumen la informaci\u00f3n esencial en un formato pr\u00e1ctico y manejable e incorpora nuevas proyecciones que incluyen el falso perfil y el falso perfil modificado de la cadera.<\/p><p style=\"font-weight: 400\">Incluye radiograf\u00edas basadas en\u00a0los est\u00e1ndares de posicionamiento en las que se describen cada una de las posiciones. Tambi\u00e9n se a\u00f1ade un breve resumen de los factores de\u00a0calidad que se pueden utilizar como matriz para la evaluaci\u00f3n de una imagen. La visualizaci\u00f3n de esta radiograf\u00eda y su comparaci\u00f3n con la lista de criterios de evaluaci\u00f3n ayudar\u00e1n al t\u00e9cnico a realizar una valoraci\u00f3n cr\u00edtica de la imagen que est\u00e1n viendo compar\u00e1ndola con estos est\u00e1ndares.<\/p><p style=\"font-weight: 400\">A\u00f1ade ap\u00e9ndices que incluyen pr\u00e1cticas para la reducci\u00f3n de la dosis de radiaci\u00f3n, abreviaturas y siglas, y tablas de conversi\u00f3n.<\/p>\t\t\t\t\t\t\t\t<\/div>\n\t\t\t\t<\/div>\n\t\t\t\t\t<\/div>\n\t\t\t\t<\/div>\n\t\t\t\t<\/div>\n\t\t","protected":false},"excerpt":{"rendered":"<p><strong>Autores: <\/strong>By John Lampignano, MEd, RT(R) (CT)<br \/>\n<strong>ISBN:<\/strong> 9788413828930<br \/>\n<strong>Editorial:<\/strong> elsevier<br \/>\n<strong>Edici\u00f3n:<\/strong> 11\u00aa<br \/>\n<strong>Especialidad<\/strong>: Diagnostico por im\u00e1genes<br \/>\n<strong>P\u00e1ginas<\/strong>: 344<\/p>\n<p>\u00a9 2025<\/p>\n","protected":false},"featured_media":17075,"comment_status":"open","ping_status":"closed","template":"","meta":{"_joinchat":[]},"product_cat":[80],"product_tag":[239,81,85],"class_list":{"0":"post-17074","1":"product","2":"type-product","3":"status-publish","4":"has-post-thumbnail","6":"product_cat-diagnostico-por-imagenes","7":"product_tag-239","8":"product_tag-diagnostico-por-imagenes","9":"product_tag-elsevier","11":"first","12":"outofstock","13":"featured","14":"taxable","15":"shipping-taxable","16":"purchasable","17":"product-type-simple"},"_links":{"self":[{"href":"https:\/\/edimeinter.com\/libreria\/wp-json\/wp\/v2\/product\/17074","targetHints":{"allow":["GET"]}}],"collection":[{"href":"https:\/\/edimeinter.com\/libreria\/wp-json\/wp\/v2\/product"}],"about":[{"href":"https:\/\/edimeinter.com\/libreria\/wp-json\/wp\/v2\/types\/product"}],"replies":[{"embeddable":true,"href":"https:\/\/edimeinter.com\/libreria\/wp-json\/wp\/v2\/comments?post=17074"}],"version-history":[{"count":5,"href":"https:\/\/edimeinter.com\/libreria\/wp-json\/wp\/v2\/product\/17074\/revisions"}],"predecessor-version":[{"id":17093,"href":"https:\/\/edimeinter.com\/libreria\/wp-json\/wp\/v2\/product\/17074\/revisions\/17093"}],"wp:featuredmedia":[{"embeddable":true,"href":"https:\/\/edimeinter.com\/libreria\/wp-json\/wp\/v2\/media\/17075"}],"wp:attachment":[{"href":"https:\/\/edimeinter.com\/libreria\/wp-json\/wp\/v2\/media?parent=17074"}],"wp:term":[{"taxonomy":"product_cat","embeddable":true,"href":"https:\/\/edimeinter.com\/libreria\/wp-json\/wp\/v2\/product_cat?post=17074"},{"taxonomy":"product_tag","embeddable":true,"href":"https:\/\/edimeinter.com\/libreria\/wp-json\/wp\/v2\/product_tag?post=17074"}],"curies":[{"name":"wp","href":"https:\/\/api.w.org\/{rel}","templated":true}]}}