{"id":17080,"date":"2025-07-25T18:52:32","date_gmt":"2025-07-25T18:52:32","guid":{"rendered":"https:\/\/edimeinter.com\/libreria\/?post_type=product&#038;p=17080"},"modified":"2025-07-28T22:32:19","modified_gmt":"2025-07-28T22:32:19","slug":"manual-de-medicina-legal-y-forense-para-estudiantes-de-medicina-3-ed","status":"publish","type":"product","link":"https:\/\/edimeinter.com\/libreria\/product\/manual-de-medicina-legal-y-forense-para-estudiantes-de-medicina-3-ed\/","title":{"rendered":"Manual de medicina legal y forense para estudiantes de Medicina 3 ed."},"content":{"rendered":"\t\t<div data-elementor-type=\"wp-post\" data-elementor-id=\"17080\" class=\"elementor elementor-17080\">\n\t\t\t\t<div class=\"elementor-element elementor-element-2612b12 e-flex e-con-boxed e-con e-parent\" data-id=\"2612b12\" data-element_type=\"container\" data-e-type=\"container\">\n\t\t\t\t\t<div class=\"e-con-inner\">\n\t\t\n\t\t<div class=\"elementor-element elementor-element-498707ae elementor-widget elementor-widget-text-editor\" data-id=\"498707ae\" data-element_type=\"widget\" data-e-type=\"widget\" data-widget_type=\"text-editor.default\">\n\t\t\t\t<div class=\"elementor-widget-container\">\n\t\t\t\t\t\t\t\t\t<p>Con este manual<i><em>,\u00a0<\/em><\/i>tanto los estudiantes de medicina como los de otras disciplinas biom\u00e9dicas encontrar\u00e1n un texto de referencia para la\u00a0asignatura Medicina Legal y Forense\u00a0avalado por el \u00e9xito de las ediciones previas. Asimismo, ser\u00e1 de gran utilidad para los profesionales que necesiten actualizar sus conocimientos en la especialidad.<\/p><p>Ense\u00f1a de una manera did\u00e1ctica y pr\u00e1ctica los\u00a0conocimientos m\u00e9dico-legales de la asignatura\u00a0en seis secciones: \u00abDerecho m\u00e9dico\u00bb, \u00abMedicina del trabajo\u00bb, \u00abCl\u00ednica m\u00e9dico-forense\u00bb, \u00abTanatolog\u00eda m\u00e9dico-legal\u00bb, \u00abToxicolog\u00eda forense\u00bb y \u00abPsiquiatr\u00eda forense\u00bb.<\/p><p>Completamente actualizado, recoge las\u00a0\u00faltimas reformas legislativas\u00a0que afectan directamente a aspectos esenciales\u00a0de\u00a0la medicina legal y forense ya que condicionan muchos aspectos del ejercicio cl\u00ednico diario. Incorpora un cap\u00edtulo nuevo en esta tercera edici\u00f3n:\u00a0\u00abCuestiones m\u00e9dico-legales en psiquiatr\u00eda\u00bb.<\/p><p>Cuenta con\u00a0autoevaluaciones\u00a0en todos los cap\u00edtulos y\u00a0casos pr\u00e1cticos,\u00a0que tambi\u00e9n incluyen preguntas, para ayudar en el estudio y el repaso del contenido y que se han renovado en su mayor\u00eda.<\/p>\t\t\t\t\t\t\t\t<\/div>\n\t\t\t\t<\/div>\n\t\t\t\t\t<\/div>\n\t\t\t\t<\/div>\n\t\t\t\t<\/div>\n\t\t","protected":false},"excerpt":{"rendered":"<p><strong>Autores: <\/strong>By Jos\u00e9 Antonio Men\u00e9ndez de Lucas<br \/>\n<strong>ISBN:<\/strong> 9788413825366<br \/>\n<strong>Editorial:<\/strong> elsevier<br \/>\n<strong>Edici\u00f3n:<\/strong> 3\u00aa<br \/>\n<strong>Especialidad<\/strong>: Medicina Legal y Forense<br \/>\n<strong>P\u00e1ginas<\/strong>: 488<\/p>\n<p>\u00a9 2025<\/p>\n","protected":false},"featured_media":17081,"comment_status":"open","ping_status":"closed","template":"","meta":{"_joinchat":[]},"product_cat":[142],"product_tag":[239,85,143],"class_list":{"0":"post-17080","1":"product","2":"type-product","3":"status-publish","4":"has-post-thumbnail","6":"product_cat-medicina-legal-y-forense","7":"product_tag-239","8":"product_tag-elsevier","9":"product_tag-medicina-legal-y-forense","11":"first","12":"instock","13":"featured","14":"taxable","15":"shipping-taxable","16":"purchasable","17":"product-type-simple"},"_links":{"self":[{"href":"https:\/\/edimeinter.com\/libreria\/wp-json\/wp\/v2\/product\/17080","targetHints":{"allow":["GET"]}}],"collection":[{"href":"https:\/\/edimeinter.com\/libreria\/wp-json\/wp\/v2\/product"}],"about":[{"href":"https:\/\/edimeinter.com\/libreria\/wp-json\/wp\/v2\/types\/product"}],"replies":[{"embeddable":true,"href":"https:\/\/edimeinter.com\/libreria\/wp-json\/wp\/v2\/comments?post=17080"}],"version-history":[{"count":6,"href":"https:\/\/edimeinter.com\/libreria\/wp-json\/wp\/v2\/product\/17080\/revisions"}],"predecessor-version":[{"id":17124,"href":"https:\/\/edimeinter.com\/libreria\/wp-json\/wp\/v2\/product\/17080\/revisions\/17124"}],"wp:featuredmedia":[{"embeddable":true,"href":"https:\/\/edimeinter.com\/libreria\/wp-json\/wp\/v2\/media\/17081"}],"wp:attachment":[{"href":"https:\/\/edimeinter.com\/libreria\/wp-json\/wp\/v2\/media?parent=17080"}],"wp:term":[{"taxonomy":"product_cat","embeddable":true,"href":"https:\/\/edimeinter.com\/libreria\/wp-json\/wp\/v2\/product_cat?post=17080"},{"taxonomy":"product_tag","embeddable":true,"href":"https:\/\/edimeinter.com\/libreria\/wp-json\/wp\/v2\/product_tag?post=17080"}],"curies":[{"name":"wp","href":"https:\/\/api.w.org\/{rel}","templated":true}]}}