{"id":17101,"date":"2025-07-25T19:17:42","date_gmt":"2025-07-25T19:17:42","guid":{"rendered":"https:\/\/edimeinter.com\/libreria\/?post_type=product&#038;p=17101"},"modified":"2025-07-28T22:31:36","modified_gmt":"2025-07-28T22:31:36","slug":"anatomia-humana-para-estudiantes-de-ciencias-de-la-salud-3-ed","status":"publish","type":"product","link":"https:\/\/edimeinter.com\/libreria\/product\/anatomia-humana-para-estudiantes-de-ciencias-de-la-salud-3-ed\/","title":{"rendered":"Anatom\u00eda humana para estudiantes de ciencias de la salud 3 ed."},"content":{"rendered":"\t\t<div data-elementor-type=\"wp-post\" data-elementor-id=\"17101\" class=\"elementor elementor-17101\">\n\t\t\t\t<div class=\"elementor-element elementor-element-2612b12 e-flex e-con-boxed e-con e-parent\" data-id=\"2612b12\" data-element_type=\"container\" data-e-type=\"container\">\n\t\t\t\t\t<div class=\"e-con-inner\">\n\t\t\n\t\t<div class=\"elementor-element elementor-element-498707ae elementor-widget elementor-widget-text-editor\" data-id=\"498707ae\" data-element_type=\"widget\" data-e-type=\"widget\" data-widget_type=\"text-editor.default\">\n\t\t\t\t<div class=\"elementor-widget-container\">\n\t\t\t\t\t\t\t\t\t<p style=\"font-weight: 400\">Obra que recoge con precisi\u00f3n y funcionalidad las bases anat\u00f3micas de los aparatos y los sistemas del cuerpo humano, conocimiento fundamental para la comprensi\u00f3n del resto de asignaturas y el posterior ejercicio profesional.<\/p><p style=\"font-weight: 400\">La dilatada experiencia en docencia anat\u00f3mica de los autores gu\u00eda de manera eficaz a los estudiantes de los grados de ciencias de la salud que comienzan el estudio de esta disciplina, mostr\u00e1ndoles una anatom\u00eda aplicada a su futura profesi\u00f3n.<\/p><p style=\"font-weight: 400\">Incluye 130 ilustraciones Netter que contribuyen a la explicaci\u00f3n y la comprensi\u00f3n del contenido. Asimismo, como novedad en esta edici\u00f3n se incorpora la embriolog\u00eda de los aparatos circulatorio, respiratorio, digestivo, urinario y reproductores.<\/p><p style=\"font-weight: 400\">Contiene terminolog\u00eda alineada con la Nomina Anatomica.<\/p>\t\t\t\t\t\t\t\t<\/div>\n\t\t\t\t<\/div>\n\t\t\t\t\t<\/div>\n\t\t\t\t<\/div>\n\t\t\t\t<\/div>\n\t\t","protected":false},"excerpt":{"rendered":"<p><strong>Autores: <\/strong>By Juan Antonio Su\u00e1rez Quintanilla, Ignacio Iturrieta Zuazo, Ana Isabel Rodr\u00edguez P\u00e9rez and Francisco Javier Garc\u00eda Esteo<br \/>\n<strong>ISBN:<\/strong> 9788413827278<br \/>\n<strong>Editorial:<\/strong> elsevier<br \/>\n<strong>Edici\u00f3n:<\/strong> 3\u00aa<br \/>\n<strong>Especialidad<\/strong>: Anatom\u00eda<br \/>\n<strong>P\u00e1ginas<\/strong>: 208<\/p>\n<p>\u00a9 2025<\/p>\n","protected":false},"featured_media":17102,"comment_status":"open","ping_status":"closed","template":"","meta":{"_joinchat":[]},"product_cat":[100],"product_tag":[239,101,85],"class_list":{"0":"post-17101","1":"product","2":"type-product","3":"status-publish","4":"has-post-thumbnail","6":"product_cat-anatomia","7":"product_tag-239","8":"product_tag-anatomia","9":"product_tag-elsevier","11":"first","12":"instock","13":"featured","14":"taxable","15":"shipping-taxable","16":"purchasable","17":"product-type-simple"},"_links":{"self":[{"href":"https:\/\/edimeinter.com\/libreria\/wp-json\/wp\/v2\/product\/17101","targetHints":{"allow":["GET"]}}],"collection":[{"href":"https:\/\/edimeinter.com\/libreria\/wp-json\/wp\/v2\/product"}],"about":[{"href":"https:\/\/edimeinter.com\/libreria\/wp-json\/wp\/v2\/types\/product"}],"replies":[{"embeddable":true,"href":"https:\/\/edimeinter.com\/libreria\/wp-json\/wp\/v2\/comments?post=17101"}],"version-history":[{"count":5,"href":"https:\/\/edimeinter.com\/libreria\/wp-json\/wp\/v2\/product\/17101\/revisions"}],"predecessor-version":[{"id":17123,"href":"https:\/\/edimeinter.com\/libreria\/wp-json\/wp\/v2\/product\/17101\/revisions\/17123"}],"wp:featuredmedia":[{"embeddable":true,"href":"https:\/\/edimeinter.com\/libreria\/wp-json\/wp\/v2\/media\/17102"}],"wp:attachment":[{"href":"https:\/\/edimeinter.com\/libreria\/wp-json\/wp\/v2\/media?parent=17101"}],"wp:term":[{"taxonomy":"product_cat","embeddable":true,"href":"https:\/\/edimeinter.com\/libreria\/wp-json\/wp\/v2\/product_cat?post=17101"},{"taxonomy":"product_tag","embeddable":true,"href":"https:\/\/edimeinter.com\/libreria\/wp-json\/wp\/v2\/product_tag?post=17101"}],"curies":[{"name":"wp","href":"https:\/\/api.w.org\/{rel}","templated":true}]}}