{"id":17107,"date":"2025-07-25T19:25:16","date_gmt":"2025-07-25T19:25:16","guid":{"rendered":"https:\/\/edimeinter.com\/libreria\/?post_type=product&#038;p=17107"},"modified":"2025-07-25T19:27:49","modified_gmt":"2025-07-25T19:27:49","slug":"urgencias-en-oftalmologia-5-ed","status":"publish","type":"product","link":"https:\/\/edimeinter.com\/libreria\/product\/urgencias-en-oftalmologia-5-ed\/","title":{"rendered":"Urgencias en oftalmolog\u00eda 5 ed."},"content":{"rendered":"\t\t<div data-elementor-type=\"wp-post\" data-elementor-id=\"17107\" class=\"elementor elementor-17107\">\n\t\t\t\t<div class=\"elementor-element elementor-element-2612b12 e-flex e-con-boxed e-con e-parent\" data-id=\"2612b12\" data-element_type=\"container\" data-e-type=\"container\">\n\t\t\t\t\t<div class=\"e-con-inner\">\n\t\t\n\t\t<div class=\"elementor-element elementor-element-498707ae elementor-widget elementor-widget-text-editor\" data-id=\"498707ae\" data-element_type=\"widget\" data-e-type=\"widget\" data-widget_type=\"text-editor.default\">\n\t\t\t\t<div class=\"elementor-widget-container\">\n\t\t\t\t\t\t\t\t\t<p>Completamente actualizada, la 5.\u00aa edici\u00f3n de Urgencias en oftalmolog\u00eda incorpora los \u00faltimos avances en farmacolog\u00eda oft\u00e1lmica, especialmente en lo referente a los colirios, y ampl\u00eda los enfoques diagn\u00f3sticos y terap\u00e9uticos. Se hace hincapi\u00e9 en el razonamiento cl\u00ednico, la toma de decisiones y los pasos a seguir gracias a algoritmos de consulta f\u00e1cil y r\u00e1pida. A lo largo de sucesivas ediciones, este manual se ha convertido en la herramienta esencial para ayudar tanto a los principiantes como a los profesionales experimentados en el manejo de las urgencias oftalmol\u00f3gicas.<\/p>\t\t\t\t\t\t\t\t<\/div>\n\t\t\t\t<\/div>\n\t\t\t\t\t<\/div>\n\t\t\t\t<\/div>\n\t\t\t\t<\/div>\n\t\t","protected":false},"excerpt":{"rendered":"<p><strong>Autores: <\/strong>By Eric Tuil, Rapha\u00ebl De Nicola, Florian Mann and Pierre-Olivier Barale<br \/>\n<strong>ISBN:<\/strong> 9788413828954<br \/>\n<strong>Editorial:<\/strong> elsevier<br \/>\n<strong>Edici\u00f3n:<\/strong> 5\u00aa<br \/>\n<strong>Especialidad<\/strong>: Oftalmolog\u00eda y Optometr\u00eda<br \/>\n<strong>P\u00e1ginas<\/strong>: 472<\/p>\n<p>\u00a9 2025<\/p>\n","protected":false},"featured_media":17108,"comment_status":"open","ping_status":"closed","template":"","meta":{"_joinchat":[]},"product_cat":[95],"product_tag":[239,85,96],"class_list":{"0":"post-17107","1":"product","2":"type-product","3":"status-publish","4":"has-post-thumbnail","6":"product_cat-oftalmologia-y-optometria","7":"product_tag-239","8":"product_tag-elsevier","9":"product_tag-oftalmologia-y-optometria","11":"first","12":"instock","13":"featured","14":"taxable","15":"shipping-taxable","16":"purchasable","17":"product-type-simple"},"_links":{"self":[{"href":"https:\/\/edimeinter.com\/libreria\/wp-json\/wp\/v2\/product\/17107","targetHints":{"allow":["GET"]}}],"collection":[{"href":"https:\/\/edimeinter.com\/libreria\/wp-json\/wp\/v2\/product"}],"about":[{"href":"https:\/\/edimeinter.com\/libreria\/wp-json\/wp\/v2\/types\/product"}],"replies":[{"embeddable":true,"href":"https:\/\/edimeinter.com\/libreria\/wp-json\/wp\/v2\/comments?post=17107"}],"version-history":[{"count":4,"href":"https:\/\/edimeinter.com\/libreria\/wp-json\/wp\/v2\/product\/17107\/revisions"}],"predecessor-version":[{"id":17112,"href":"https:\/\/edimeinter.com\/libreria\/wp-json\/wp\/v2\/product\/17107\/revisions\/17112"}],"wp:featuredmedia":[{"embeddable":true,"href":"https:\/\/edimeinter.com\/libreria\/wp-json\/wp\/v2\/media\/17108"}],"wp:attachment":[{"href":"https:\/\/edimeinter.com\/libreria\/wp-json\/wp\/v2\/media?parent=17107"}],"wp:term":[{"taxonomy":"product_cat","embeddable":true,"href":"https:\/\/edimeinter.com\/libreria\/wp-json\/wp\/v2\/product_cat?post=17107"},{"taxonomy":"product_tag","embeddable":true,"href":"https:\/\/edimeinter.com\/libreria\/wp-json\/wp\/v2\/product_tag?post=17107"}],"curies":[{"name":"wp","href":"https:\/\/api.w.org\/{rel}","templated":true}]}}