{"id":17113,"date":"2025-07-25T19:28:35","date_gmt":"2025-07-25T19:28:35","guid":{"rendered":"https:\/\/edimeinter.com\/libreria\/?post_type=product&#038;p=17113"},"modified":"2025-09-08T21:01:57","modified_gmt":"2025-09-08T21:01:57","slug":"diagnostico-y-tratamiento-en-ortodoncia-2-ed","status":"publish","type":"product","link":"https:\/\/edimeinter.com\/libreria\/product\/diagnostico-y-tratamiento-en-ortodoncia-2-ed\/","title":{"rendered":"Diagn\u00f3stico y tratamiento en ortodoncia 2 ed."},"content":{"rendered":"\t\t<div data-elementor-type=\"wp-post\" data-elementor-id=\"17113\" class=\"elementor elementor-17113\">\n\t\t\t\t<div class=\"elementor-element elementor-element-2612b12 e-flex e-con-boxed e-con e-parent\" data-id=\"2612b12\" data-element_type=\"container\" data-e-type=\"container\">\n\t\t\t\t\t<div class=\"e-con-inner\">\n\t\t\n\t\t<div class=\"elementor-element elementor-element-498707ae elementor-widget elementor-widget-text-editor\" data-id=\"498707ae\" data-element_type=\"widget\" data-e-type=\"widget\" data-widget_type=\"text-editor.default\">\n\t\t\t\t<div class=\"elementor-widget-container\">\n\t\t\t\t\t\t\t\t\t<p style=\"font-weight: 400\">Nueva edici\u00f3n del manual de referencia en el \u00e1rea de Ortodoncia, coordinado y dirigido por el Dr. Josep M\u00aa Ustrell\u00a0Profesor honor\u00edfico y director cient\u00edfico de la c\u00e1tedra UB-Forestadent de Ortodoncia Digital de la Universidad de Barcelona y que cuenta con un gran n\u00famero de colaboradores que confiere a la obra un car\u00e1cter multidisciplinar y\u00a0de proyecci\u00f3n internacional.<\/p><p style=\"font-weight: 400\">Comprende aspectos tanto b\u00e1sicos como avanzados en el diagn\u00f3stico y el tratamiento de las maloclusiones, siguiendo estas tres \u00e1reas de trabajo: Crecimiento y desarrollo, Diagn\u00f3stico y plan de tratamiento y Tratamiento.<\/p><p style=\"font-weight: 400\">Se han a\u00f1adido cap\u00edtulos de actualizaci\u00f3n en los ex\u00e1menes complementa\u00adrios y en el tratamiento ortod\u00f3ntico con alineadores. Complementariamente se encontrar\u00e1n dos cap\u00edtulos, al final,\u00a0dedicados al tema\u00a0de las urgencias en orto\u00addoncia ya\u00a0la deontolog\u00eda de la profesi\u00f3n.<\/p><p style=\"font-weight: 400\">Diagn\u00f3stico y tratamiento en ortodoncia, 2.\u00aa edici\u00f3n, es un texto dirigido a estudiantes de Estomatolog\u00eda y Odontolog\u00eda, especialmente a los que quieren dedicarse a la Ortodoncia<\/p><p style=\"font-weight: 400\">La nueva edici\u00f3n ofrece acceso al e-book en el que se incluye preguntas de autoevaluaci\u00f3n y casos cl\u00ednicos.<\/p>\t\t\t\t\t\t\t\t<\/div>\n\t\t\t\t<\/div>\n\t\t\t\t\t<\/div>\n\t\t\t\t<\/div>\n\t\t\t\t<\/div>\n\t\t","protected":false},"excerpt":{"rendered":"<p><strong>Autores: <\/strong>Edited by Josep Maria Ustrell Torrent<br \/>\n<strong>ISBN:<\/strong> 9788413825632<br \/>\n<strong>Editorial:<\/strong> elsevier<br \/>\n<strong>Edici\u00f3n:<\/strong> 2\u00aa<br \/>\n<strong>Especialidad<\/strong>: Odontolog\u00eda y Ortodoncia<br \/>\n<strong>P\u00e1ginas<\/strong>: 608<\/p>\n<p>\u00a9 2025<\/p>\n","protected":false},"featured_media":17114,"comment_status":"open","ping_status":"closed","template":"","meta":{"_joinchat":[]},"product_cat":[140],"product_tag":[239,85,141],"class_list":{"0":"post-17113","1":"product","2":"type-product","3":"status-publish","4":"has-post-thumbnail","6":"product_cat-odontologia-y-ortodoncia","7":"product_tag-239","8":"product_tag-elsevier","9":"product_tag-odontologia-y-ortodoncia","11":"first","12":"instock","13":"featured","14":"taxable","15":"shipping-taxable","16":"purchasable","17":"product-type-simple"},"_links":{"self":[{"href":"https:\/\/edimeinter.com\/libreria\/wp-json\/wp\/v2\/product\/17113","targetHints":{"allow":["GET"]}}],"collection":[{"href":"https:\/\/edimeinter.com\/libreria\/wp-json\/wp\/v2\/product"}],"about":[{"href":"https:\/\/edimeinter.com\/libreria\/wp-json\/wp\/v2\/types\/product"}],"replies":[{"embeddable":true,"href":"https:\/\/edimeinter.com\/libreria\/wp-json\/wp\/v2\/comments?post=17113"}],"version-history":[{"count":5,"href":"https:\/\/edimeinter.com\/libreria\/wp-json\/wp\/v2\/product\/17113\/revisions"}],"predecessor-version":[{"id":17121,"href":"https:\/\/edimeinter.com\/libreria\/wp-json\/wp\/v2\/product\/17113\/revisions\/17121"}],"wp:featuredmedia":[{"embeddable":true,"href":"https:\/\/edimeinter.com\/libreria\/wp-json\/wp\/v2\/media\/17114"}],"wp:attachment":[{"href":"https:\/\/edimeinter.com\/libreria\/wp-json\/wp\/v2\/media?parent=17113"}],"wp:term":[{"taxonomy":"product_cat","embeddable":true,"href":"https:\/\/edimeinter.com\/libreria\/wp-json\/wp\/v2\/product_cat?post=17113"},{"taxonomy":"product_tag","embeddable":true,"href":"https:\/\/edimeinter.com\/libreria\/wp-json\/wp\/v2\/product_tag?post=17113"}],"curies":[{"name":"wp","href":"https:\/\/api.w.org\/{rel}","templated":true}]}}