{"id":17171,"date":"2025-09-30T19:14:17","date_gmt":"2025-09-30T19:14:17","guid":{"rendered":"https:\/\/edimeinter.com\/libreria\/?post_type=product&#038;p=17171"},"modified":"2025-09-30T19:39:16","modified_gmt":"2025-09-30T19:39:16","slug":"pediatria-hospitalaria","status":"publish","type":"product","link":"https:\/\/edimeinter.com\/libreria\/product\/pediatria-hospitalaria\/","title":{"rendered":"Pediatr\u00eda hospitalaria"},"content":{"rendered":"\t\t<div data-elementor-type=\"wp-post\" data-elementor-id=\"17171\" class=\"elementor elementor-17171\">\n\t\t\t\t<div class=\"elementor-element elementor-element-2612b12 e-flex e-con-boxed e-con e-parent\" data-id=\"2612b12\" data-element_type=\"container\" data-e-type=\"container\">\n\t\t\t\t\t<div class=\"e-con-inner\">\n\t\t\n\t\t<div class=\"elementor-element elementor-element-498707ae elementor-widget elementor-widget-text-editor\" data-id=\"498707ae\" data-element_type=\"widget\" data-e-type=\"widget\" data-widget_type=\"text-editor.default\">\n\t\t\t\t<div class=\"elementor-widget-container\">\n\t\t\t\t\t\t\t\t\t<p style=\"font-weight: 400\">El extraordinario deber y privilegio de cuidar a los ni\u00f1os hospitalizados confiere una enorme responsabilidad que incluye proporcionar tratamientos m\u00e9dicos basados en la evidencia y asegurar que los pacientes reciban una atenci\u00f3n sanitaria de la m\u00e1s alta calidad.<br \/><b>Pediatr\u00eda hospitalaria<\/b>\u00a0es una innovadora herramienta de ense\u00f1anza en el punto de atenci\u00f3n, primera en su g\u00e9nero, que se enfoca exclusivamente en los cuidados relacionados con el creciente campo de la medicina hospitalaria pedi\u00e1trica (MHP). Este recurso pr\u00e1ctico y accesible comparte las ideas y la orientaci\u00f3n de los doctores Moises Auron, Colleen Schelzig, Sangeeta Krishna y Anika Kumar, as\u00ed como del personal docente, m\u00e9dico y de enfermer\u00eda pedi\u00e1trica, y de los residentes actuales y anteriores del prestigioso Cleveland Clinic Children\u2019s Hospital.<br \/>El contenido de gran valor y de f\u00e1cil lectura garantiza su utilidad para los pediatras que se encuentran en el punto de atenci\u00f3n y que buscan reducir las pruebas diagn\u00f3sticas y tratamientos innecesarios, as\u00ed como para los m\u00e9dicos en formaci\u00f3n que est\u00e1n revisando y estudiando para sus ex\u00e1menes.<\/p>\t\t\t\t\t\t\t\t<\/div>\n\t\t\t\t<\/div>\n\t\t\t\t\t<\/div>\n\t\t\t\t<\/div>\n\t\t\t\t<\/div>\n\t\t","protected":false},"excerpt":{"rendered":"<p><strong>Autores: <\/strong>Moises Auron , Colleen Schelzig , Sangeeta Krishna , Anika Kumar<br \/>\n<strong>ISBN:<\/strong> 9788410022805<br \/>\n<strong>Editorial:<\/strong> Wolters Kluwer<br \/>\n<strong>Edici\u00f3n:<\/strong> 1\u00aa<br \/>\n<strong>Especialidad<\/strong>: Pediatr\u00eda y Neonatolog\u00eda<br \/>\n<strong>P\u00e1ginas<\/strong>: 416<\/p>\n<p>\u00a9 2025<\/p>\n","protected":false},"featured_media":17172,"comment_status":"open","ping_status":"closed","template":"","meta":{"_joinchat":[]},"product_cat":[130],"product_tag":[239,131,92],"class_list":{"0":"post-17171","1":"product","2":"type-product","3":"status-publish","4":"has-post-thumbnail","6":"product_cat-pediatria-y-neonatologia","7":"product_tag-239","8":"product_tag-pediatria-y-neonatologia","9":"product_tag-wolters-kluwer","11":"first","12":"instock","13":"featured","14":"taxable","15":"shipping-taxable","16":"purchasable","17":"product-type-simple"},"_links":{"self":[{"href":"https:\/\/edimeinter.com\/libreria\/wp-json\/wp\/v2\/product\/17171","targetHints":{"allow":["GET"]}}],"collection":[{"href":"https:\/\/edimeinter.com\/libreria\/wp-json\/wp\/v2\/product"}],"about":[{"href":"https:\/\/edimeinter.com\/libreria\/wp-json\/wp\/v2\/types\/product"}],"replies":[{"embeddable":true,"href":"https:\/\/edimeinter.com\/libreria\/wp-json\/wp\/v2\/comments?post=17171"}],"version-history":[{"count":5,"href":"https:\/\/edimeinter.com\/libreria\/wp-json\/wp\/v2\/product\/17171\/revisions"}],"predecessor-version":[{"id":17179,"href":"https:\/\/edimeinter.com\/libreria\/wp-json\/wp\/v2\/product\/17171\/revisions\/17179"}],"wp:featuredmedia":[{"embeddable":true,"href":"https:\/\/edimeinter.com\/libreria\/wp-json\/wp\/v2\/media\/17172"}],"wp:attachment":[{"href":"https:\/\/edimeinter.com\/libreria\/wp-json\/wp\/v2\/media?parent=17171"}],"wp:term":[{"taxonomy":"product_cat","embeddable":true,"href":"https:\/\/edimeinter.com\/libreria\/wp-json\/wp\/v2\/product_cat?post=17171"},{"taxonomy":"product_tag","embeddable":true,"href":"https:\/\/edimeinter.com\/libreria\/wp-json\/wp\/v2\/product_tag?post=17171"}],"curies":[{"name":"wp","href":"https:\/\/api.w.org\/{rel}","templated":true}]}}