{"id":17177,"date":"2025-09-30T19:20:13","date_gmt":"2025-09-30T19:20:13","guid":{"rendered":"https:\/\/edimeinter.com\/libreria\/?post_type=product&#038;p=17177"},"modified":"2025-09-30T22:56:40","modified_gmt":"2025-09-30T22:56:40","slug":"manual-ilustrado-de-cirugia-toracica-del-massachusetts-general-hospital","status":"publish","type":"product","link":"https:\/\/edimeinter.com\/libreria\/product\/manual-ilustrado-de-cirugia-toracica-del-massachusetts-general-hospital\/","title":{"rendered":"Manual ilustrado de Cirug\u00eda tor\u00e1cica del Massachusetts General Hospital"},"content":{"rendered":"\t\t<div data-elementor-type=\"wp-post\" data-elementor-id=\"17177\" class=\"elementor elementor-17177\">\n\t\t\t\t<div class=\"elementor-element elementor-element-2612b12 e-flex e-con-boxed e-con e-parent\" data-id=\"2612b12\" data-element_type=\"container\" data-e-type=\"container\">\n\t\t\t\t\t<div class=\"e-con-inner\">\n\t\t\n\t\t<div class=\"elementor-element elementor-element-498707ae elementor-widget elementor-widget-text-editor\" data-id=\"498707ae\" data-element_type=\"widget\" data-e-type=\"widget\" data-widget_type=\"text-editor.default\">\n\t\t\t\t<div class=\"elementor-widget-container\">\n\t\t\t\t\t\t\t\t\t<p>Creado en el prestigioso Massachusetts General Hospital y editado por los doctores Yolonda L. Colson y Christopher R. Morse,\u00a0<b>Manual ilustrado de Cirug\u00eda tor\u00e1cica del Massachusetts General Hospital<\/b>\u00a0ofrece informaci\u00f3n sucinta y precisa de un amplio abanico de expertos sobre c\u00f3mo abordar los problemas t\u00e9cnicos de la cirug\u00eda tor\u00e1cica. El contenido pr\u00e1ctico transmite los conocimientos adquiridos tras a\u00f1os de experiencia quir\u00fargica, incluidas perlas de sabidur\u00eda exclusivas de esta instituci\u00f3n. A lo largo del libro se utilizan abundantes dibujos y fotograf\u00edas operatorias para ilustrar las t\u00e9cnicas quir\u00fargicas y proporcionar un pr\u00e1ctico complemento visual al texto.<br \/>El manual consta de 48 cap\u00edtulos divididos en cuatro secciones: Pulmones\/v\u00edas respiratorias, Mediastino\/diafragma, Es\u00f3fago y Endoscopia, en las que se comparten los principios quir\u00fargicos de manipulaci\u00f3n delicada de los tejidos con reducci\u00f3n al m\u00ednimo de la tensi\u00f3n y colocaci\u00f3n precisa de las suturas. Asimismo, se destaca de manera \u00fanica la importancia de la atenci\u00f3n al detalle y de la excelencia en los cuidados postoperatorios, esenciales para la pr\u00e1ctica, ya que pueden significar la diferencia entre el \u00e9xito y el fracaso, entre la vida y la muerte.<\/p>\t\t\t\t\t\t\t\t<\/div>\n\t\t\t\t<\/div>\n\t\t\t\t\t<\/div>\n\t\t\t\t<\/div>\n\t\t\t\t<\/div>\n\t\t","protected":false},"excerpt":{"rendered":"<p><strong>Autores: <\/strong>Yolonda Colson , Christopher Morse<br \/>\n<strong>ISBN:<\/strong> 9788410870161<br \/>\n<strong>Editorial:<\/strong> Wolters Kluwer<br \/>\n<strong>Edici\u00f3n:<\/strong> 1\u00aa<br \/>\n<strong>Especialidad<\/strong>: Cirug\u00eda<br \/>\n<strong>P\u00e1ginas<\/strong>: 432<\/p>\n<p>\u00a9 2025<\/p>\n","protected":false},"featured_media":17178,"comment_status":"open","ping_status":"closed","template":"","meta":{"_joinchat":[]},"product_cat":[175],"product_tag":[239,176,92],"class_list":{"0":"post-17177","1":"product","2":"type-product","3":"status-publish","4":"has-post-thumbnail","6":"product_cat-cirugia","7":"product_tag-239","8":"product_tag-cirugia","9":"product_tag-wolters-kluwer","11":"first","12":"instock","13":"featured","14":"taxable","15":"shipping-taxable","16":"purchasable","17":"product-type-simple"},"_links":{"self":[{"href":"https:\/\/edimeinter.com\/libreria\/wp-json\/wp\/v2\/product\/17177","targetHints":{"allow":["GET"]}}],"collection":[{"href":"https:\/\/edimeinter.com\/libreria\/wp-json\/wp\/v2\/product"}],"about":[{"href":"https:\/\/edimeinter.com\/libreria\/wp-json\/wp\/v2\/types\/product"}],"replies":[{"embeddable":true,"href":"https:\/\/edimeinter.com\/libreria\/wp-json\/wp\/v2\/comments?post=17177"}],"version-history":[{"count":5,"href":"https:\/\/edimeinter.com\/libreria\/wp-json\/wp\/v2\/product\/17177\/revisions"}],"predecessor-version":[{"id":17184,"href":"https:\/\/edimeinter.com\/libreria\/wp-json\/wp\/v2\/product\/17177\/revisions\/17184"}],"wp:featuredmedia":[{"embeddable":true,"href":"https:\/\/edimeinter.com\/libreria\/wp-json\/wp\/v2\/media\/17178"}],"wp:attachment":[{"href":"https:\/\/edimeinter.com\/libreria\/wp-json\/wp\/v2\/media?parent=17177"}],"wp:term":[{"taxonomy":"product_cat","embeddable":true,"href":"https:\/\/edimeinter.com\/libreria\/wp-json\/wp\/v2\/product_cat?post=17177"},{"taxonomy":"product_tag","embeddable":true,"href":"https:\/\/edimeinter.com\/libreria\/wp-json\/wp\/v2\/product_tag?post=17177"}],"curies":[{"name":"wp","href":"https:\/\/api.w.org\/{rel}","templated":true}]}}