{"id":17185,"date":"2025-09-30T21:58:24","date_gmt":"2025-09-30T21:58:24","guid":{"rendered":"https:\/\/edimeinter.com\/libreria\/?post_type=product&#038;p=17185"},"modified":"2025-09-30T22:03:21","modified_gmt":"2025-09-30T22:03:21","slug":"serie-rt-microbiologia-e-inmunologia-7-a-ed","status":"publish","type":"product","link":"https:\/\/edimeinter.com\/libreria\/product\/serie-rt-microbiologia-e-inmunologia-7-a-ed\/","title":{"rendered":"Serie RT. Microbiolog\u00eda e inmunolog\u00eda 7.\u00aa  ed."},"content":{"rendered":"\t\t<div data-elementor-type=\"wp-post\" data-elementor-id=\"17185\" class=\"elementor elementor-17185\">\n\t\t\t\t<div class=\"elementor-element elementor-element-2612b12 e-flex e-con-boxed e-con e-parent\" data-id=\"2612b12\" data-element_type=\"container\" data-e-type=\"container\">\n\t\t\t\t\t<div class=\"e-con-inner\">\n\t\t\n\t\t<div class=\"elementor-element elementor-element-498707ae elementor-widget elementor-widget-text-editor\" data-id=\"498707ae\" data-element_type=\"widget\" data-e-type=\"widget\" data-widget_type=\"text-editor.default\">\n\t\t\t\t<div class=\"elementor-widget-container\">\n\t\t\t\t\t\t\t\t\t<p><b>Revisi\u00f3n de temas. Microbiolog\u00eda e inmunolog\u00eda\u00a0<\/b>resume los conceptos m\u00e1s importantes de la microbiolog\u00eda y la inmunolog\u00eda para ayudar a los estudiantes de medicina y ciencias de la salud a prepararse para sus ex\u00e1menes. La 7.\u00aa edici\u00f3n ofrece una descripci\u00f3n concisa de los conceptos m\u00e1s importantes, con \u00e9nfasis en infecciones humanas y el funcionamiento del sistema inmunitario.<br \/>El libro est\u00e1 dividido en 14 cap\u00edtulos que comienzan con los conceptos b\u00e1sicos y progresan hacia el nivel de detalle necesario para superar los ex\u00e1menes. Cada grupo de microorganismos (bacterias, virus, hongos y par\u00e1sitos) cuenta con un cap\u00edtulo de fundamentos seguido del abordaje cl\u00ednico a trav\u00e9s de la revisi\u00f3n de las enfermedades infecciosas por sistemas de \u00f3rganos. Tambi\u00e9n incluye cap\u00edtulos sobre inmunolog\u00eda, trastornos inmunitarios, vacunaci\u00f3n y terap\u00e9utica viral, entre otros.<\/p>\t\t\t\t\t\t\t\t<\/div>\n\t\t\t\t<\/div>\n\t\t\t\t\t<\/div>\n\t\t\t\t<\/div>\n\t\t\t\t<\/div>\n\t\t","protected":false},"excerpt":{"rendered":"<p><strong>Autores: <\/strong>Dwayne M Baxa PhD, Tracey A. H. Taylor PhD<br \/>\n<strong>ISBN:<\/strong> 9788410870130<br \/>\n<strong>Editorial:<\/strong> Wolters Kluwer<br \/>\n<strong>Edici\u00f3n:<\/strong> 7\u00aa<br \/>\n<strong>Especialidad<\/strong>: Microbiolog\u00eda<br \/>\n<strong>P\u00e1ginas<\/strong>: 416<\/p>\n<p>\u00a9 2025<\/p>\n","protected":false},"featured_media":17186,"comment_status":"open","ping_status":"closed","template":"","meta":{"_joinchat":[]},"product_cat":[116],"product_tag":[239,117,92],"class_list":{"0":"post-17185","1":"product","2":"type-product","3":"status-publish","4":"has-post-thumbnail","6":"product_cat-microbiologia","7":"product_tag-239","8":"product_tag-microbiologia","9":"product_tag-wolters-kluwer","11":"first","12":"instock","13":"featured","14":"taxable","15":"shipping-taxable","16":"purchasable","17":"product-type-simple"},"_links":{"self":[{"href":"https:\/\/edimeinter.com\/libreria\/wp-json\/wp\/v2\/product\/17185","targetHints":{"allow":["GET"]}}],"collection":[{"href":"https:\/\/edimeinter.com\/libreria\/wp-json\/wp\/v2\/product"}],"about":[{"href":"https:\/\/edimeinter.com\/libreria\/wp-json\/wp\/v2\/types\/product"}],"replies":[{"embeddable":true,"href":"https:\/\/edimeinter.com\/libreria\/wp-json\/wp\/v2\/comments?post=17185"}],"version-history":[{"count":4,"href":"https:\/\/edimeinter.com\/libreria\/wp-json\/wp\/v2\/product\/17185\/revisions"}],"predecessor-version":[{"id":17190,"href":"https:\/\/edimeinter.com\/libreria\/wp-json\/wp\/v2\/product\/17185\/revisions\/17190"}],"wp:featuredmedia":[{"embeddable":true,"href":"https:\/\/edimeinter.com\/libreria\/wp-json\/wp\/v2\/media\/17186"}],"wp:attachment":[{"href":"https:\/\/edimeinter.com\/libreria\/wp-json\/wp\/v2\/media?parent=17185"}],"wp:term":[{"taxonomy":"product_cat","embeddable":true,"href":"https:\/\/edimeinter.com\/libreria\/wp-json\/wp\/v2\/product_cat?post=17185"},{"taxonomy":"product_tag","embeddable":true,"href":"https:\/\/edimeinter.com\/libreria\/wp-json\/wp\/v2\/product_tag?post=17185"}],"curies":[{"name":"wp","href":"https:\/\/api.w.org\/{rel}","templated":true}]}}