{"id":17191,"date":"2025-09-30T22:05:15","date_gmt":"2025-09-30T22:05:15","guid":{"rendered":"https:\/\/edimeinter.com\/libreria\/?post_type=product&#038;p=17191"},"modified":"2025-09-30T22:11:20","modified_gmt":"2025-09-30T22:11:20","slug":"cirugia-refractiva","status":"publish","type":"product","link":"https:\/\/edimeinter.com\/libreria\/product\/cirugia-refractiva\/","title":{"rendered":"Cirug\u00eda refractiva"},"content":{"rendered":"\t\t<div data-elementor-type=\"wp-post\" data-elementor-id=\"17191\" class=\"elementor elementor-17191\">\n\t\t\t\t<div class=\"elementor-element elementor-element-2612b12 e-flex e-con-boxed e-con e-parent\" data-id=\"2612b12\" data-element_type=\"container\" data-e-type=\"container\">\n\t\t\t\t\t<div class=\"e-con-inner\">\n\t\t\n\t\t<div class=\"elementor-element elementor-element-498707ae elementor-widget elementor-widget-text-editor\" data-id=\"498707ae\" data-element_type=\"widget\" data-e-type=\"widget\" data-widget_type=\"text-editor.default\">\n\t\t\t\t<div class=\"elementor-widget-container\">\n\t\t\t\t\t\t\t\t\t<p>La cirug\u00eda refractiva ha revolucionado el abordaje de los defectos de refracci\u00f3n en oftalmolog\u00eda, lo que ha permitido que millones de personas en todo el mundo se beneficien de una visi\u00f3n m\u00e1s clara y funcional sin la necesidad de lentes correctivos. Dentro de esta especialidad, la alta especialidad en c\u00f3rnea y cirug\u00eda refractiva se distingue por su dinamismo y evoluci\u00f3n constante, impulsada por los avances tecnol\u00f3gicos y una creciente comprensi\u00f3n de la biomec\u00e1nica ocular.<br \/>Con un enfoque integral, esta 1.\u00aa edici\u00f3n de\u00a0<b>Cirug\u00eda refractiva\u00a0<\/b>abarca desde la evaluaci\u00f3n preoperatoria con tecnolog\u00eda de vanguardia hasta el manejo posoperatorio y la selecci\u00f3n precisa de t\u00e9cnicas quir\u00fargicas para corregir miop\u00eda, hipermetrop\u00eda, astigmatismo y presbicia. Tambi\u00e9n incluye temas contempor\u00e1neos como la inteligencia artificial aplicada a la oftalmolog\u00eda, el tratamiento refractivo del queratocono y tratamientos refractivos personalizados, ofreciendo un panorama amplio y actualizado del campo.<br \/>Esta obra es el resultado del liderazgo del Dr. Carlos Enrique De La Torre Gonz\u00e1lez y la colaboraci\u00f3n de expertos internacionales, cuyo conocimiento y experiencia enriquecen esta herramienta indispensable para quienes buscan perfeccionar su pr\u00e1ctica cl\u00ednica y transformar la vida de sus pacientes a trav\u00e9s del conocimiento, la innovaci\u00f3n y la excelencia m\u00e9dica.<\/p>\t\t\t\t\t\t\t\t<\/div>\n\t\t\t\t<\/div>\n\t\t\t\t\t<\/div>\n\t\t\t\t<\/div>\n\t\t\t\t<\/div>\n\t\t","protected":false},"excerpt":{"rendered":"<p><strong>Autores: <\/strong>Enrique De La Torre<br \/>\n<strong>ISBN:<\/strong> 9788410022393<br \/>\n<strong>Editorial:<\/strong> Wolters Kluwer<br \/>\n<strong>Edici\u00f3n:<\/strong> 1\u00aa<br \/>\n<strong>Especialidad<\/strong>: Oftalmolog\u00eda y Optometr\u00eda<br \/>\n<strong>P\u00e1ginas<\/strong>: 560<\/p>\n<p>\u00a9 2025<\/p>\n","protected":false},"featured_media":17192,"comment_status":"open","ping_status":"closed","template":"","meta":{"_joinchat":[]},"product_cat":[95],"product_tag":[239,96,92],"class_list":{"0":"post-17191","1":"product","2":"type-product","3":"status-publish","4":"has-post-thumbnail","6":"product_cat-oftalmologia-y-optometria","7":"product_tag-239","8":"product_tag-oftalmologia-y-optometria","9":"product_tag-wolters-kluwer","11":"first","12":"instock","13":"featured","14":"taxable","15":"shipping-taxable","16":"purchasable","17":"product-type-simple"},"_links":{"self":[{"href":"https:\/\/edimeinter.com\/libreria\/wp-json\/wp\/v2\/product\/17191","targetHints":{"allow":["GET"]}}],"collection":[{"href":"https:\/\/edimeinter.com\/libreria\/wp-json\/wp\/v2\/product"}],"about":[{"href":"https:\/\/edimeinter.com\/libreria\/wp-json\/wp\/v2\/types\/product"}],"replies":[{"embeddable":true,"href":"https:\/\/edimeinter.com\/libreria\/wp-json\/wp\/v2\/comments?post=17191"}],"version-history":[{"count":4,"href":"https:\/\/edimeinter.com\/libreria\/wp-json\/wp\/v2\/product\/17191\/revisions"}],"predecessor-version":[{"id":17196,"href":"https:\/\/edimeinter.com\/libreria\/wp-json\/wp\/v2\/product\/17191\/revisions\/17196"}],"wp:featuredmedia":[{"embeddable":true,"href":"https:\/\/edimeinter.com\/libreria\/wp-json\/wp\/v2\/media\/17192"}],"wp:attachment":[{"href":"https:\/\/edimeinter.com\/libreria\/wp-json\/wp\/v2\/media?parent=17191"}],"wp:term":[{"taxonomy":"product_cat","embeddable":true,"href":"https:\/\/edimeinter.com\/libreria\/wp-json\/wp\/v2\/product_cat?post=17191"},{"taxonomy":"product_tag","embeddable":true,"href":"https:\/\/edimeinter.com\/libreria\/wp-json\/wp\/v2\/product_tag?post=17191"}],"curies":[{"name":"wp","href":"https:\/\/api.w.org\/{rel}","templated":true}]}}