{"id":17204,"date":"2025-09-30T22:33:32","date_gmt":"2025-09-30T22:33:32","guid":{"rendered":"https:\/\/edimeinter.com\/libreria\/?post_type=product&#038;p=17204"},"modified":"2025-09-30T22:40:08","modified_gmt":"2025-09-30T22:40:08","slug":"oct-y-octa-en-trastornos-de-la-retina","status":"publish","type":"product","link":"https:\/\/edimeinter.com\/libreria\/product\/oct-y-octa-en-trastornos-de-la-retina\/","title":{"rendered":"OCT y OCTA en trastornos de la retina"},"content":{"rendered":"\t\t<div data-elementor-type=\"wp-post\" data-elementor-id=\"17204\" class=\"elementor elementor-17204\">\n\t\t\t\t<div class=\"elementor-element elementor-element-2612b12 e-flex e-con-boxed e-con e-parent\" data-id=\"2612b12\" data-element_type=\"container\" data-e-type=\"container\">\n\t\t\t\t\t<div class=\"e-con-inner\">\n\t\t\n\t\t<div class=\"elementor-element elementor-element-498707ae elementor-widget elementor-widget-text-editor\" data-id=\"498707ae\" data-element_type=\"widget\" data-e-type=\"widget\" data-widget_type=\"text-editor.default\">\n\t\t\t\t<div class=\"elementor-widget-container\">\n\t\t\t\t\t\t\t\t\t<p><b>OCT y OCTA en trastornos de la retina\u00a0<\/b>es una referencia concisa y confiable para conocer e interpretar los fundamentos de aplicaci\u00f3n y los hallazgos m\u00e1s representativos de la tomograf\u00eda de coherencia \u00f3ptica (OCT) y de la angiograf\u00eda OCT (OCTA) en padecimientos frecuentes y no frecuentes de la retina y del segmento posterior del ojo. Cada uno de sus cap\u00edtulos explora las caracter\u00edsticas de pron\u00f3stico de la OCT y de las exploraciones OCTA junto con las modalidades de diagn\u00f3stico adicionales para comparaci\u00f3n y correlaci\u00f3n.<br \/>Este manual incluye una gran variedad de ejemplos de OCT y de OCTA representativos de cada etapa de enfermedad, resalta los factores de pron\u00f3stico por OCT y muestra las respuestas a la terapia cuando corresponde. Tambi\u00e9n incluye, de manera breve y digerible, una s\u00edntesis de las caracter\u00edsticas de imagen m\u00e1s recientemente descritas en cada estado de enfermedad.<\/p>\t\t\t\t\t\t\t\t<\/div>\n\t\t\t\t<\/div>\n\t\t\t\t\t<\/div>\n\t\t\t\t<\/div>\n\t\t\t\t<\/div>\n\t\t","protected":false},"excerpt":{"rendered":"<p><strong>Autores:<\/strong> Justis P. Ehlers MD<br \/>\n<strong>ISBN:<\/strong> 9788418563126<br \/>\n<strong>Editorial:<\/strong> Wolters Kluwer<br \/>\n<strong>Edici\u00f3n:<\/strong> 1\u00aa<br \/>\n<strong>Especialidad<\/strong>: Oftalmolog\u00eda y Optometr\u00eda<br \/>\n<strong>P\u00e1ginas<\/strong>: 486<\/p>\n<p>\u00a9 2021<\/p>\n","protected":false},"featured_media":17205,"comment_status":"open","ping_status":"closed","template":"","meta":{"_joinchat":[]},"product_cat":[95],"product_tag":[239,96,92],"class_list":{"0":"post-17204","1":"product","2":"type-product","3":"status-publish","4":"has-post-thumbnail","6":"product_cat-oftalmologia-y-optometria","7":"product_tag-239","8":"product_tag-oftalmologia-y-optometria","9":"product_tag-wolters-kluwer","11":"first","12":"instock","13":"featured","14":"taxable","15":"shipping-taxable","16":"purchasable","17":"product-type-simple"},"_links":{"self":[{"href":"https:\/\/edimeinter.com\/libreria\/wp-json\/wp\/v2\/product\/17204","targetHints":{"allow":["GET"]}}],"collection":[{"href":"https:\/\/edimeinter.com\/libreria\/wp-json\/wp\/v2\/product"}],"about":[{"href":"https:\/\/edimeinter.com\/libreria\/wp-json\/wp\/v2\/types\/product"}],"replies":[{"embeddable":true,"href":"https:\/\/edimeinter.com\/libreria\/wp-json\/wp\/v2\/comments?post=17204"}],"version-history":[{"count":4,"href":"https:\/\/edimeinter.com\/libreria\/wp-json\/wp\/v2\/product\/17204\/revisions"}],"predecessor-version":[{"id":17209,"href":"https:\/\/edimeinter.com\/libreria\/wp-json\/wp\/v2\/product\/17204\/revisions\/17209"}],"wp:featuredmedia":[{"embeddable":true,"href":"https:\/\/edimeinter.com\/libreria\/wp-json\/wp\/v2\/media\/17205"}],"wp:attachment":[{"href":"https:\/\/edimeinter.com\/libreria\/wp-json\/wp\/v2\/media?parent=17204"}],"wp:term":[{"taxonomy":"product_cat","embeddable":true,"href":"https:\/\/edimeinter.com\/libreria\/wp-json\/wp\/v2\/product_cat?post=17204"},{"taxonomy":"product_tag","embeddable":true,"href":"https:\/\/edimeinter.com\/libreria\/wp-json\/wp\/v2\/product_tag?post=17204"}],"curies":[{"name":"wp","href":"https:\/\/api.w.org\/{rel}","templated":true}]}}