{"id":17210,"date":"2025-09-30T22:45:17","date_gmt":"2025-09-30T22:45:17","guid":{"rendered":"https:\/\/edimeinter.com\/libreria\/?post_type=product&#038;p=17210"},"modified":"2025-09-30T22:51:50","modified_gmt":"2025-09-30T22:51:50","slug":"serie-rt-biologia-celular-e-histologia-9-a-ed","status":"publish","type":"product","link":"https:\/\/edimeinter.com\/libreria\/product\/serie-rt-biologia-celular-e-histologia-9-a-ed\/","title":{"rendered":"Serie RT. Biolog\u00eda celular e histolog\u00eda 9.\u00aa ed."},"content":{"rendered":"\t\t<div data-elementor-type=\"wp-post\" data-elementor-id=\"17210\" class=\"elementor elementor-17210\">\n\t\t\t\t<div class=\"elementor-element elementor-element-2612b12 e-flex e-con-boxed e-con e-parent\" data-id=\"2612b12\" data-element_type=\"container\" data-e-type=\"container\">\n\t\t\t\t\t<div class=\"e-con-inner\">\n\t\t\n\t\t<div class=\"elementor-element elementor-element-498707ae elementor-widget elementor-widget-text-editor\" data-id=\"498707ae\" data-element_type=\"widget\" data-e-type=\"widget\" data-widget_type=\"text-editor.default\">\n\t\t\t\t<div class=\"elementor-widget-container\">\n\t\t\t\t\t\t\t\t\t<p>La 9.\u00aa edici\u00f3n de\u00a0<b>Revisi\u00f3n de temas. Biolog\u00eda celular e histolog\u00eda\u00a0<\/b>ha sido completamente revisada y actualizada a partir de la 8.\u00aa edici\u00f3n de la exitosa serie Revisi\u00f3n de temas. En un formato conciso y sencillo, la obra aborda a la c\u00e9lula como unidad biol\u00f3gica principal, desarrolla cada uno de sus organelos y, posteriormente, ahonda en las caracter\u00edsticas de los tejidos corporales.<br \/>El libro hace hincapi\u00e9 en la relaci\u00f3n entre la estructura y la funci\u00f3n de las c\u00e9lulas y utiliza como veh\u00edculo la biolog\u00eda celular y la molecular. La obra destaca tambi\u00e9n por su gran n\u00famero de micrograf\u00edas electr\u00f3nicas y por la calidad de sus ilustraciones, que facilitan la comprensi\u00f3n y la integraci\u00f3n con la biolog\u00eda celular y de tejidos.<\/p>\t\t\t\t\t\t\t\t<\/div>\n\t\t\t\t<\/div>\n\t\t\t\t\t<\/div>\n\t\t\t\t<\/div>\n\t\t\t\t<\/div>\n\t\t","protected":false},"excerpt":{"rendered":"<p><strong>Autores:<\/strong> Leslie P. Gartner PhD, Lisa M.J. Lee PhD<br \/>\n<strong>ISBN:<\/strong> 9788410870048<br \/>\n<strong>Editorial:<\/strong> Wolters Kluwer<br \/>\n<strong>Edici\u00f3n:<\/strong> 9\u00aa<br \/>\n<strong>Especialidad<\/strong>: Biolog\u00eda<br \/>\n<strong>P\u00e1ginas<\/strong>: 464<\/p>\n<p>\u00a9 2025<\/p>\n","protected":false},"featured_media":17211,"comment_status":"open","ping_status":"closed","template":"","meta":{"_joinchat":[]},"product_cat":[205],"product_tag":[239,206,92],"class_list":{"0":"post-17210","1":"product","2":"type-product","3":"status-publish","4":"has-post-thumbnail","6":"product_cat-biologia","7":"product_tag-239","8":"product_tag-biologia","9":"product_tag-wolters-kluwer","11":"first","12":"instock","13":"featured","14":"taxable","15":"shipping-taxable","16":"purchasable","17":"product-type-simple"},"_links":{"self":[{"href":"https:\/\/edimeinter.com\/libreria\/wp-json\/wp\/v2\/product\/17210","targetHints":{"allow":["GET"]}}],"collection":[{"href":"https:\/\/edimeinter.com\/libreria\/wp-json\/wp\/v2\/product"}],"about":[{"href":"https:\/\/edimeinter.com\/libreria\/wp-json\/wp\/v2\/types\/product"}],"replies":[{"embeddable":true,"href":"https:\/\/edimeinter.com\/libreria\/wp-json\/wp\/v2\/comments?post=17210"}],"version-history":[{"count":4,"href":"https:\/\/edimeinter.com\/libreria\/wp-json\/wp\/v2\/product\/17210\/revisions"}],"predecessor-version":[{"id":17215,"href":"https:\/\/edimeinter.com\/libreria\/wp-json\/wp\/v2\/product\/17210\/revisions\/17215"}],"wp:featuredmedia":[{"embeddable":true,"href":"https:\/\/edimeinter.com\/libreria\/wp-json\/wp\/v2\/media\/17211"}],"wp:attachment":[{"href":"https:\/\/edimeinter.com\/libreria\/wp-json\/wp\/v2\/media?parent=17210"}],"wp:term":[{"taxonomy":"product_cat","embeddable":true,"href":"https:\/\/edimeinter.com\/libreria\/wp-json\/wp\/v2\/product_cat?post=17210"},{"taxonomy":"product_tag","embeddable":true,"href":"https:\/\/edimeinter.com\/libreria\/wp-json\/wp\/v2\/product_tag?post=17210"}],"curies":[{"name":"wp","href":"https:\/\/api.w.org\/{rel}","templated":true}]}}