{"id":17216,"date":"2025-09-30T22:55:43","date_gmt":"2025-09-30T22:55:43","guid":{"rendered":"https:\/\/edimeinter.com\/libreria\/?post_type=product&#038;p=17216"},"modified":"2026-01-19T23:07:13","modified_gmt":"2026-01-19T23:07:13","slug":"willard-spackman-terapia-ocupacional-14-a-ed","status":"publish","type":"product","link":"https:\/\/edimeinter.com\/libreria\/product\/willard-spackman-terapia-ocupacional-14-a-ed\/","title":{"rendered":"Willard &amp; Spackman. Terapia ocupacional 14.\u00aa ed"},"content":{"rendered":"\t\t<div data-elementor-type=\"wp-post\" data-elementor-id=\"17216\" class=\"elementor elementor-17216\">\n\t\t\t\t<div class=\"elementor-element elementor-element-2612b12 e-flex e-con-boxed e-con e-parent\" data-id=\"2612b12\" data-element_type=\"container\" data-e-type=\"container\">\n\t\t\t\t\t<div class=\"e-con-inner\">\n\t\t\n\t\t<div class=\"elementor-element elementor-element-498707ae elementor-widget elementor-widget-text-editor\" data-id=\"498707ae\" data-element_type=\"widget\" data-e-type=\"widget\" data-widget_type=\"text-editor.default\">\n\t\t\t\t<div class=\"elementor-widget-container\">\n\t\t\t\t\t\t\t\t\t<p><b>Willard &amp; Spackman. Terapia ocupacional<\/b>\u00a0es una obra fundamental para su uso desde el aula, las pr\u00e1cticas de campo y durante toda la pr\u00e1ctica profesional. Consolidada como un recurso imprescindible y un pilar fundamental para profesionales y estudiantes, ofrece una visi\u00f3n pr\u00e1ctica y completa de las muchas teor\u00edas y aspectos de la atenci\u00f3n en terapia ocupacional. Su contenido abarca una visi\u00f3n integral y actualizada, desde los fundamentos te\u00f3ricos hasta la aplicaci\u00f3n pr\u00e1ctica de estas teor\u00edas en diferentes contextos de atenci\u00f3n, con un fuerte enfoque en la atenci\u00f3n centrada en la clientela. Explora aspectos como la evaluaci\u00f3n y el tratamiento de pacientes, estrategias de intervenci\u00f3n, y los aspectos \u00e9ticos y profesionales de la terapia ocupacional. Tambi\u00e9n analiza el papel de la profesi\u00f3n en una variedad de entornos, como hospitales, escuelas, hogares tutelados y comunidades.<br \/>La 14.\u00aa edici\u00f3n presenta, por primera vez con una perspectiva mundial, un enfoque m\u00e1s realista e inclusivo de la terapia ocupacional para mejorar el desempe\u00f1o ocupacional, la participaci\u00f3n y la calidad de vida. Busca ayudar a los estudiantes y profesionales de hoy a centrarse en la b\u00fasqueda de un tratamiento justo, accesible, oportuno y avanzado, mientras identifican y eliminan las barreras que impiden la participaci\u00f3n plena.<\/p>\t\t\t\t\t\t\t\t<\/div>\n\t\t\t\t<\/div>\n\t\t\t\t\t<\/div>\n\t\t\t\t<\/div>\n\t\t\t\t<\/div>\n\t\t","protected":false},"excerpt":{"rendered":"<p><strong>Autores:<\/strong> Glen Gillen Ed.D, OTR, FAOTA, Catana Brown PhD, OTR, FAOTA<br \/>\n<strong>ISBN:<\/strong> 9788410022027<br \/>\n<strong>Editorial:<\/strong> Wolters Kluwer<br \/>\n<strong>Edici\u00f3n:<\/strong> 14\u00aa<br \/>\n<strong>Especialidad<\/strong>: Terapia Ocupacional<br \/>\n<strong>P\u00e1ginas<\/strong>: 1200<\/p>\n<p>\u00a9 2024<\/p>\n","protected":false},"featured_media":17217,"comment_status":"open","ping_status":"closed","template":"","meta":{"_joinchat":[]},"product_cat":[199],"product_tag":[239,200,92],"class_list":{"0":"post-17216","1":"product","2":"type-product","3":"status-publish","4":"has-post-thumbnail","6":"product_cat-terapia-ocupacional","7":"product_tag-239","8":"product_tag-terapia-ocupacional","9":"product_tag-wolters-kluwer","11":"first","12":"instock","13":"featured","14":"taxable","15":"shipping-taxable","16":"purchasable","17":"product-type-simple"},"_links":{"self":[{"href":"https:\/\/edimeinter.com\/libreria\/wp-json\/wp\/v2\/product\/17216","targetHints":{"allow":["GET"]}}],"collection":[{"href":"https:\/\/edimeinter.com\/libreria\/wp-json\/wp\/v2\/product"}],"about":[{"href":"https:\/\/edimeinter.com\/libreria\/wp-json\/wp\/v2\/types\/product"}],"replies":[{"embeddable":true,"href":"https:\/\/edimeinter.com\/libreria\/wp-json\/wp\/v2\/comments?post=17216"}],"version-history":[{"count":5,"href":"https:\/\/edimeinter.com\/libreria\/wp-json\/wp\/v2\/product\/17216\/revisions"}],"predecessor-version":[{"id":17441,"href":"https:\/\/edimeinter.com\/libreria\/wp-json\/wp\/v2\/product\/17216\/revisions\/17441"}],"wp:featuredmedia":[{"embeddable":true,"href":"https:\/\/edimeinter.com\/libreria\/wp-json\/wp\/v2\/media\/17217"}],"wp:attachment":[{"href":"https:\/\/edimeinter.com\/libreria\/wp-json\/wp\/v2\/media?parent=17216"}],"wp:term":[{"taxonomy":"product_cat","embeddable":true,"href":"https:\/\/edimeinter.com\/libreria\/wp-json\/wp\/v2\/product_cat?post=17216"},{"taxonomy":"product_tag","embeddable":true,"href":"https:\/\/edimeinter.com\/libreria\/wp-json\/wp\/v2\/product_tag?post=17216"}],"curies":[{"name":"wp","href":"https:\/\/api.w.org\/{rel}","templated":true}]}}