{"id":17228,"date":"2025-09-30T23:18:18","date_gmt":"2025-09-30T23:18:18","guid":{"rendered":"https:\/\/edimeinter.com\/libreria\/?post_type=product&#038;p=17228"},"modified":"2025-09-30T23:24:03","modified_gmt":"2025-09-30T23:24:03","slug":"manual-de-antibioticos-4-a-ed","status":"publish","type":"product","link":"https:\/\/edimeinter.com\/libreria\/product\/manual-de-antibioticos-4-a-ed\/","title":{"rendered":"Manual de antibi\u00f3ticos 4.\u00aa ed."},"content":{"rendered":"\t\t<div data-elementor-type=\"wp-post\" data-elementor-id=\"17228\" class=\"elementor elementor-17228\">\n\t\t\t\t<div class=\"elementor-element elementor-element-2612b12 e-flex e-con-boxed e-con e-parent\" data-id=\"2612b12\" data-element_type=\"container\" data-e-type=\"container\">\n\t\t\t\t\t<div class=\"e-con-inner\">\n\t\t\n\t\t<div class=\"elementor-element elementor-element-498707ae elementor-widget elementor-widget-text-editor\" data-id=\"498707ae\" data-element_type=\"widget\" data-e-type=\"widget\" data-widget_type=\"text-editor.default\">\n\t\t\t\t<div class=\"elementor-widget-container\">\n\t\t\t\t\t\t\t\t\t<p><b>Manual de antibi\u00f3ticos. El ABC para elegir el medicamento antibacteriano correcto<\/b>\u00a0no es una gu\u00eda de antibi\u00f3ticos solo para estudiantes de medicina, enfermer\u00eda, auxiliares m\u00e9dicos o farmac\u00f3logos, sino que tambi\u00e9n es \u00fatil para residentes y cl\u00ednicos en ejercicio. Est\u00e1 dise\u00f1ado para servir de puente entre los conocimientos bibliogr\u00e1ficos adquiridos durante las fases iniciales de la formaci\u00f3n y los h\u00e1bitos reflexivos de prescripci\u00f3n de los m\u00e9dicos experimentados. Este libro proporciona los fundamentos de la selecci\u00f3n de antibi\u00f3ticos para muchos pat\u00f3genos bacterianos comunes y presentaciones de enfermedades infecciosas con la ayuda de m\u00faltiples recursos pedag\u00f3gicos.<br \/>La 4.\u00aa edici\u00f3n se ha actualizado y ampliado para incluir los nuevos antibi\u00f3ticos disponibles en los \u00faltimos a\u00f1os. Asimismo, se han renovado las secciones para reflejar los cambios recientes en las gu\u00edas de tratamiento, como las relativas a la neumon\u00eda y la tuberculosis; tambi\u00e9n se ha a\u00f1adido la bibliograf\u00eda m\u00e1s reciente y mantiene una extensa revisi\u00f3n de casos y preguntas que refuerza el aprendizaje y la aplicaci\u00f3n cl\u00ednica.<\/p>\t\t\t\t\t\t\t\t<\/div>\n\t\t\t\t<\/div>\n\t\t\t\t\t<\/div>\n\t\t\t\t<\/div>\n\t\t\t\t<\/div>\n\t\t","protected":false},"excerpt":{"rendered":"<p><strong>Autores:<\/strong> Alan R. Hauser MD, PhD<br \/>\n<strong>ISBN:<\/strong> 9788410870512<br \/>\n<strong>Editorial:<\/strong> Wolters Kluwer<br \/>\n<strong>Edici\u00f3n:<\/strong> 4\u00aa<br \/>\n<strong>Especialidad<\/strong>: Enfermedades Infecciosas<br \/>\n<strong>P\u00e1ginas<\/strong>: 320<\/p>\n<p>\u00a9 2025<\/p>\n","protected":false},"featured_media":17229,"comment_status":"open","ping_status":"closed","template":"","meta":{"_joinchat":[]},"product_cat":[228],"product_tag":[239,229,92],"class_list":{"0":"post-17228","1":"product","2":"type-product","3":"status-publish","4":"has-post-thumbnail","6":"product_cat-enfermedades-infecciosas","7":"product_tag-239","8":"product_tag-enfermedades-infecciosas","9":"product_tag-wolters-kluwer","11":"first","12":"instock","13":"featured","14":"taxable","15":"shipping-taxable","16":"purchasable","17":"product-type-simple"},"_links":{"self":[{"href":"https:\/\/edimeinter.com\/libreria\/wp-json\/wp\/v2\/product\/17228","targetHints":{"allow":["GET"]}}],"collection":[{"href":"https:\/\/edimeinter.com\/libreria\/wp-json\/wp\/v2\/product"}],"about":[{"href":"https:\/\/edimeinter.com\/libreria\/wp-json\/wp\/v2\/types\/product"}],"replies":[{"embeddable":true,"href":"https:\/\/edimeinter.com\/libreria\/wp-json\/wp\/v2\/comments?post=17228"}],"version-history":[{"count":4,"href":"https:\/\/edimeinter.com\/libreria\/wp-json\/wp\/v2\/product\/17228\/revisions"}],"predecessor-version":[{"id":17233,"href":"https:\/\/edimeinter.com\/libreria\/wp-json\/wp\/v2\/product\/17228\/revisions\/17233"}],"wp:featuredmedia":[{"embeddable":true,"href":"https:\/\/edimeinter.com\/libreria\/wp-json\/wp\/v2\/media\/17229"}],"wp:attachment":[{"href":"https:\/\/edimeinter.com\/libreria\/wp-json\/wp\/v2\/media?parent=17228"}],"wp:term":[{"taxonomy":"product_cat","embeddable":true,"href":"https:\/\/edimeinter.com\/libreria\/wp-json\/wp\/v2\/product_cat?post=17228"},{"taxonomy":"product_tag","embeddable":true,"href":"https:\/\/edimeinter.com\/libreria\/wp-json\/wp\/v2\/product_tag?post=17228"}],"curies":[{"name":"wp","href":"https:\/\/api.w.org\/{rel}","templated":true}]}}