{"id":17234,"date":"2025-09-30T23:28:13","date_gmt":"2025-09-30T23:28:13","guid":{"rendered":"https:\/\/edimeinter.com\/libreria\/?post_type=product&#038;p=17234"},"modified":"2025-09-30T23:39:26","modified_gmt":"2025-09-30T23:39:26","slug":"fundamentos-anatomia-por-ecografia-2-a-ed","status":"publish","type":"product","link":"https:\/\/edimeinter.com\/libreria\/product\/fundamentos-anatomia-por-ecografia-2-a-ed\/","title":{"rendered":"Fundamentos. Anatom\u00eda por ecograf\u00eda 2.\u00aa ed."},"content":{"rendered":"\t\t<div data-elementor-type=\"wp-post\" data-elementor-id=\"17234\" class=\"elementor elementor-17234\">\n\t\t\t\t<div class=\"elementor-element elementor-element-2612b12 e-flex e-con-boxed e-con e-parent\" data-id=\"2612b12\" data-element_type=\"container\" data-e-type=\"container\">\n\t\t\t\t\t<div class=\"e-con-inner\">\n\t\t\n\t\t<div class=\"elementor-element elementor-element-498707ae elementor-widget elementor-widget-text-editor\" data-id=\"498707ae\" data-element_type=\"widget\" data-e-type=\"widget\" data-widget_type=\"text-editor.default\">\n\t\t\t\t<div class=\"elementor-widget-container\">\n\t\t\t\t\t\t\t\t\t<p><b>Fundamentos. Anatom\u00eda por ecograf\u00eda<\/b>\u00a0presenta una cobertura completa y pr\u00e1ctica de la anatom\u00eda usando como medio de visualizaci\u00f3n la ecograf\u00eda. La obra tiene el objetivo de proporcionar material de referencia que permita a los estudiantes llegar al laboratorio listos para empezar a practicar, as\u00ed como ofrecer una base de anatom\u00eda ecogr\u00e1fica regional accesible y lo suficientemente detallada.<br \/>Esta 2.\u00aa edici\u00f3n est\u00e1 organizada por regiones anat\u00f3micas, cada una de las cuales sigue una estructura que inicia con una visi\u00f3n general de anatom\u00eda y contin\u00faa con una secci\u00f3n sobre la t\u00e9cnica. Ambas secciones ofrecen explicaciones textuales e ilustraciones de los detalles t\u00e9cnicos y las habilidades necesarias para obtener im\u00e1genes ecogr\u00e1ficas espec\u00edficas de esa regi\u00f3n. Cada figura del libro incluye una imagen ecogr\u00e1fica etiquetada y otra sin etiquetar, una representaci\u00f3n de la textura del tejido, un dibujo que ilustra el paciente y la colocaci\u00f3n de la sonda, y un corte cadav\u00e9rico etiquetado que se corresponde con las im\u00e1genes ecogr\u00e1ficas.<\/p>\t\t\t\t\t\t\t\t<\/div>\n\t\t\t\t<\/div>\n\t\t\t\t\t<\/div>\n\t\t\t\t<\/div>\n\t\t\t\t<\/div>\n\t\t","protected":false},"excerpt":{"rendered":"<p><strong>Autores:<\/strong> Marios Loukas MD, PhD, Danny Burns MD, PhD<br \/>\n<strong>ISBN:<\/strong> 9788410870192<br \/>\n<strong>Editorial:<\/strong> Wolters Kluwer<br \/>\n<strong>Edici\u00f3n:<\/strong> 2\u00aa<br \/>\n<strong>Especialidad<\/strong>: Diagnostico por im\u00e1genes<br \/>\n<strong>P\u00e1ginas<\/strong>: 368<\/p>\n<p>\u00a9 2025<\/p>\n","protected":false},"featured_media":17235,"comment_status":"open","ping_status":"closed","template":"","meta":{"_joinchat":[]},"product_cat":[80],"product_tag":[239,81,92],"class_list":{"0":"post-17234","1":"product","2":"type-product","3":"status-publish","4":"has-post-thumbnail","6":"product_cat-diagnostico-por-imagenes","7":"product_tag-239","8":"product_tag-diagnostico-por-imagenes","9":"product_tag-wolters-kluwer","11":"first","12":"instock","13":"featured","14":"taxable","15":"shipping-taxable","16":"purchasable","17":"product-type-simple"},"_links":{"self":[{"href":"https:\/\/edimeinter.com\/libreria\/wp-json\/wp\/v2\/product\/17234","targetHints":{"allow":["GET"]}}],"collection":[{"href":"https:\/\/edimeinter.com\/libreria\/wp-json\/wp\/v2\/product"}],"about":[{"href":"https:\/\/edimeinter.com\/libreria\/wp-json\/wp\/v2\/types\/product"}],"replies":[{"embeddable":true,"href":"https:\/\/edimeinter.com\/libreria\/wp-json\/wp\/v2\/comments?post=17234"}],"version-history":[{"count":4,"href":"https:\/\/edimeinter.com\/libreria\/wp-json\/wp\/v2\/product\/17234\/revisions"}],"predecessor-version":[{"id":17239,"href":"https:\/\/edimeinter.com\/libreria\/wp-json\/wp\/v2\/product\/17234\/revisions\/17239"}],"wp:featuredmedia":[{"embeddable":true,"href":"https:\/\/edimeinter.com\/libreria\/wp-json\/wp\/v2\/media\/17235"}],"wp:attachment":[{"href":"https:\/\/edimeinter.com\/libreria\/wp-json\/wp\/v2\/media?parent=17234"}],"wp:term":[{"taxonomy":"product_cat","embeddable":true,"href":"https:\/\/edimeinter.com\/libreria\/wp-json\/wp\/v2\/product_cat?post=17234"},{"taxonomy":"product_tag","embeddable":true,"href":"https:\/\/edimeinter.com\/libreria\/wp-json\/wp\/v2\/product_tag?post=17234"}],"curies":[{"name":"wp","href":"https:\/\/api.w.org\/{rel}","templated":true}]}}