{"id":17240,"date":"2025-09-30T23:41:48","date_gmt":"2025-09-30T23:41:48","guid":{"rendered":"https:\/\/edimeinter.com\/libreria\/?post_type=product&#038;p=17240"},"modified":"2025-09-30T23:54:46","modified_gmt":"2025-09-30T23:54:46","slug":"manual-soap-para-medicina-familiar-3-a-ed","status":"publish","type":"product","link":"https:\/\/edimeinter.com\/libreria\/product\/manual-soap-para-medicina-familiar-3-a-ed\/","title":{"rendered":"Manual SOAP para medicina familiar 3.\u00aa ed."},"content":{"rendered":"\t\t<div data-elementor-type=\"wp-post\" data-elementor-id=\"17240\" class=\"elementor elementor-17240\">\n\t\t\t\t<div class=\"elementor-element elementor-element-2612b12 e-flex e-con-boxed e-con e-parent\" data-id=\"2612b12\" data-element_type=\"container\" data-e-type=\"container\">\n\t\t\t\t\t<div class=\"e-con-inner\">\n\t\t\n\t\t<div class=\"elementor-element elementor-element-498707ae elementor-widget elementor-widget-text-editor\" data-id=\"498707ae\" data-element_type=\"widget\" data-e-type=\"widget\" data-widget_type=\"text-editor.default\">\n\t\t\t\t<div class=\"elementor-widget-container\">\n\t\t\t\t\t\t\t\t\t<p><b><i>\u00a1Brilla en las guardias y pases de visita con esta referencia r\u00e1pida sobre la t\u00e9cnica SOAP y c\u00f3mo aplicarla en pacientes de diferentes especialidades o servicios!<\/i><\/b><br \/><b>Manual SOAP para Medicina familiar\u00a0<\/b>es una gu\u00eda que muestra paso a paso c\u00f3mo documentar de manera adecuada los hallazgos cl\u00ednicos en la atenci\u00f3n al paciente mediante el uso de la t\u00e9cnica SOAP (<b>S<\/b>ubjetiva,\u00a0<b>O<\/b>bjetiva,\u00a0<b>A<\/b>n\u00e1lisis y\u00a0<b>P<\/b>lan), una t\u00e9cnica para extraer, interpretar y analizar informaci\u00f3n cl\u00ednica derivada de la revisi\u00f3n del paciente, la cual aborda los problemas cl\u00ednicos m\u00e1s comunes que se encuentran en las \u00e1reas de atenci\u00f3n m\u00e9dica.<br \/>Esta 3.\u00aa edici\u00f3n presenta 90 de los problemas cl\u00ednicos m\u00e1s comunes que se encuentran en las salas y cl\u00ednicas en un dise\u00f1o de dos p\u00e1ginas, f\u00e1cil de leer y utilizando el conocido formato de nota \u201cSOAP\u201d, que ayuda a los estudiantes a perfeccionar las habilidades de razonamiento cl\u00ednico y documentaci\u00f3n necesarias para una pr\u00e1ctica eficaz en medicina interna, pediatr\u00eda, obstetricia y ginecolog\u00eda, dermatolog\u00eda, ortopedia y psiquiatr\u00eda. Hace hincapi\u00e9 en el problema cl\u00ednico del paciente, no en el diagn\u00f3stico, por lo que esta referencia r\u00e1pida ense\u00f1a tanto razonamiento cl\u00ednico como habilidades de documentaci\u00f3n. Es un recurso ideal para estudiantes de medicina, asistentes m\u00e9dicos y enfermeros practicantes durante la rotaci\u00f3n en medicina familiar.<\/p>\t\t\t\t\t\t\t\t<\/div>\n\t\t\t\t<\/div>\n\t\t\t\t\t<\/div>\n\t\t\t\t<\/div>\n\t\t\t\t<\/div>\n\t\t","protected":false},"excerpt":{"rendered":"<p><strong>Autores:<\/strong> Daniel Maldonado , Cynthia Zuniga M.D.<br \/>\n<strong>ISBN:<\/strong> 9788410022522<br \/>\n<strong>Editorial:<\/strong> Wolters Kluwer<br \/>\n<strong>Edici\u00f3n:<\/strong> 3\u00aa<br \/>\n<strong>Especialidad<\/strong>: Medicina Familiar y Comunitaria<br \/>\n<strong>P\u00e1ginas<\/strong>: 224<\/p>\n<p>\u00a9 2025<\/p>\n","protected":false},"featured_media":17241,"comment_status":"open","ping_status":"closed","template":"","meta":{"_joinchat":[]},"product_cat":[138],"product_tag":[239,139,92],"class_list":{"0":"post-17240","1":"product","2":"type-product","3":"status-publish","4":"has-post-thumbnail","6":"product_cat-medicina-familiar-y-comunitaria","7":"product_tag-239","8":"product_tag-medicina-familiar-y-comunitaria","9":"product_tag-wolters-kluwer","11":"first","12":"instock","13":"featured","14":"taxable","15":"shipping-taxable","16":"purchasable","17":"product-type-simple"},"_links":{"self":[{"href":"https:\/\/edimeinter.com\/libreria\/wp-json\/wp\/v2\/product\/17240","targetHints":{"allow":["GET"]}}],"collection":[{"href":"https:\/\/edimeinter.com\/libreria\/wp-json\/wp\/v2\/product"}],"about":[{"href":"https:\/\/edimeinter.com\/libreria\/wp-json\/wp\/v2\/types\/product"}],"replies":[{"embeddable":true,"href":"https:\/\/edimeinter.com\/libreria\/wp-json\/wp\/v2\/comments?post=17240"}],"version-history":[{"count":5,"href":"https:\/\/edimeinter.com\/libreria\/wp-json\/wp\/v2\/product\/17240\/revisions"}],"predecessor-version":[{"id":17252,"href":"https:\/\/edimeinter.com\/libreria\/wp-json\/wp\/v2\/product\/17240\/revisions\/17252"}],"wp:featuredmedia":[{"embeddable":true,"href":"https:\/\/edimeinter.com\/libreria\/wp-json\/wp\/v2\/media\/17241"}],"wp:attachment":[{"href":"https:\/\/edimeinter.com\/libreria\/wp-json\/wp\/v2\/media?parent=17240"}],"wp:term":[{"taxonomy":"product_cat","embeddable":true,"href":"https:\/\/edimeinter.com\/libreria\/wp-json\/wp\/v2\/product_cat?post=17240"},{"taxonomy":"product_tag","embeddable":true,"href":"https:\/\/edimeinter.com\/libreria\/wp-json\/wp\/v2\/product_tag?post=17240"}],"curies":[{"name":"wp","href":"https:\/\/api.w.org\/{rel}","templated":true}]}}