{"id":17246,"date":"2025-09-30T23:51:08","date_gmt":"2025-09-30T23:51:08","guid":{"rendered":"https:\/\/edimeinter.com\/libreria\/?post_type=product&#038;p=17246"},"modified":"2025-09-30T23:54:24","modified_gmt":"2025-09-30T23:54:24","slug":"medicina-interna-enfoque-basado-en-problemas-2-a-ed","status":"publish","type":"product","link":"https:\/\/edimeinter.com\/libreria\/product\/medicina-interna-enfoque-basado-en-problemas-2-a-ed\/","title":{"rendered":"Medicina Interna. Enfoque basado en problemas 2.\u00aa ed."},"content":{"rendered":"\t\t<div data-elementor-type=\"wp-post\" data-elementor-id=\"17246\" class=\"elementor elementor-17246\">\n\t\t\t\t<div class=\"elementor-element elementor-element-2612b12 e-flex e-con-boxed e-con e-parent\" data-id=\"2612b12\" data-element_type=\"container\" data-e-type=\"container\">\n\t\t\t\t\t<div class=\"e-con-inner\">\n\t\t\n\t\t<div class=\"elementor-element elementor-element-498707ae elementor-widget elementor-widget-text-editor\" data-id=\"498707ae\" data-element_type=\"widget\" data-e-type=\"widget\" data-widget_type=\"text-editor.default\">\n\t\t\t\t<div class=\"elementor-widget-container\">\n\t\t\t\t\t\t\t\t\t<p>Con un enfoque innovador y sistem\u00e1tico para comprender el diagn\u00f3stico diferencial, la 2.\u00aa edici\u00f3n de\u00a0<b>Medicina interna. Enfoque basado en problemas\u00a0<\/b>de Andre M. Mansoor forma a estudiantes y residentes para que piensen como cl\u00ednicos y dominen la metodolog\u00eda que hay detr\u00e1s del diagn\u00f3stico de las afecciones m\u00e1s frecuentes en medicina interna. Es un recurso altamente visual, significativamente actualizado y mejorado que utiliza un formato basado en casos con preguntas y respuestas para construir marcos que gu\u00edan a los estudiantes a trav\u00e9s de cada paso del proceso de diagn\u00f3stico diferencial. Estos marcos \u00fanicos no solo equipan a los estudiantes para el \u00e9xito durante las pr\u00e1cticas, rotaciones y residencias de medicina interna, sino que tambi\u00e9n ayudan a garantizar diagn\u00f3sticos diferenciales m\u00e1s seguros en entornos cl\u00ednicos.<br \/>El contenido comienza con una breve explicaci\u00f3n sobre la mejor manera de utilizar el libro tanto para estudiantes como para educadores, contin\u00faa con una secci\u00f3n sobre la introducci\u00f3n al sistema de enfoque basado en problemas, se sigue de un abordaje de las afecciones m\u00e1s comunes distribuidas en 58 cap\u00edtulos, y finaliza con un pr\u00e1ctico ap\u00e9ndice con una breve historia de la ense\u00f1anza de la medicina y las clases magistrales.<\/p>\t\t\t\t\t\t\t\t<\/div>\n\t\t\t\t<\/div>\n\t\t\t\t\t<\/div>\n\t\t\t\t<\/div>\n\t\t\t\t<\/div>\n\t\t","protected":false},"excerpt":{"rendered":"<p><strong>Autores:<\/strong> Andre Mansoor<br \/>\n<strong>ISBN:<\/strong> 9788410022904<br \/>\n<strong>Editorial:<\/strong> Wolters Kluwer<br \/>\n<strong>Edici\u00f3n:<\/strong> 2\u00aa<br \/>\n<strong>Especialidad<\/strong>: Medicina Interna<br \/>\n<strong>P\u00e1ginas<\/strong>: 880<\/p>\n<p>\u00a9 2025<\/p>\n","protected":false},"featured_media":17247,"comment_status":"open","ping_status":"closed","template":"","meta":{"_joinchat":[]},"product_cat":[150],"product_tag":[239,151,92],"class_list":{"0":"post-17246","1":"product","2":"type-product","3":"status-publish","4":"has-post-thumbnail","6":"product_cat-medicina-interna","7":"product_tag-239","8":"product_tag-medicina-interna","9":"product_tag-wolters-kluwer","11":"first","12":"instock","13":"featured","14":"taxable","15":"shipping-taxable","16":"purchasable","17":"product-type-simple"},"_links":{"self":[{"href":"https:\/\/edimeinter.com\/libreria\/wp-json\/wp\/v2\/product\/17246","targetHints":{"allow":["GET"]}}],"collection":[{"href":"https:\/\/edimeinter.com\/libreria\/wp-json\/wp\/v2\/product"}],"about":[{"href":"https:\/\/edimeinter.com\/libreria\/wp-json\/wp\/v2\/types\/product"}],"replies":[{"embeddable":true,"href":"https:\/\/edimeinter.com\/libreria\/wp-json\/wp\/v2\/comments?post=17246"}],"version-history":[{"count":4,"href":"https:\/\/edimeinter.com\/libreria\/wp-json\/wp\/v2\/product\/17246\/revisions"}],"predecessor-version":[{"id":17251,"href":"https:\/\/edimeinter.com\/libreria\/wp-json\/wp\/v2\/product\/17246\/revisions\/17251"}],"wp:featuredmedia":[{"embeddable":true,"href":"https:\/\/edimeinter.com\/libreria\/wp-json\/wp\/v2\/media\/17247"}],"wp:attachment":[{"href":"https:\/\/edimeinter.com\/libreria\/wp-json\/wp\/v2\/media?parent=17246"}],"wp:term":[{"taxonomy":"product_cat","embeddable":true,"href":"https:\/\/edimeinter.com\/libreria\/wp-json\/wp\/v2\/product_cat?post=17246"},{"taxonomy":"product_tag","embeddable":true,"href":"https:\/\/edimeinter.com\/libreria\/wp-json\/wp\/v2\/product_tag?post=17246"}],"curies":[{"name":"wp","href":"https:\/\/api.w.org\/{rel}","templated":true}]}}