{"id":17253,"date":"2025-09-30T23:58:15","date_gmt":"2025-09-30T23:58:15","guid":{"rendered":"https:\/\/edimeinter.com\/libreria\/?post_type=product&#038;p=17253"},"modified":"2026-04-20T18:23:53","modified_gmt":"2026-04-20T18:23:53","slug":"marino-el-libro-de-la-uci-5-a-ed","status":"publish","type":"product","link":"https:\/\/edimeinter.com\/libreria\/product\/marino-el-libro-de-la-uci-5-a-ed\/","title":{"rendered":"Marino. El libro de la UCI 5.\u00aa ed."},"content":{"rendered":"\t\t<div data-elementor-type=\"wp-post\" data-elementor-id=\"17253\" class=\"elementor elementor-17253\">\n\t\t\t\t<div class=\"elementor-element elementor-element-2612b12 e-flex e-con-boxed e-con e-parent\" data-id=\"2612b12\" data-element_type=\"container\" data-e-type=\"container\">\n\t\t\t\t\t<div class=\"e-con-inner\">\n\t\t\n\t\t<div class=\"elementor-element elementor-element-498707ae elementor-widget elementor-widget-text-editor\" data-id=\"498707ae\" data-element_type=\"widget\" data-e-type=\"widget\" data-widget_type=\"text-editor.default\">\n\t\t\t\t<div class=\"elementor-widget-container\">\n\t\t\t\t\t\t\t\t\t<p><b>Marino. El libro de la UCI\u00a0<\/b>celebra sus 33 a\u00f1os como uno de los recursos m\u00e1s importantes para la atenci\u00f3n de pacientes adultos en estado cr\u00edtico. La presente 5.\u00aa edici\u00f3n se mantiene firme en su prop\u00f3sito original: ofrecer una obra de texto que se enfoca en los conceptos y las pr\u00e1cticas m\u00e1s importantes, esenciales y \u00fatiles en cualquier unidad de cuidados intensivos (UCI), sin importar la especialidad o el enfoque de la unidad. La presentaci\u00f3n del contenido en un formato conciso y f\u00e1cil de entender ha sido siempre una prioridad y una de las caracter\u00edsticas m\u00e1s apreciadas en ediciones anteriores. Estudiantes de medicina, m\u00e9dicos internos y residentes en medicina del paciente en estado cr\u00edtico, medicina interna, anestesia y cirug\u00eda, adem\u00e1s del personal m\u00e9dico y de enfermer\u00eda de las UCI, encontrar\u00e1n gran utilidad y valor en esta obra.<br \/>En esta nueva edici\u00f3n, el Dr. Marino ha actualizado los contenidos de forma exhaustiva con el fin de ofrecer al lector la informaci\u00f3n m\u00e1s actualizada y con mayor utilidad. El enfoque y la experiencia del autor ayudan a perfeccionar la t\u00e9cnica, reducir al m\u00ednimo los errores y mejorar los resultados obtenidos en la atenci\u00f3n al paciente cr\u00edtico. Adem\u00e1s, su abordaje basado en problemas ayuda a desarrollar el pensamiento cr\u00edtico y a reproducir los procesos de toma de decisiones en la siempre din\u00e1mica UCI.<\/p>\t\t\t\t\t\t\t\t<\/div>\n\t\t\t\t<\/div>\n\t\t\t\t\t<\/div>\n\t\t\t\t<\/div>\n\t\t\t\t<\/div>\n\t\t","protected":false},"excerpt":{"rendered":"<p><strong>Autores:<\/strong> Paul L. Marino MD, PhD,FCCM<br \/>\n<strong>ISBN:<\/strong> 9788410870338<br \/>\n<strong>Editorial:<\/strong> Wolters Kluwer<br \/>\n<strong>Edici\u00f3n:<\/strong> 5\u00aa<br \/>\n<strong>Especialidad<\/strong>: Cuidados Intensivos<br \/>\n<strong>P\u00e1ginas<\/strong>: 864<\/p>\n<p>\u00a9 2025<\/p>\n","protected":false},"featured_media":17254,"comment_status":"open","ping_status":"closed","template":"","meta":{"_joinchat":[]},"product_cat":[179],"product_tag":[239,180,92],"class_list":{"0":"post-17253","1":"product","2":"type-product","3":"status-publish","4":"has-post-thumbnail","6":"product_cat-cuidados-intensivos","7":"product_tag-239","8":"product_tag-cuidados-intensivos","9":"product_tag-wolters-kluwer","11":"first","12":"instock","13":"featured","14":"taxable","15":"shipping-taxable","16":"purchasable","17":"product-type-simple"},"_links":{"self":[{"href":"https:\/\/edimeinter.com\/libreria\/wp-json\/wp\/v2\/product\/17253","targetHints":{"allow":["GET"]}}],"collection":[{"href":"https:\/\/edimeinter.com\/libreria\/wp-json\/wp\/v2\/product"}],"about":[{"href":"https:\/\/edimeinter.com\/libreria\/wp-json\/wp\/v2\/types\/product"}],"replies":[{"embeddable":true,"href":"https:\/\/edimeinter.com\/libreria\/wp-json\/wp\/v2\/comments?post=17253"}],"version-history":[{"count":5,"href":"https:\/\/edimeinter.com\/libreria\/wp-json\/wp\/v2\/product\/17253\/revisions"}],"predecessor-version":[{"id":17428,"href":"https:\/\/edimeinter.com\/libreria\/wp-json\/wp\/v2\/product\/17253\/revisions\/17428"}],"wp:featuredmedia":[{"embeddable":true,"href":"https:\/\/edimeinter.com\/libreria\/wp-json\/wp\/v2\/media\/17254"}],"wp:attachment":[{"href":"https:\/\/edimeinter.com\/libreria\/wp-json\/wp\/v2\/media?parent=17253"}],"wp:term":[{"taxonomy":"product_cat","embeddable":true,"href":"https:\/\/edimeinter.com\/libreria\/wp-json\/wp\/v2\/product_cat?post=17253"},{"taxonomy":"product_tag","embeddable":true,"href":"https:\/\/edimeinter.com\/libreria\/wp-json\/wp\/v2\/product_tag?post=17253"}],"curies":[{"name":"wp","href":"https:\/\/api.w.org\/{rel}","templated":true}]}}