{"id":17259,"date":"2025-10-01T00:05:11","date_gmt":"2025-10-01T00:05:11","guid":{"rendered":"https:\/\/edimeinter.com\/libreria\/?post_type=product&#038;p=17259"},"modified":"2026-01-19T16:43:55","modified_gmt":"2026-01-19T16:43:55","slug":"moore-flashcards-de-anatomia-con-orientacion-clinica-1-a-ed","status":"publish","type":"product","link":"https:\/\/edimeinter.com\/libreria\/product\/moore-flashcards-de-anatomia-con-orientacion-clinica-1-a-ed\/","title":{"rendered":"Moore. Flashcards de Anatom\u00eda con orientaci\u00f3n cl\u00ednica 1.\u00aa ed."},"content":{"rendered":"\t\t<div data-elementor-type=\"wp-post\" data-elementor-id=\"17259\" class=\"elementor elementor-17259\">\n\t\t\t\t<div class=\"elementor-element elementor-element-2612b12 e-flex e-con-boxed e-con e-parent\" data-id=\"2612b12\" data-element_type=\"container\" data-e-type=\"container\">\n\t\t\t\t\t<div class=\"e-con-inner\">\n\t\t\n\t\t<div class=\"elementor-element elementor-element-498707ae elementor-widget elementor-widget-text-editor\" data-id=\"498707ae\" data-element_type=\"widget\" data-e-type=\"widget\" data-widget_type=\"text-editor.default\">\n\t\t\t\t<div class=\"elementor-widget-container\">\n\t\t\t\t\t\t\t\t\t<p><b>Moore. Flashcards de Anatom\u00eda con orientaci\u00f3n cl\u00ednica<\/b>\u00a0es un conjunto de m\u00e1s de 400 tarjetas con ilustraciones anat\u00f3micas y herramientas de aprendizaje basadas en los conceptos e im\u00e1genes presentes en la obra m\u00e1s importante de anatom\u00eda para las ciencias de la salud en la actualidad:\u00a0<i>Moore. Anatom\u00eda con orientaci\u00f3n cl\u00ednica<\/i>, 9.\u00aa edici\u00f3n. Las flashcards de Moore son una valiosa, conveniente y port\u00e1til herramienta para preparar ex\u00e1menes, repasar antes de las clases y dominar la anatom\u00eda de una manera entretenida y accesible.<\/p>\t\t\t\t\t\t\t\t<\/div>\n\t\t\t\t<\/div>\n\t\t\t\t\t<\/div>\n\t\t\t\t<\/div>\n\t\t\t\t<\/div>\n\t\t","protected":false},"excerpt":{"rendered":"<p><strong>Autores:<\/strong> WOLTERS KLUWER HEALTH (LWW)<br \/>\n<strong>ISBN:<\/strong> 9788410022201<br \/>\n<strong>Editorial:<\/strong> Wolters Kluwer<br \/>\n<strong>Edici\u00f3n:<\/strong> 1\u00aa<br \/>\n<strong>Especialidad<\/strong>: Anatom\u00eda<br \/>\n<strong>P\u00e1ginas<\/strong>: 400<\/p>\n<p>\u00a9 2025<\/p>\n","protected":false},"featured_media":17260,"comment_status":"open","ping_status":"closed","template":"","meta":{"_joinchat":[]},"product_cat":[100],"product_tag":[239,101,92],"class_list":{"0":"post-17259","1":"product","2":"type-product","3":"status-publish","4":"has-post-thumbnail","6":"product_cat-anatomia","7":"product_tag-239","8":"product_tag-anatomia","9":"product_tag-wolters-kluwer","11":"first","12":"instock","13":"featured","14":"taxable","15":"shipping-taxable","16":"purchasable","17":"product-type-simple"},"_links":{"self":[{"href":"https:\/\/edimeinter.com\/libreria\/wp-json\/wp\/v2\/product\/17259","targetHints":{"allow":["GET"]}}],"collection":[{"href":"https:\/\/edimeinter.com\/libreria\/wp-json\/wp\/v2\/product"}],"about":[{"href":"https:\/\/edimeinter.com\/libreria\/wp-json\/wp\/v2\/types\/product"}],"replies":[{"embeddable":true,"href":"https:\/\/edimeinter.com\/libreria\/wp-json\/wp\/v2\/comments?post=17259"}],"version-history":[{"count":5,"href":"https:\/\/edimeinter.com\/libreria\/wp-json\/wp\/v2\/product\/17259\/revisions"}],"predecessor-version":[{"id":17815,"href":"https:\/\/edimeinter.com\/libreria\/wp-json\/wp\/v2\/product\/17259\/revisions\/17815"}],"wp:featuredmedia":[{"embeddable":true,"href":"https:\/\/edimeinter.com\/libreria\/wp-json\/wp\/v2\/media\/17260"}],"wp:attachment":[{"href":"https:\/\/edimeinter.com\/libreria\/wp-json\/wp\/v2\/media?parent=17259"}],"wp:term":[{"taxonomy":"product_cat","embeddable":true,"href":"https:\/\/edimeinter.com\/libreria\/wp-json\/wp\/v2\/product_cat?post=17259"},{"taxonomy":"product_tag","embeddable":true,"href":"https:\/\/edimeinter.com\/libreria\/wp-json\/wp\/v2\/product_tag?post=17259"}],"curies":[{"name":"wp","href":"https:\/\/api.w.org\/{rel}","templated":true}]}}